{"id":2677,"date":"2021-10-22T11:39:41","date_gmt":"2021-10-22T14:39:41","guid":{"rendered":"https:\/\/wamclog.com.br\/portal-rh\/"},"modified":"2022-04-13T18:34:00","modified_gmt":"2022-04-13T21:34:00","slug":"hr-portal","status":"publish","type":"page","link":"https:\/\/wamclog.com.br\/en\/hr-portal\/","title":{"rendered":"HR Portal"},"content":{"rendered":"<div class=\"wpb-content-wrapper\">[vc_row thb_full_width=&#8221;true&#8221; css=&#8221;.vc_custom_1635187106819{padding-top: 9vh !important;padding-bottom: 8vh !important;background-color: #e8f1f7 !important;}&#8221; thb_divider_color=&#8221;#09195d&#8221; thb_divider_height=&#8221;300px&#8221; el_class=&#8221;align-center&#8221;][vc_column width=&#8221;1\/2&#8243;]\t<div id=\"thb-slidetype-69e5cab7dba0e\" class=\"thb-slidetype \" data-style=\"style1\">\n\t\t\n<h3><span class=\"thb-slidetype-entry\"><span class=\"lines\">Be part of our team!<\/span><\/span><\/h3>\n\t\t\t\t<style>\n\t\t\t#thb-slidetype-69e5cab7dba0e .thb-slidetype-entry {\n\t\t\t\tcolor: #09195d;\n\t\t\t}\n\t\t<\/style>\n\t\t\t<\/div>\n\n\t[vc_column_text animation=&#8221;animation left-to-right&#8221;]Before connecting borders, we connect people.<br \/>\nThat&#8217;s why WAMC Log is constantly investing in training and qualification that cherish the team and keep it motivated! Register your CV and join the WAMC Log team![\/vc_column_text][vc_separator color=&#8221;custom&#8221; align=&#8221;align_left&#8221; border_width=&#8221;6&#8243; el_width=&#8221;30&#8243; css_animation=&#8221;fadeInLeft&#8221; accent_color=&#8221;#00aeef&#8221;][\/vc_column][\/vc_row][vc_row css=&#8221;.vc_custom_1639603419386{padding-top: 6vh !important;padding-bottom: 12vh !important;}&#8221;][vc_column width=&#8221;1\/4&#8243;][\/vc_column][vc_column width=&#8221;1\/2&#8243;]\t<div id=\"thb-slidetype-69e5cab7dbac0\" class=\"thb-slidetype \" data-style=\"style1\">\n\t\t\n<h3><span class=\"thb-slidetype-entry\"><span class=\"lines\">Take part in the Selection Process<\/span><\/span><\/h3>\n\t\t\t\t<style>\n\t\t\t#thb-slidetype-69e5cab7dbac0 .thb-slidetype-entry {\n\t\t\t\tcolor: #09195d;\n\t\t\t}\n\t\t<\/style>\n\t\t\t<\/div>\n\n\t[vc_separator color=&#8221;custom&#8221; align=&#8221;align_left&#8221; border_width=&#8221;6&#8243; el_width=&#8221;30&#8243; css_animation=&#8221;fadeInLeft&#8221; accent_color=&#8221;#00aeef&#8221;][vc_column_text animation=&#8221;animation left-to-right&#8221;]<div class=\"frm_forms  with_frm_style frm_style_formidable-style\" id=\"frm_form_7_container\" data-token=\"2241c0686022a6d4def33ae63d67a846\">\n<form enctype=\"multipart\/form-data\" method=\"post\" class=\"frm-show-form  frm_pro_form \" id=\"form_processoseletivoen\" data-token=\"2241c0686022a6d4def33ae63d67a846\">\n<div class=\"frm_form_fields \">\n<fieldset>\n<legend class=\"frm_screen_reader\">Selection Process<\/legend>\r\n\r\n<div class=\"frm_fields_container\">\n<input type=\"hidden\" name=\"frm_action\" value=\"create\" \/>\n<input type=\"hidden\" name=\"form_id\" value=\"7\" \/>\n<input type=\"hidden\" name=\"frm_hide_fields_7\" id=\"frm_hide_fields_7\" value=\"\" \/>\n<input type=\"hidden\" name=\"form_key\" value=\"processoseletivoen\" \/>\n<input type=\"hidden\" name=\"item_meta[0]\" value=\"\" \/>\n<input type=\"hidden\" id=\"frm_submit_entry_7\" name=\"frm_submit_entry_7\" value=\"f8e68c67fd\" \/><input type=\"hidden\" name=\"_wp_http_referer\" value=\"\/en\/wp-json\/wp\/v2\/pages\/2677\" \/><div id=\"frm_field_92_container\" class=\"frm_form_field form-field  frm_required_field frm_top_container frm12\">\r\n    <label for=\"field_53fpc2\" id=\"field_53fpc2_label\" class=\"frm_primary_label\">Full Name\r\n        <span class=\"frm_required\" aria-hidden=\"true\">*<\/span>\r\n    <\/label>\r\n    <input type=\"text\" id=\"field_53fpc2\" name=\"item_meta[92]\" value=\"\"  data-reqmsg=\"Este campo \u00e9 obrigat\u00f3rio.\" aria-required=\"true\" data-invmsg=\"Text is invalid\" aria-invalid=\"false\"  \/>\r\n    \r\n    \r\n<\/div>\n<div id=\"frm_field_93_container\" class=\"frm_form_field form-field  frm_required_field frm_top_container frm12\">\r\n    <label for=\"field_da4zr2\" id=\"field_da4zr2_label\" class=\"frm_primary_label\">E-mail\r\n        <span class=\"frm_required\" aria-hidden=\"true\">*<\/span>\r\n    <\/label>\r\n    <input type=\"email\" id=\"field_da4zr2\" name=\"item_meta[93]\" value=\"\"  data-reqmsg=\"Este campo \u00e9 obrigat\u00f3rio.\" aria-required=\"true\" data-invmsg=\"Email is invalid\" aria-invalid=\"false\"  \/>\r\n    \r\n    \r\n<\/div>\n<div id=\"frm_field_94_container\" class=\"frm_form_field form-field  frm_required_field frm_top_container frm_first frm_half\">\r\n    <label for=\"field_gddxn2\" id=\"field_gddxn2_label\" class=\"frm_primary_label\">Telephone Number \r\n        <span class=\"frm_required\" aria-hidden=\"true\">*<\/span>\r\n    <\/label>\r\n    <input type=\"text\" id=\"field_gddxn2\" name=\"item_meta[94]\" value=\"\"  data-frmmask=\"(99)9999-9999?9\" data-reqmsg=\"Este campo \u00e9 obrigat\u00f3rio.\" aria-required=\"true\" data-invmsg=\"Text is invalid\" aria-invalid=\"false\" pattern=\"\\(\\d\\d\\)\\d\\d\\d\\d-\\d\\d\\d\\d(\\d)?$\"  \/>\r\n    \r\n    \r\n<\/div>\n<div id=\"frm_field_95_container\" class=\"frm_form_field form-field  frm_required_field frm_top_container frm_half\">\r\n    <label for=\"field_xl68a2\" id=\"field_xl68a2_label\" class=\"frm_primary_label\">Social Security number \r\n        <span class=\"frm_required\" aria-hidden=\"true\">*<\/span>\r\n    <\/label>\r\n    <input type=\"text\" id=\"field_xl68a2\" name=\"item_meta[95]\" value=\"\"  data-frmmask=\"(99)9999-9999?9\" data-reqmsg=\"Este campo \u00e9 obrigat\u00f3rio.\" aria-required=\"true\" data-invmsg=\"Text is invalid\" aria-invalid=\"false\" pattern=\"\\(\\d\\d\\)\\d\\d\\d\\d-\\d\\d\\d\\d(\\d)?$\"  \/>\r\n    \r\n    \r\n<\/div>\n<div id=\"frm_field_96_container\" class=\"frm_form_field form-field  frm_required_field frm_top_container\">\r\n    <label for=\"field_u248y2\" id=\"field_u248y2_label\" class=\"frm_primary_label\">Position applying for \r\n        <span class=\"frm_required\" aria-hidden=\"true\">*<\/span>\r\n    <\/label>\r\n    <input type=\"text\" id=\"field_u248y2\" name=\"item_meta[96]\" value=\"\"  data-reqmsg=\"Este campo \u00e9 obrigat\u00f3rio.\" aria-required=\"true\" data-invmsg=\"Text is invalid\" aria-invalid=\"false\"  \/>\r\n    \r\n    \r\n<\/div>\n<div id=\"frm_field_97_container\" class=\"frm_form_field form-field  frm_required_field frm_top_container frm12\">\r\n    <label for=\"field_d8okr2\" id=\"field_d8okr2_label\" class=\"frm_primary_label\">Upload your CV! \r\n        <span class=\"frm_required\" aria-hidden=\"true\">*<\/span>\r\n    <\/label>\r\n    <input type=\"hidden\"  data-reqmsg=\"Este campo \u00e9 obrigat\u00f3rio.\" data-invmsg=\"File Upload is invalid\" class=\"auto_width\" aria-invalid=\"false\"   name=\"item_meta[97]\"  data-reqmsg=\"Este campo \u00e9 obrigat\u00f3rio.\"  value=\"\" data-frmfile=\"97\" \/>\n\n<div class=\"frm_dropzone frm_single_upload frm_clearfix\" id=\"file97_dropzone\" role=\"group\"  aria-describedby=\"frm_desc_field_d8okr2\">\n\t<div class=\"fallback\">\n\t\t<input type=\"file\" name=\"file97\" id=\"field_d8okr2\"\n\t\t\t data-reqmsg=\"Este campo \u00e9 obrigat\u00f3rio.\" data-invmsg=\"File Upload is invalid\" class=\"auto_width\" aria-invalid=\"false\"  \t\t\t\/>\n\t\t\t\t<div class=\"frm_clearfix \"><\/div>\n\t<\/div>\n\t<div class=\"dz-message needsclick\">\n\t\t\t\t<svg  viewBox=\"0 0 18 18\" class=\"frmsvg frm-svg-icon\">\n\t<path viewBox=\"0 0 18 18\" fill-rule=\"evenodd\" clip-rule=\"evenodd\" d=\"M8.2 4v8a.8.8 0 001.5 0V4l2.1 2.2A.7.7 0 1013 5L9.5 1.7a.7.7 0 00-1.1 0L5.1 5.2a.8.8 0 001 1l2.1-2zm7.6 4.3c.4 0 .7.3.7.7v6.8c0 .4-.3.7-.8.7H2.3a.8.8 0 01-.8-.8V9A.8.8 0 013 9v6h12V9c0-.4.3-.8.8-.8z\"><\/path>\n<\/svg>\t\t<span class=\"frm_upload_text\"><button type=\"button\" aria-label=\"Upload your CV! . Arraste o arquivo aqui ou clique para carregar seu CV. Maximum file size: 0.31MB\">Arraste o arquivo aqui ou clique para carregar seu CV<\/button><\/span>\n\t\t<span class=\"frm_compact_text\"><button type=\"button\" aria-label=\"Upload your CV! . Upload your CV!. Maximum file size: 0.31MB\">Upload your CV!<\/button><\/span>\n\t\t<div class=\"frm_small_text\">\n\t\t\t<p>Maximum file size: 0.31MB<\/p>\n\t\t<\/div>\n\t<\/div>\n<\/div>\n\t\r\n    <div class=\"frm_description\" id=\"frm_desc_field_d8okr2\">Drag the file or click here to upload it.\r\nMax file size supported: 2MB<\/div>\r\n    \r\n<\/div>\n<div id=\"frm_field_98_container\" class=\"frm_form_field  frm_html_container form-field\">\n<p><strong>Term of Acceptance and Consent on the Data Submission Policies<\/strong><\/p>\n<p>By sending us your CV to participate in any of our selection processes, you agree to our terms and policies (Privacy and Cookies), consenting and authorizing the use of your personal data for the period allowed by applicable law or for the execution of its purpose. , securely and transparently, in particular, but not limited to, (i) sending email and\/or any personalized communications regarding our selection processes, (ii) storing and sharing your information for future opportunities, and (iii) ) forward notices and general update information. In addition, whether due to legal obligation, contract execution, legitimate interest, or any other applicable legal hypothesis, we will process your data within the limits of the law, in order to guarantee secure registration, the possibility of tracking and an optimized and personalized service, including for requests to your rights as a Personal Data Subject. Remember: You can also request to withdraw your consent at any time. Get in touch via privacy@wamclog.com.br or our other Service Channel.<\/p>\n<\/div>\n<div id=\"frm_field_99_container\" class=\"frm_form_field form-field  frm_required_field frm_inline_container vertical_radio\">\r\n    <div  id=\"field_y7otb2_label\" class=\"frm_primary_label\">\r\n        <span class=\"frm_required\" aria-hidden=\"true\">*<\/span>\r\n    <\/div>\r\n    <div class=\"frm_opt_container\" aria-labelledby=\"field_y7otb2_label\" role=\"radiogroup\" aria-required=\"true\">\t\t<div class=\"frm_radio\" id=\"frm_radio_99-0\">\t\t\t<label  for=\"field_y7otb2-0\">\n\t\t\t\t\t<input type=\"radio\" name=\"item_meta[99]\" id=\"field_y7otb2-0\" value=\"ACCEPT\"\n\t\t   data-reqmsg=\"Este campo \u00e9 obrigat\u00f3rio.\" data-invmsg=\"This field is invalid\" aria-invalid=\"false\"  \/> ACCEPT<\/label><\/div>\n<\/div>\r\n    \r\n    \r\n<\/div>\n<div id=\"frm_field_100_container\" class=\"frm_form_field form-field  frm_none_container\">\r\n    <label for=\"g-recaptcha-response\" id=\"field_g29qf2_label\" class=\"frm_primary_label\">reCAPTCHA\r\n        <span class=\"frm_required\" aria-hidden=\"true\"><\/span>\r\n    <\/label>\r\n    <div  id=\"field_g29qf2\" class=\"frm-g-recaptcha\" data-sitekey=\"6LdLVzkfAAAAAK3_DEKgLtF6NGwWIZ4D_iH2hq1l\" data-size=\"invisible\" data-theme=\"light\"><\/div>\r\n    \r\n    \r\n<\/div>\n<div id=\"frm_field_118_container\" class=\"frm_form_field form-field \">\n\t<div class=\"frm_submit\">\r\n\r\n<button class=\"frm_button_submit frm_final_submit\" type=\"submit\"   formnovalidate=\"formnovalidate\">SEND<\/button>\r\n\r\n<\/div>\n<\/div>\n\t<input type=\"hidden\" name=\"item_key\" value=\"\" \/>\n\t\t\t\t<div class=\"frm__660498685ebaf\">\n\t\t\t\t<label for=\"frm_email_7\" >\n\t\t\t\t\tIf you are human, leave this field blank.\t\t\t\t<\/label>\n\t\t\t\t<input  id=\"frm_email_7\" type=\"text\" class=\"frm_verify\" name=\"frm__660498685ebaf\" value=\"\" autocomplete=\"off\"  \/>\n\t\t\t<\/div>\n\t\t<input name=\"frm_state\" type=\"hidden\" value=\"Uc6L6bOsE\/ST7sdUOaGd6+HUlc2VJ0Me7k2mozUaXDo=\" \/><\/div>\n<\/fieldset>\n<\/div>\n<\/form>\n<\/div>\n[\/vc_column_text][\/vc_column][vc_column width=&#8221;1\/4&#8243;][\/vc_column][\/vc_row]\n<\/div>","protected":false},"excerpt":{"rendered":"<p>[vc_row thb_full_width=&#8221;true&#8221; css=&#8221;.vc_custom_1635187106819{padding-top: 9vh !important;padding-bottom: 8vh !important;background-color: #e8f1f7 !important;}&#8221; thb_divider_color=&#8221;#09195d&#8221; thb_divider_height=&#8221;300px&#8221; el_class=&#8221;align-center&#8221;][vc_column width=&#8221;1\/2&#8243;][vc_column_text animation=&#8221;animation left-to-right&#8221;]Before connecting borders, we connect people. That&#8217;s why WAMC Log is constantly investing in training and qualification that cherish the team and keep it motivated! Register your CV and join the WAMC Log team![\/vc_column_text][vc_separator color=&#8221;custom&#8221; align=&#8221;align_left&#8221; border_width=&#8221;6&#8243; el_width=&#8221;30&#8243; css_animation=&#8221;fadeInLeft&#8221; accent_color=&#8221;#00aeef&#8221;][\/vc_column][\/vc_row][vc_row css=&#8221;.vc_custom_1639603419386{padding-top:&hellip;<\/p>\n","protected":false},"author":1,"featured_media":0,"parent":0,"menu_order":0,"comment_status":"closed","ping_status":"closed","template":"","meta":{"inline_featured_image":false,"footnotes":""},"class_list":["post-2677","page","type-page","status-publish","hentry"],"yoast_head":"<!-- This site is optimized with the Yoast SEO plugin v27.4 - https:\/\/yoast.com\/product\/yoast-seo-wordpress\/ -->\n<title>HR Portal - WAMC Log<\/title>\n<meta name=\"robots\" content=\"index, follow, max-snippet:-1, max-image-preview:large, max-video-preview:-1\" \/>\n<link rel=\"canonical\" href=\"https:\/\/wamclog.com.br\/en\/hr-portal\/\" \/>\n<meta property=\"og:locale\" content=\"en_US\" \/>\n<meta property=\"og:type\" content=\"article\" \/>\n<meta property=\"og:title\" content=\"HR Portal - WAMC Log\" \/>\n<meta property=\"og:description\" content=\"[vc_row thb_full_width=&#8221;true&#8221; css=&#8221;.vc_custom_1635187106819{padding-top: 9vh !important;padding-bottom: 8vh !important;background-color: #e8f1f7 !important;}&#8221; thb_divider_color=&#8221;#09195d&#8221; thb_divider_height=&#8221;300px&#8221; el_class=&#8221;align-center&#8221;][vc_column width=&#8221;1\/2&#8243;][vc_column_text animation=&#8221;animation left-to-right&#8221;]Before connecting borders, we connect people. That&#8217;s why WAMC Log is constantly investing in training and qualification that cherish the team and keep it motivated! Register your CV and join the WAMC Log team![\/vc_column_text][vc_separator color=&#8221;custom&#8221; align=&#8221;align_left&#8221; border_width=&#8221;6&#8243; el_width=&#8221;30&#8243; css_animation=&#8221;fadeInLeft&#8221; accent_color=&#8221;#00aeef&#8221;][\/vc_column][\/vc_row][vc_row css=&#8221;.vc_custom_1639603419386{padding-top:&hellip;\" \/>\n<meta property=\"og:url\" content=\"https:\/\/wamclog.com.br\/en\/hr-portal\/\" \/>\n<meta property=\"og:site_name\" content=\"WAMC Log\" \/>\n<meta property=\"article:publisher\" content=\"https:\/\/www.facebook.com\/wamclogistica\/\" \/>\n<meta property=\"article:modified_time\" content=\"2022-04-13T21:34:00+00:00\" \/>\n<meta name=\"twitter:card\" content=\"summary_large_image\" \/>\n<meta name=\"twitter:label1\" content=\"Est. reading time\" \/>\n\t<meta name=\"twitter:data1\" content=\"1 minute\" \/>\n<script type=\"application\/ld+json\" class=\"yoast-schema-graph\">{\"@context\":\"https:\\\/\\\/schema.org\",\"@graph\":[{\"@type\":\"WebPage\",\"@id\":\"https:\\\/\\\/wamclog.com.br\\\/en\\\/hr-portal\\\/\",\"url\":\"https:\\\/\\\/wamclog.com.br\\\/en\\\/hr-portal\\\/\",\"name\":\"HR Portal - WAMC Log\",\"isPartOf\":{\"@id\":\"https:\\\/\\\/wamclog.com.br\\\/en\\\/#website\"},\"datePublished\":\"2021-10-22T14:39:41+00:00\",\"dateModified\":\"2022-04-13T21:34:00+00:00\",\"breadcrumb\":{\"@id\":\"https:\\\/\\\/wamclog.com.br\\\/en\\\/hr-portal\\\/#breadcrumb\"},\"inLanguage\":\"en-US\",\"potentialAction\":[{\"@type\":\"ReadAction\",\"target\":[\"https:\\\/\\\/wamclog.com.br\\\/en\\\/hr-portal\\\/\"]}]},{\"@type\":\"BreadcrumbList\",\"@id\":\"https:\\\/\\\/wamclog.com.br\\\/en\\\/hr-portal\\\/#breadcrumb\",\"itemListElement\":[{\"@type\":\"ListItem\",\"position\":1,\"name\":\"In\u00edcio\",\"item\":\"https:\\\/\\\/wamclog.com.br\\\/en\\\/\"},{\"@type\":\"ListItem\",\"position\":2,\"name\":\"HR Portal\"}]},{\"@type\":\"WebSite\",\"@id\":\"https:\\\/\\\/wamclog.com.br\\\/en\\\/#website\",\"url\":\"https:\\\/\\\/wamclog.com.br\\\/en\\\/\",\"name\":\"WAMC Log\",\"description\":\"Solu\u00e7\u00f5es customizadas em Com\u00e9rcio Exterior\",\"publisher\":{\"@id\":\"https:\\\/\\\/wamclog.com.br\\\/en\\\/#organization\"},\"potentialAction\":[{\"@type\":\"SearchAction\",\"target\":{\"@type\":\"EntryPoint\",\"urlTemplate\":\"https:\\\/\\\/wamclog.com.br\\\/en\\\/?s={search_term_string}\"},\"query-input\":{\"@type\":\"PropertyValueSpecification\",\"valueRequired\":true,\"valueName\":\"search_term_string\"}}],\"inLanguage\":\"en-US\"},{\"@type\":\"Organization\",\"@id\":\"https:\\\/\\\/wamclog.com.br\\\/en\\\/#organization\",\"name\":\"WAMC Log\",\"url\":\"https:\\\/\\\/wamclog.com.br\\\/en\\\/\",\"logo\":{\"@type\":\"ImageObject\",\"inLanguage\":\"en-US\",\"@id\":\"https:\\\/\\\/wamclog.com.br\\\/en\\\/#\\\/schema\\\/logo\\\/image\\\/\",\"url\":\"https:\\\/\\\/wamclog.com.br\\\/wp-content\\\/uploads\\\/2021\\\/10\\\/wamclog-marca.png\",\"contentUrl\":\"https:\\\/\\\/wamclog.com.br\\\/wp-content\\\/uploads\\\/2021\\\/10\\\/wamclog-marca.png\",\"width\":900,\"height\":360,\"caption\":\"WAMC Log\"},\"image\":{\"@id\":\"https:\\\/\\\/wamclog.com.br\\\/en\\\/#\\\/schema\\\/logo\\\/image\\\/\"},\"sameAs\":[\"https:\\\/\\\/www.facebook.com\\\/wamclogistica\\\/\",\"https:\\\/\\\/www.instagram.com\\\/wamclog\\\/\",\"https:\\\/\\\/www.linkedin.com\\\/company\\\/wamc-logistica\\\/\",\"https:\\\/\\\/www.youtube.com\\\/channel\\\/UCtx8k5oVVFe_J4eu9Zj8Cdw\"]}]}<\/script>\n<!-- \/ Yoast SEO plugin. -->","yoast_head_json":{"title":"HR Portal - WAMC Log","robots":{"index":"index","follow":"follow","max-snippet":"max-snippet:-1","max-image-preview":"max-image-preview:large","max-video-preview":"max-video-preview:-1"},"canonical":"https:\/\/wamclog.com.br\/en\/hr-portal\/","og_locale":"en_US","og_type":"article","og_title":"HR Portal - WAMC Log","og_description":"[vc_row thb_full_width=&#8221;true&#8221; css=&#8221;.vc_custom_1635187106819{padding-top: 9vh !important;padding-bottom: 8vh !important;background-color: #e8f1f7 !important;}&#8221; thb_divider_color=&#8221;#09195d&#8221; thb_divider_height=&#8221;300px&#8221; el_class=&#8221;align-center&#8221;][vc_column width=&#8221;1\/2&#8243;][vc_column_text animation=&#8221;animation left-to-right&#8221;]Before connecting borders, we connect people. That&#8217;s why WAMC Log is constantly investing in training and qualification that cherish the team and keep it motivated! Register your CV and join the WAMC Log team![\/vc_column_text][vc_separator color=&#8221;custom&#8221; align=&#8221;align_left&#8221; border_width=&#8221;6&#8243; el_width=&#8221;30&#8243; css_animation=&#8221;fadeInLeft&#8221; accent_color=&#8221;#00aeef&#8221;][\/vc_column][\/vc_row][vc_row css=&#8221;.vc_custom_1639603419386{padding-top:&hellip;","og_url":"https:\/\/wamclog.com.br\/en\/hr-portal\/","og_site_name":"WAMC Log","article_publisher":"https:\/\/www.facebook.com\/wamclogistica\/","article_modified_time":"2022-04-13T21:34:00+00:00","twitter_card":"summary_large_image","twitter_misc":{"Est. reading time":"1 minute"},"schema":{"@context":"https:\/\/schema.org","@graph":[{"@type":"WebPage","@id":"https:\/\/wamclog.com.br\/en\/hr-portal\/","url":"https:\/\/wamclog.com.br\/en\/hr-portal\/","name":"HR Portal - WAMC Log","isPartOf":{"@id":"https:\/\/wamclog.com.br\/en\/#website"},"datePublished":"2021-10-22T14:39:41+00:00","dateModified":"2022-04-13T21:34:00+00:00","breadcrumb":{"@id":"https:\/\/wamclog.com.br\/en\/hr-portal\/#breadcrumb"},"inLanguage":"en-US","potentialAction":[{"@type":"ReadAction","target":["https:\/\/wamclog.com.br\/en\/hr-portal\/"]}]},{"@type":"BreadcrumbList","@id":"https:\/\/wamclog.com.br\/en\/hr-portal\/#breadcrumb","itemListElement":[{"@type":"ListItem","position":1,"name":"In\u00edcio","item":"https:\/\/wamclog.com.br\/en\/"},{"@type":"ListItem","position":2,"name":"HR Portal"}]},{"@type":"WebSite","@id":"https:\/\/wamclog.com.br\/en\/#website","url":"https:\/\/wamclog.com.br\/en\/","name":"WAMC Log","description":"Solu\u00e7\u00f5es customizadas em Com\u00e9rcio Exterior","publisher":{"@id":"https:\/\/wamclog.com.br\/en\/#organization"},"potentialAction":[{"@type":"SearchAction","target":{"@type":"EntryPoint","urlTemplate":"https:\/\/wamclog.com.br\/en\/?s={search_term_string}"},"query-input":{"@type":"PropertyValueSpecification","valueRequired":true,"valueName":"search_term_string"}}],"inLanguage":"en-US"},{"@type":"Organization","@id":"https:\/\/wamclog.com.br\/en\/#organization","name":"WAMC Log","url":"https:\/\/wamclog.com.br\/en\/","logo":{"@type":"ImageObject","inLanguage":"en-US","@id":"https:\/\/wamclog.com.br\/en\/#\/schema\/logo\/image\/","url":"https:\/\/wamclog.com.br\/wp-content\/uploads\/2021\/10\/wamclog-marca.png","contentUrl":"https:\/\/wamclog.com.br\/wp-content\/uploads\/2021\/10\/wamclog-marca.png","width":900,"height":360,"caption":"WAMC Log"},"image":{"@id":"https:\/\/wamclog.com.br\/en\/#\/schema\/logo\/image\/"},"sameAs":["https:\/\/www.facebook.com\/wamclogistica\/","https:\/\/www.instagram.com\/wamclog\/","https:\/\/www.linkedin.com\/company\/wamc-logistica\/","https:\/\/www.youtube.com\/channel\/UCtx8k5oVVFe_J4eu9Zj8Cdw"]}]}},"_links":{"self":[{"href":"https:\/\/wamclog.com.br\/en\/wp-json\/wp\/v2\/pages\/2677","targetHints":{"allow":["GET"]}}],"collection":[{"href":"https:\/\/wamclog.com.br\/en\/wp-json\/wp\/v2\/pages"}],"about":[{"href":"https:\/\/wamclog.com.br\/en\/wp-json\/wp\/v2\/types\/page"}],"author":[{"embeddable":true,"href":"https:\/\/wamclog.com.br\/en\/wp-json\/wp\/v2\/users\/1"}],"replies":[{"embeddable":true,"href":"https:\/\/wamclog.com.br\/en\/wp-json\/wp\/v2\/comments?post=2677"}],"version-history":[{"count":0,"href":"https:\/\/wamclog.com.br\/en\/wp-json\/wp\/v2\/pages\/2677\/revisions"}],"wp:attachment":[{"href":"https:\/\/wamclog.com.br\/en\/wp-json\/wp\/v2\/media?parent=2677"}],"curies":[{"name":"wp","href":"https:\/\/api.w.org\/{rel}","templated":true}]}}