{"id":2682,"date":"2021-11-25T17:27:00","date_gmt":"2021-11-25T20:27:00","guid":{"rendered":"https:\/\/wamclog.com.br\/containers\/"},"modified":"2022-04-13T18:53:21","modified_gmt":"2022-04-13T21:53:21","slug":"containers","status":"publish","type":"page","link":"https:\/\/wamclog.com.br\/en\/containers\/","title":{"rendered":"Containers"},"content":{"rendered":"<div class=\"wpb-content-wrapper\">[vc_row css=&#8221;.vc_custom_1637868627344{padding-top: 9vh !important;}&#8221; thb_divider_color=&#8221;#09195d&#8221; thb_divider_height=&#8221;300px&#8221;][vc_column thb_color=&#8221;thb-light-column&#8221; width=&#8221;1\/2&#8243;]\t<div id=\"thb-slidetype-69dfe09369c11\" class=\"thb-slidetype \" data-style=\"style1\">\n\t\t\n<h1><span class=\"thb-slidetype-entry\"><span class=\"lines\">Containers<\/span><\/span><\/h1>\n\t\t\t\t<style>\n\t\t\t#thb-slidetype-69dfe09369c11 .thb-slidetype-entry {\n\t\t\t\tcolor: #09195d;\n\t\t\t}\n\t\t<\/style>\n\t\t\t<\/div>\n\n\t[vc_separator color=&#8221;custom&#8221; align=&#8221;align_left&#8221; border_width=&#8221;6&#8243; el_width=&#8221;30&#8243; css_animation=&#8221;fadeInLeft&#8221; accent_color=&#8221;#00aeef&#8221;][\/vc_column][\/vc_row][vc_row el_class=&#8221;align-center&#8221; css=&#8221;.vc_custom_1633467861907{margin-top: 6px !important;margin-bottom: 6vh !important;}&#8221; thb_row_title=&#8221;Our Process&#8221;][vc_column offset=&#8221;vc_col-lg-offset-0 vc_col-lg-7 vc_col-md-9&#8243;][vc_separator css_animation=&#8221;fadeInLeft&#8221;][vc_column_text animation=&#8221;animation left-to-right&#8221;]\n<h3>1. What are the most used container models?<\/h3>\n[\/vc_column_text][vc_column_text animation=&#8221;animation right-to-left&#8221;]<strong><img loading=\"lazy\" decoding=\"async\" class=\"alignleft wp-image-2602\" src=\"https:\/\/wamclog.com.br\/wp-content\/uploads\/2022\/02\/DRY-1-300x105.png\" alt=\"\" width=\"226\" height=\"79\" srcset=\"https:\/\/wamclog.com.br\/wp-content\/uploads\/2022\/02\/DRY-1-300x105.png 300w, https:\/\/wamclog.com.br\/wp-content\/uploads\/2022\/02\/DRY-1-20x7.png 20w, https:\/\/wamclog.com.br\/wp-content\/uploads\/2022\/02\/DRY-1-190x67.png 190w\" sizes=\"auto, (max-width: 226px) 100vw, 226px\" \/>DRY BOX 20 or 40 feet:<\/strong><br \/>\nThe Dry Box container is suitable for non-perishable goods.[\/vc_column_text][vc_separator css_animation=&#8221;fadeInLeft&#8221;][vc_column_text animation=&#8221;animation right-to-left&#8221;]<strong><img loading=\"lazy\" decoding=\"async\" class=\"alignleft wp-image-2606\" src=\"https:\/\/wamclog.com.br\/wp-content\/uploads\/2022\/02\/HIGH-CUBE-1-300x170.png\" alt=\"\" width=\"226\" height=\"128\" srcset=\"https:\/\/wamclog.com.br\/wp-content\/uploads\/2022\/02\/HIGH-CUBE-1-300x170.png 300w, https:\/\/wamclog.com.br\/wp-content\/uploads\/2022\/02\/HIGH-CUBE-1-20x11.png 20w, https:\/\/wamclog.com.br\/wp-content\/uploads\/2022\/02\/HIGH-CUBE-1-190x108.png 190w\" sizes=\"auto, (max-width: 226px) 100vw, 226px\" \/>HIGH CUBE 40 feet:<\/strong><br \/>\nThe High Cube container is even larger in volume capacity, so it is suitable for large quantities of goods.[\/vc_column_text][vc_separator css_animation=&#8221;fadeInLeft&#8221;][vc_column_text animation=&#8221;animation right-to-left&#8221;]<strong><img loading=\"lazy\" decoding=\"async\" class=\"wp-image-2604 alignleft\" src=\"https:\/\/wamclog.com.br\/wp-content\/uploads\/2022\/02\/FLAT-1-300x118.png\" alt=\"\" width=\"226\" height=\"89\" srcset=\"https:\/\/wamclog.com.br\/wp-content\/uploads\/2022\/02\/FLAT-1-300x118.png 300w, https:\/\/wamclog.com.br\/wp-content\/uploads\/2022\/02\/FLAT-1-20x9.png 20w, https:\/\/wamclog.com.br\/wp-content\/uploads\/2022\/02\/FLAT-1-190x75.png 190w\" sizes=\"auto, (max-width: 226px) 100vw, 226px\" \/>FLAT RACK 20 or 40 feet:<\/strong><br \/>\nThe Flat Rack is used to transport large dimensions, as it does not have the right and left sides or the top (roof).[\/vc_column_text][vc_separator css_animation=&#8221;fadeInLeft&#8221;][vc_column_text animation=&#8221;animation right-to-left&#8221;]<strong><img loading=\"lazy\" decoding=\"async\" class=\"wp-image-2608 alignleft\" src=\"https:\/\/wamclog.com.br\/wp-content\/uploads\/2022\/02\/OPEN-TOP-1-300x195.png\" alt=\"\" width=\"226\" height=\"147\" srcset=\"https:\/\/wamclog.com.br\/wp-content\/uploads\/2022\/02\/OPEN-TOP-1-300x195.png 300w, https:\/\/wamclog.com.br\/wp-content\/uploads\/2022\/02\/OPEN-TOP-1-190x124.png 190w, https:\/\/wamclog.com.br\/wp-content\/uploads\/2022\/02\/OPEN-TOP-1-20x13.png 20w\" sizes=\"auto, (max-width: 226px) 100vw, 226px\" \/>OPEN TOP 20 or 40 feet:<br \/>\n<\/strong>The Open Top container has an open top, for this reason it is suitable for loads that occupy more than the standard height of a common container.[\/vc_column_text][vc_separator css_animation=&#8221;fadeInLeft&#8221;][vc_column_text animation=&#8221;animation right-to-left&#8221;]<strong><img loading=\"lazy\" decoding=\"async\" class=\"alignleft wp-image-2610\" src=\"https:\/\/wamclog.com.br\/wp-content\/uploads\/2022\/02\/Transmissao-Containers-Container-20-Refeer-1-300x169.png\" alt=\"\" width=\"230\" height=\"129\" srcset=\"https:\/\/wamclog.com.br\/wp-content\/uploads\/2022\/02\/Transmissao-Containers-Container-20-Refeer-1-300x169.png 300w, https:\/\/wamclog.com.br\/wp-content\/uploads\/2022\/02\/Transmissao-Containers-Container-20-Refeer-1-20x11.png 20w, https:\/\/wamclog.com.br\/wp-content\/uploads\/2022\/02\/Transmissao-Containers-Container-20-Refeer-1-190x107.png 190w\" sizes=\"auto, (max-width: 230px) 100vw, 230px\" \/>REEFER 20 or 40 feet:<\/strong><br \/>\nThe Reefer container is used for loads that need temperature control. An interesting curiosity is that regardless of the shipping company, it will always be painted in white.[\/vc_column_text][vc_separator css_animation=&#8221;fadeInLeft&#8221;][vc_column_text animation=&#8221;animation right-to-left&#8221;]<strong><img loading=\"lazy\" decoding=\"async\" class=\"wp-image-2598 alignleft\" src=\"https:\/\/wamclog.com.br\/wp-content\/uploads\/2022\/02\/containers10-1-300x115.png\" alt=\"\" width=\"226\" height=\"87\" srcset=\"https:\/\/wamclog.com.br\/wp-content\/uploads\/2022\/02\/containers10-1-300x115.png 300w, https:\/\/wamclog.com.br\/wp-content\/uploads\/2022\/02\/containers10-1-20x9.png 20w, https:\/\/wamclog.com.br\/wp-content\/uploads\/2022\/02\/containers10-1-190x73.png 190w\" sizes=\"auto, (max-width: 226px) 100vw, 226px\" \/>Platform Container:<br \/>\n<\/strong>The platform container requires the goods transported in it to be tied up, as it does not have any of the sides.[\/vc_column_text][vc_separator css_animation=&#8221;fadeInLeft&#8221;][vc_column_text animation=&#8221;animation right-to-left&#8221;]<strong><img loading=\"lazy\" decoding=\"async\" class=\"wp-image-2596 alignleft\" src=\"https:\/\/wamclog.com.br\/wp-content\/uploads\/2022\/02\/container7-300x195.png\" alt=\"\" width=\"226\" height=\"147\" srcset=\"https:\/\/wamclog.com.br\/wp-content\/uploads\/2022\/02\/container7-300x195.png 300w, https:\/\/wamclog.com.br\/wp-content\/uploads\/2022\/02\/container7-190x124.png 190w, https:\/\/wamclog.com.br\/wp-content\/uploads\/2022\/02\/container7-20x13.png 20w\" sizes=\"auto, (max-width: 226px) 100vw, 226px\" \/>Tank Container:<br \/>\n<\/strong>The tank container is suitable for transporting chemicals or even beverages.[\/vc_column_text][vc_separator css_animation=&#8221;fadeInLeft&#8221;][vc_column_text animation=&#8221;animation right-to-left&#8221;]<strong><img loading=\"lazy\" decoding=\"async\" class=\"wp-image-2600 alignleft\" src=\"https:\/\/wamclog.com.br\/wp-content\/uploads\/2022\/02\/continar-bulk-20-pes-300x300-1-300x195.png\" alt=\"\" width=\"226\" height=\"147\" srcset=\"https:\/\/wamclog.com.br\/wp-content\/uploads\/2022\/02\/continar-bulk-20-pes-300x300-1-300x195.png 300w, https:\/\/wamclog.com.br\/wp-content\/uploads\/2022\/02\/continar-bulk-20-pes-300x300-1-190x124.png 190w, https:\/\/wamclog.com.br\/wp-content\/uploads\/2022\/02\/continar-bulk-20-pes-300x300-1-20x13.png 20w\" sizes=\"auto, (max-width: 226px) 100vw, 226px\" \/>Container Bulk (bulk carrier):<\/strong><br \/>\nThis container is designed for bulk cargo, as it has openings and hatches for loading and unloading cargo. It is widely used to transport commodities such as grains, sands, and stones.[\/vc_column_text][vc_separator css_animation=&#8221;fadeInLeft&#8221;][\/vc_column][\/vc_row][vc_row el_class=&#8221;align-center&#8221; css=&#8221;.vc_custom_1633467861907{margin-top: 6px !important;margin-bottom: 6vh !important;}&#8221; thb_row_title=&#8221;Our Process&#8221;][vc_column animation=&#8221;animation left-to-right&#8221; offset=&#8221;vc_col-lg-offset-0 vc_col-lg-7 vc_col-md-9&#8243;][vc_column_text animation=&#8221;animation left-to-right&#8221;]\n<h3>2. In the air modal there are also containers, check it out:<\/h3>\n[\/vc_column_text][vc_column_text animation=&#8221;animation right-to-left&#8221;]In air transport, containers are called Unit Load Device (ULD), and there are 18 types regulated by IATA (International Air Transport Association).<\/p>\n<p><strong>Models:<\/strong>[\/vc_column_text][vc_row_inner thb_column_padding=&#8221;true&#8221;][vc_column_inner width=&#8221;1\/4&#8243;][vc_single_image image=&#8221;2612&#8243; img_size=&#8221;full&#8221; add_caption=&#8221;yes&#8221; alignment=&#8221;center&#8221; onclick=&#8221;link_image&#8221; css_animation=&#8221;fadeInLeft&#8221; title=&#8221;LD-1&#8243;][\/vc_column_inner][vc_column_inner width=&#8221;1\/4&#8243;][vc_single_image image=&#8221;2614&#8243; img_size=&#8221;full&#8221; add_caption=&#8221;yes&#8221; alignment=&#8221;center&#8221; onclick=&#8221;link_image&#8221; css_animation=&#8221;fadeInUp&#8221; title=&#8221;LD-2&#8243;][\/vc_column_inner][vc_column_inner width=&#8221;1\/4&#8243;][vc_single_image image=&#8221;2616&#8243; img_size=&#8221;full&#8221; add_caption=&#8221;yes&#8221; alignment=&#8221;center&#8221; onclick=&#8221;link_image&#8221; css_animation=&#8221;fadeInUp&#8221; title=&#8221;LD-3&#8243;][\/vc_column_inner][vc_column_inner width=&#8221;1\/4&#8243;][vc_single_image image=&#8221;2618&#8243; img_size=&#8221;full&#8221; add_caption=&#8221;yes&#8221; alignment=&#8221;center&#8221; onclick=&#8221;link_image&#8221; css_animation=&#8221;fadeInRight&#8221; title=&#8221;LD-3&#8243;][\/vc_column_inner][\/vc_row_inner][vc_row_inner][vc_column_inner width=&#8221;1\/4&#8243;][vc_single_image image=&#8221;2626&#8243; img_size=&#8221;full&#8221; add_caption=&#8221;yes&#8221; alignment=&#8221;center&#8221; onclick=&#8221;link_image&#8221; css_animation=&#8221;fadeInLeft&#8221; title=&#8221;LD-4&#8243;][\/vc_column_inner][vc_column_inner width=&#8221;1\/4&#8243;][vc_single_image image=&#8221;2624&#8243; img_size=&#8221;full&#8221; add_caption=&#8221;yes&#8221; alignment=&#8221;center&#8221; onclick=&#8221;link_image&#8221; css_animation=&#8221;fadeInUp&#8221; title=&#8221;LD-6&#8243;][\/vc_column_inner][vc_column_inner width=&#8221;1\/4&#8243;][vc_single_image image=&#8221;2622&#8243; img_size=&#8221;full&#8221; add_caption=&#8221;yes&#8221; alignment=&#8221;center&#8221; onclick=&#8221;link_image&#8221; css_animation=&#8221;fadeInUp&#8221; title=&#8221;LD-7&#8243;][\/vc_column_inner][vc_column_inner width=&#8221;1\/4&#8243;][vc_single_image image=&#8221;2620&#8243; img_size=&#8221;full&#8221; add_caption=&#8221;yes&#8221; alignment=&#8221;center&#8221; onclick=&#8221;link_image&#8221; css_animation=&#8221;fadeInRight&#8221; title=&#8221;LD-8&#8243;][\/vc_column_inner][\/vc_row_inner][vc_row_inner][vc_column_inner width=&#8221;1\/4&#8243;][vc_single_image image=&#8221;2634&#8243; img_size=&#8221;full&#8221; add_caption=&#8221;yes&#8221; alignment=&#8221;center&#8221; onclick=&#8221;link_image&#8221; css_animation=&#8221;fadeInLeft&#8221; title=&#8221;LD-9&#8243;][\/vc_column_inner][vc_column_inner width=&#8221;1\/4&#8243;][vc_single_image image=&#8221;2632&#8243; img_size=&#8221;full&#8221; add_caption=&#8221;yes&#8221; alignment=&#8221;center&#8221; onclick=&#8221;link_image&#8221; css_animation=&#8221;fadeInUp&#8221; title=&#8221;LD-11&#8243;][\/vc_column_inner][vc_column_inner width=&#8221;1\/4&#8243;][vc_single_image image=&#8221;2630&#8243; img_size=&#8221;full&#8221; add_caption=&#8221;yes&#8221; alignment=&#8221;center&#8221; onclick=&#8221;link_image&#8221; css_animation=&#8221;fadeInUp&#8221; title=&#8221;LD-26&#8243;][\/vc_column_inner][vc_column_inner width=&#8221;1\/4&#8243;][vc_single_image image=&#8221;2628&#8243; img_size=&#8221;full&#8221; add_caption=&#8221;yes&#8221; alignment=&#8221;center&#8221; onclick=&#8221;link_image&#8221; css_animation=&#8221;fadeInRight&#8221; title=&#8221;LD-29&#8243;][\/vc_column_inner][\/vc_row_inner][vc_row_inner][vc_column_inner width=&#8221;1\/4&#8243;][vc_single_image image=&#8221;2642&#8243; img_size=&#8221;full&#8221; add_caption=&#8221;yes&#8221; alignment=&#8221;center&#8221; onclick=&#8221;link_image&#8221; css_animation=&#8221;fadeInLeft&#8221; title=&#8221;AQ-6&#8243;][\/vc_column_inner][vc_column_inner width=&#8221;1\/4&#8243;][vc_single_image image=&#8221;2640&#8243; img_size=&#8221;full&#8221; add_caption=&#8221;yes&#8221; alignment=&#8221;center&#8221; onclick=&#8221;link_image&#8221; css_animation=&#8221;fadeInUp&#8221; title=&#8221;AQ-7&#8243;][\/vc_column_inner][vc_column_inner width=&#8221;1\/4&#8243;][vc_single_image image=&#8221;2638&#8243; img_size=&#8221;full&#8221; add_caption=&#8221;yes&#8221; alignment=&#8221;center&#8221; onclick=&#8221;link_image&#8221; css_animation=&#8221;fadeInUp&#8221; title=&#8221;A-2&#8243;][\/vc_column_inner][vc_column_inner width=&#8221;1\/4&#8243;][vc_single_image image=&#8221;2636&#8243; img_size=&#8221;full&#8221; add_caption=&#8221;yes&#8221; alignment=&#8221;center&#8221; onclick=&#8221;link_image&#8221; css_animation=&#8221;fadeInRight&#8221; title=&#8221;88&#8220; Pallet&#8221;][\/vc_column_inner][\/vc_row_inner][vc_row_inner][vc_column_inner width=&#8221;1\/4&#8243;][vc_single_image image=&#8221;2646&#8243; img_size=&#8221;full&#8221; add_caption=&#8221;yes&#8221; alignment=&#8221;center&#8221; onclick=&#8221;link_image&#8221; css_animation=&#8221;fadeInLeft&#8221; title=&#8221;96&#8220; Pallet&#8221;][\/vc_column_inner][vc_column_inner width=&#8221;1\/4&#8243;][vc_single_image image=&#8221;2644&#8243; img_size=&#8221;full&#8221; add_caption=&#8221;yes&#8221; alignment=&#8221;center&#8221; onclick=&#8221;link_image&#8221; css_animation=&#8221;fadeInUp&#8221; title=&#8221;Half Pallet&#8221;][\/vc_column_inner][vc_column_inner width=&#8221;1\/4&#8243;][\/vc_column_inner][vc_column_inner width=&#8221;1\/4&#8243;][\/vc_column_inner][\/vc_row_inner][\/vc_column][\/vc_row]\n<\/div>","protected":false},"excerpt":{"rendered":"<p>[vc_row css=&#8221;.vc_custom_1637868627344{padding-top: 9vh !important;}&#8221; thb_divider_color=&#8221;#09195d&#8221; thb_divider_height=&#8221;300px&#8221;][vc_column thb_color=&#8221;thb-light-column&#8221; width=&#8221;1\/2&#8243;][vc_separator color=&#8221;custom&#8221; align=&#8221;align_left&#8221; border_width=&#8221;6&#8243; el_width=&#8221;30&#8243; css_animation=&#8221;fadeInLeft&#8221; accent_color=&#8221;#00aeef&#8221;][\/vc_column][\/vc_row][vc_row el_class=&#8221;align-center&#8221; css=&#8221;.vc_custom_1633467861907{margin-top: 6px !important;margin-bottom: 6vh !important;}&#8221; thb_row_title=&#8221;Our Process&#8221;][vc_column offset=&#8221;vc_col-lg-offset-0 vc_col-lg-7 vc_col-md-9&#8243;][vc_separator css_animation=&#8221;fadeInLeft&#8221;][vc_column_text animation=&#8221;animation left-to-right&#8221;] 1. What are the most used container models? [\/vc_column_text][vc_column_text animation=&#8221;animation right-to-left&#8221;]DRY BOX 20 or 40 feet: The Dry Box container is suitable for non-perishable goods.[\/vc_column_text][vc_separator css_animation=&#8221;fadeInLeft&#8221;][vc_column_text animation=&#8221;animation&hellip;<\/p>\n","protected":false},"author":1,"featured_media":0,"parent":0,"menu_order":0,"comment_status":"closed","ping_status":"closed","template":"","meta":{"inline_featured_image":false,"footnotes":""},"class_list":["post-2682","page","type-page","status-publish","hentry"],"yoast_head":"<!-- This site is optimized with the Yoast SEO plugin v27.4 - https:\/\/yoast.com\/product\/yoast-seo-wordpress\/ -->\n<title>Containers - WAMC Log<\/title>\n<meta name=\"robots\" content=\"index, follow, max-snippet:-1, max-image-preview:large, max-video-preview:-1\" \/>\n<link rel=\"canonical\" href=\"https:\/\/wamclog.com.br\/en\/containers\/\" \/>\n<meta property=\"og:locale\" content=\"en_US\" \/>\n<meta property=\"og:type\" content=\"article\" \/>\n<meta property=\"og:title\" content=\"Containers - WAMC Log\" \/>\n<meta property=\"og:description\" content=\"[vc_row css=&#8221;.vc_custom_1637868627344{padding-top: 9vh !important;}&#8221; thb_divider_color=&#8221;#09195d&#8221; thb_divider_height=&#8221;300px&#8221;][vc_column thb_color=&#8221;thb-light-column&#8221; width=&#8221;1\/2&#8243;][vc_separator color=&#8221;custom&#8221; align=&#8221;align_left&#8221; border_width=&#8221;6&#8243; el_width=&#8221;30&#8243; css_animation=&#8221;fadeInLeft&#8221; accent_color=&#8221;#00aeef&#8221;][\/vc_column][\/vc_row][vc_row el_class=&#8221;align-center&#8221; css=&#8221;.vc_custom_1633467861907{margin-top: 6px !important;margin-bottom: 6vh !important;}&#8221; thb_row_title=&#8221;Our Process&#8221;][vc_column offset=&#8221;vc_col-lg-offset-0 vc_col-lg-7 vc_col-md-9&#8243;][vc_separator css_animation=&#8221;fadeInLeft&#8221;][vc_column_text animation=&#8221;animation left-to-right&#8221;] 1. What are the most used container models? [\/vc_column_text][vc_column_text animation=&#8221;animation right-to-left&#8221;]DRY BOX 20 or 40 feet: The Dry Box container is suitable for non-perishable goods.[\/vc_column_text][vc_separator css_animation=&#8221;fadeInLeft&#8221;][vc_column_text animation=&#8221;animation&hellip;\" \/>\n<meta property=\"og:url\" content=\"https:\/\/wamclog.com.br\/en\/containers\/\" \/>\n<meta property=\"og:site_name\" content=\"WAMC Log\" \/>\n<meta property=\"article:publisher\" content=\"https:\/\/www.facebook.com\/wamclogistica\/\" \/>\n<meta property=\"article:modified_time\" content=\"2022-04-13T21:53:21+00:00\" \/>\n<meta property=\"og:image\" content=\"https:\/\/wamclog.com.br\/wp-content\/uploads\/2022\/02\/DRY-1-300x105.png\" \/>\n<meta name=\"twitter:card\" content=\"summary_large_image\" \/>\n<meta name=\"twitter:label1\" content=\"Est. reading time\" \/>\n\t<meta name=\"twitter:data1\" content=\"5 minutes\" \/>\n<script type=\"application\/ld+json\" class=\"yoast-schema-graph\">{\"@context\":\"https:\\\/\\\/schema.org\",\"@graph\":[{\"@type\":\"WebPage\",\"@id\":\"https:\\\/\\\/wamclog.com.br\\\/en\\\/containers\\\/\",\"url\":\"https:\\\/\\\/wamclog.com.br\\\/en\\\/containers\\\/\",\"name\":\"Containers - WAMC Log\",\"isPartOf\":{\"@id\":\"https:\\\/\\\/wamclog.com.br\\\/en\\\/#website\"},\"primaryImageOfPage\":{\"@id\":\"https:\\\/\\\/wamclog.com.br\\\/en\\\/containers\\\/#primaryimage\"},\"image\":{\"@id\":\"https:\\\/\\\/wamclog.com.br\\\/en\\\/containers\\\/#primaryimage\"},\"thumbnailUrl\":\"https:\\\/\\\/wamclog.com.br\\\/wp-content\\\/uploads\\\/2022\\\/02\\\/DRY-1-300x105.png\",\"datePublished\":\"2021-11-25T20:27:00+00:00\",\"dateModified\":\"2022-04-13T21:53:21+00:00\",\"breadcrumb\":{\"@id\":\"https:\\\/\\\/wamclog.com.br\\\/en\\\/containers\\\/#breadcrumb\"},\"inLanguage\":\"en-US\",\"potentialAction\":[{\"@type\":\"ReadAction\",\"target\":[\"https:\\\/\\\/wamclog.com.br\\\/en\\\/containers\\\/\"]}]},{\"@type\":\"ImageObject\",\"inLanguage\":\"en-US\",\"@id\":\"https:\\\/\\\/wamclog.com.br\\\/en\\\/containers\\\/#primaryimage\",\"url\":\"https:\\\/\\\/wamclog.com.br\\\/wp-content\\\/uploads\\\/2022\\\/02\\\/DRY-1-300x105.png\",\"contentUrl\":\"https:\\\/\\\/wamclog.com.br\\\/wp-content\\\/uploads\\\/2022\\\/02\\\/DRY-1-300x105.png\"},{\"@type\":\"BreadcrumbList\",\"@id\":\"https:\\\/\\\/wamclog.com.br\\\/en\\\/containers\\\/#breadcrumb\",\"itemListElement\":[{\"@type\":\"ListItem\",\"position\":1,\"name\":\"In\u00edcio\",\"item\":\"https:\\\/\\\/wamclog.com.br\\\/en\\\/\"},{\"@type\":\"ListItem\",\"position\":2,\"name\":\"Containers\"}]},{\"@type\":\"WebSite\",\"@id\":\"https:\\\/\\\/wamclog.com.br\\\/en\\\/#website\",\"url\":\"https:\\\/\\\/wamclog.com.br\\\/en\\\/\",\"name\":\"WAMC Log\",\"description\":\"Solu\u00e7\u00f5es customizadas em Com\u00e9rcio Exterior\",\"publisher\":{\"@id\":\"https:\\\/\\\/wamclog.com.br\\\/en\\\/#organization\"},\"potentialAction\":[{\"@type\":\"SearchAction\",\"target\":{\"@type\":\"EntryPoint\",\"urlTemplate\":\"https:\\\/\\\/wamclog.com.br\\\/en\\\/?s={search_term_string}\"},\"query-input\":{\"@type\":\"PropertyValueSpecification\",\"valueRequired\":true,\"valueName\":\"search_term_string\"}}],\"inLanguage\":\"en-US\"},{\"@type\":\"Organization\",\"@id\":\"https:\\\/\\\/wamclog.com.br\\\/en\\\/#organization\",\"name\":\"WAMC Log\",\"url\":\"https:\\\/\\\/wamclog.com.br\\\/en\\\/\",\"logo\":{\"@type\":\"ImageObject\",\"inLanguage\":\"en-US\",\"@id\":\"https:\\\/\\\/wamclog.com.br\\\/en\\\/#\\\/schema\\\/logo\\\/image\\\/\",\"url\":\"https:\\\/\\\/wamclog.com.br\\\/wp-content\\\/uploads\\\/2021\\\/10\\\/wamclog-marca.png\",\"contentUrl\":\"https:\\\/\\\/wamclog.com.br\\\/wp-content\\\/uploads\\\/2021\\\/10\\\/wamclog-marca.png\",\"width\":900,\"height\":360,\"caption\":\"WAMC Log\"},\"image\":{\"@id\":\"https:\\\/\\\/wamclog.com.br\\\/en\\\/#\\\/schema\\\/logo\\\/image\\\/\"},\"sameAs\":[\"https:\\\/\\\/www.facebook.com\\\/wamclogistica\\\/\",\"https:\\\/\\\/www.instagram.com\\\/wamclog\\\/\",\"https:\\\/\\\/www.linkedin.com\\\/company\\\/wamc-logistica\\\/\",\"https:\\\/\\\/www.youtube.com\\\/channel\\\/UCtx8k5oVVFe_J4eu9Zj8Cdw\"]}]}<\/script>\n<!-- \/ Yoast SEO plugin. -->","yoast_head_json":{"title":"Containers - WAMC Log","robots":{"index":"index","follow":"follow","max-snippet":"max-snippet:-1","max-image-preview":"max-image-preview:large","max-video-preview":"max-video-preview:-1"},"canonical":"https:\/\/wamclog.com.br\/en\/containers\/","og_locale":"en_US","og_type":"article","og_title":"Containers - WAMC Log","og_description":"[vc_row css=&#8221;.vc_custom_1637868627344{padding-top: 9vh !important;}&#8221; thb_divider_color=&#8221;#09195d&#8221; thb_divider_height=&#8221;300px&#8221;][vc_column thb_color=&#8221;thb-light-column&#8221; width=&#8221;1\/2&#8243;][vc_separator color=&#8221;custom&#8221; align=&#8221;align_left&#8221; border_width=&#8221;6&#8243; el_width=&#8221;30&#8243; css_animation=&#8221;fadeInLeft&#8221; accent_color=&#8221;#00aeef&#8221;][\/vc_column][\/vc_row][vc_row el_class=&#8221;align-center&#8221; css=&#8221;.vc_custom_1633467861907{margin-top: 6px !important;margin-bottom: 6vh !important;}&#8221; thb_row_title=&#8221;Our Process&#8221;][vc_column offset=&#8221;vc_col-lg-offset-0 vc_col-lg-7 vc_col-md-9&#8243;][vc_separator css_animation=&#8221;fadeInLeft&#8221;][vc_column_text animation=&#8221;animation left-to-right&#8221;] 1. What are the most used container models? [\/vc_column_text][vc_column_text animation=&#8221;animation right-to-left&#8221;]DRY BOX 20 or 40 feet: The Dry Box container is suitable for non-perishable goods.[\/vc_column_text][vc_separator css_animation=&#8221;fadeInLeft&#8221;][vc_column_text animation=&#8221;animation&hellip;","og_url":"https:\/\/wamclog.com.br\/en\/containers\/","og_site_name":"WAMC Log","article_publisher":"https:\/\/www.facebook.com\/wamclogistica\/","article_modified_time":"2022-04-13T21:53:21+00:00","og_image":[{"url":"https:\/\/wamclog.com.br\/wp-content\/uploads\/2022\/02\/DRY-1-300x105.png","type":"","width":"","height":""}],"twitter_card":"summary_large_image","twitter_misc":{"Est. reading time":"5 minutes"},"schema":{"@context":"https:\/\/schema.org","@graph":[{"@type":"WebPage","@id":"https:\/\/wamclog.com.br\/en\/containers\/","url":"https:\/\/wamclog.com.br\/en\/containers\/","name":"Containers - WAMC Log","isPartOf":{"@id":"https:\/\/wamclog.com.br\/en\/#website"},"primaryImageOfPage":{"@id":"https:\/\/wamclog.com.br\/en\/containers\/#primaryimage"},"image":{"@id":"https:\/\/wamclog.com.br\/en\/containers\/#primaryimage"},"thumbnailUrl":"https:\/\/wamclog.com.br\/wp-content\/uploads\/2022\/02\/DRY-1-300x105.png","datePublished":"2021-11-25T20:27:00+00:00","dateModified":"2022-04-13T21:53:21+00:00","breadcrumb":{"@id":"https:\/\/wamclog.com.br\/en\/containers\/#breadcrumb"},"inLanguage":"en-US","potentialAction":[{"@type":"ReadAction","target":["https:\/\/wamclog.com.br\/en\/containers\/"]}]},{"@type":"ImageObject","inLanguage":"en-US","@id":"https:\/\/wamclog.com.br\/en\/containers\/#primaryimage","url":"https:\/\/wamclog.com.br\/wp-content\/uploads\/2022\/02\/DRY-1-300x105.png","contentUrl":"https:\/\/wamclog.com.br\/wp-content\/uploads\/2022\/02\/DRY-1-300x105.png"},{"@type":"BreadcrumbList","@id":"https:\/\/wamclog.com.br\/en\/containers\/#breadcrumb","itemListElement":[{"@type":"ListItem","position":1,"name":"In\u00edcio","item":"https:\/\/wamclog.com.br\/en\/"},{"@type":"ListItem","position":2,"name":"Containers"}]},{"@type":"WebSite","@id":"https:\/\/wamclog.com.br\/en\/#website","url":"https:\/\/wamclog.com.br\/en\/","name":"WAMC Log","description":"Solu\u00e7\u00f5es customizadas em Com\u00e9rcio Exterior","publisher":{"@id":"https:\/\/wamclog.com.br\/en\/#organization"},"potentialAction":[{"@type":"SearchAction","target":{"@type":"EntryPoint","urlTemplate":"https:\/\/wamclog.com.br\/en\/?s={search_term_string}"},"query-input":{"@type":"PropertyValueSpecification","valueRequired":true,"valueName":"search_term_string"}}],"inLanguage":"en-US"},{"@type":"Organization","@id":"https:\/\/wamclog.com.br\/en\/#organization","name":"WAMC Log","url":"https:\/\/wamclog.com.br\/en\/","logo":{"@type":"ImageObject","inLanguage":"en-US","@id":"https:\/\/wamclog.com.br\/en\/#\/schema\/logo\/image\/","url":"https:\/\/wamclog.com.br\/wp-content\/uploads\/2021\/10\/wamclog-marca.png","contentUrl":"https:\/\/wamclog.com.br\/wp-content\/uploads\/2021\/10\/wamclog-marca.png","width":900,"height":360,"caption":"WAMC Log"},"image":{"@id":"https:\/\/wamclog.com.br\/en\/#\/schema\/logo\/image\/"},"sameAs":["https:\/\/www.facebook.com\/wamclogistica\/","https:\/\/www.instagram.com\/wamclog\/","https:\/\/www.linkedin.com\/company\/wamc-logistica\/","https:\/\/www.youtube.com\/channel\/UCtx8k5oVVFe_J4eu9Zj8Cdw"]}]}},"_links":{"self":[{"href":"https:\/\/wamclog.com.br\/en\/wp-json\/wp\/v2\/pages\/2682","targetHints":{"allow":["GET"]}}],"collection":[{"href":"https:\/\/wamclog.com.br\/en\/wp-json\/wp\/v2\/pages"}],"about":[{"href":"https:\/\/wamclog.com.br\/en\/wp-json\/wp\/v2\/types\/page"}],"author":[{"embeddable":true,"href":"https:\/\/wamclog.com.br\/en\/wp-json\/wp\/v2\/users\/1"}],"replies":[{"embeddable":true,"href":"https:\/\/wamclog.com.br\/en\/wp-json\/wp\/v2\/comments?post=2682"}],"version-history":[{"count":0,"href":"https:\/\/wamclog.com.br\/en\/wp-json\/wp\/v2\/pages\/2682\/revisions"}],"wp:attachment":[{"href":"https:\/\/wamclog.com.br\/en\/wp-json\/wp\/v2\/media?parent=2682"}],"curies":[{"name":"wp","href":"https:\/\/api.w.org\/{rel}","templated":true}]}}