{"id":2783,"date":"2021-11-25T17:06:31","date_gmt":"2021-11-25T20:06:31","guid":{"rendered":"https:\/\/wamclog.com.br\/habilitacao-radar\/"},"modified":"2022-05-20T13:44:52","modified_gmt":"2022-05-20T16:44:52","slug":"radar-enablement","status":"publish","type":"page","link":"https:\/\/wamclog.com.br\/en\/radar-enablement\/","title":{"rendered":"Radar Enablement"},"content":{"rendered":"<div class=\"wpb-content-wrapper\">[vc_row css=&#8221;.vc_custom_1637868627344{padding-top: 9vh !important;}&#8221; thb_divider_color=&#8221;#09195d&#8221; thb_divider_height=&#8221;300px&#8221;][vc_column thb_color=&#8221;thb-light-column&#8221; width=&#8221;1\/2&#8243;]\t<div id=\"thb-slidetype-69d2c3e21260e\" class=\"thb-slidetype \" data-style=\"style1\">\n\t\t\n<h1><span class=\"thb-slidetype-entry\"><span class=\"lines\">Radar Enablement<\/span><\/span><\/h1>\n\t\t\t\t<style>\n\t\t\t#thb-slidetype-69d2c3e21260e .thb-slidetype-entry {\n\t\t\t\tcolor: #09195d;\n\t\t\t}\n\t\t<\/style>\n\t\t\t<\/div>\n\n\t[vc_separator color=&#8221;custom&#8221; align=&#8221;align_left&#8221; border_width=&#8221;6&#8243; el_width=&#8221;30&#8243; css_animation=&#8221;fadeInLeft&#8221; accent_color=&#8221;#00aeef&#8221;][\/vc_column][\/vc_row][vc_row thb_full_width=&#8221;true&#8221; thb_row_padding=&#8221;true&#8221; thb_column_padding=&#8221;true&#8221; content_placement=&#8221;middle&#8221; css=&#8221;.vc_custom_1637868668114{padding-top: 6vh !important;padding-bottom: 6vh !important;background-color: #ffffff !important;}&#8221;][vc_column][vc_row_inner][vc_column_inner width=&#8221;1\/3&#8243; css=&#8221;.vc_custom_1609249872762{padding-right: 15% !important;padding-bottom: 70px !important;}&#8221;]\t<div id=\"thb-image-69d2c3e21273c\" class=\"caption-style1 animation left-to-right aligncenter full  thb_image_link wp-caption \">\n\t\t\t<div class=\"thb-image-inner size_100\">\n\t\t\t<img loading=\"lazy\" decoding=\"async\" width=\"750\" height=\"750\" src=\"https:\/\/wamclog.com.br\/wp-content\/uploads\/2021\/11\/radar@300x-100-1.jpeg\" class=\"thb_image    attachment-full\" alt=\"\" title=\"radar@300x-100 (1)\" srcset=\"https:\/\/wamclog.com.br\/wp-content\/uploads\/2021\/11\/radar@300x-100-1.jpeg 750w, https:\/\/wamclog.com.br\/wp-content\/uploads\/2021\/11\/radar@300x-100-1-300x300.jpeg 300w, https:\/\/wamclog.com.br\/wp-content\/uploads\/2021\/11\/radar@300x-100-1-150x150.jpeg 150w, https:\/\/wamclog.com.br\/wp-content\/uploads\/2021\/11\/radar@300x-100-1-200x200.jpeg 200w, https:\/\/wamclog.com.br\/wp-content\/uploads\/2021\/11\/radar@300x-100-1-100x100.jpeg 100w, https:\/\/wamclog.com.br\/wp-content\/uploads\/2021\/11\/radar@300x-100-1-380x380.jpeg 380w, https:\/\/wamclog.com.br\/wp-content\/uploads\/2021\/11\/radar@300x-100-1-20x20.jpeg 20w, https:\/\/wamclog.com.br\/wp-content\/uploads\/2021\/11\/radar@300x-100-1-190x190.jpeg 190w\" sizes=\"auto, (max-width: 750px) 100vw, 750px\" \/>\t\t\t\t\t<\/div>\n\t\t\t\t\t<\/div>\n\t[\/vc_column_inner][vc_column_inner width=&#8221;1\/2&#8243;][vc_column_text animation=&#8221;animation right-to-left&#8221;]System for Registration and Track-down of Customs Agents&#8217; Activities \u2013 known as RADAR in Brazil<\/p>\n<p>Does your company have plans to import and\/or export? Enabling RADAR is the first step towards this! WAMC Log can help your company throughout the process so that it can start international negotiations.<\/p>\n<p>We can guide the issuing of every document required for each type of license on Radar\/SISCOMEX. We also assist our clients on filling in the forms and submitting them to Brazilian Federal Revenue Service following all the requirements so that the certification of the individual or legal entity is duly analyzed and granted.<\/p>\n<p>Count on us from the start to the conclusion of your operation![\/vc_column_text][vc_separator color=&#8221;custom&#8221; align=&#8221;align_left&#8221; border_width=&#8221;6&#8243; el_width=&#8221;50&#8243; css_animation=&#8221;fadeInRight&#8221; accent_color=&#8221;#e3e3e3&#8243;][\/vc_column_inner][\/vc_row_inner][\/vc_column][\/vc_row]\n<\/div>","protected":false},"excerpt":{"rendered":"<p>[vc_row css=&#8221;.vc_custom_1637868627344{padding-top: 9vh !important;}&#8221; thb_divider_color=&#8221;#09195d&#8221; thb_divider_height=&#8221;300px&#8221;][vc_column thb_color=&#8221;thb-light-column&#8221; width=&#8221;1\/2&#8243;][vc_separator color=&#8221;custom&#8221; align=&#8221;align_left&#8221; border_width=&#8221;6&#8243; el_width=&#8221;30&#8243; css_animation=&#8221;fadeInLeft&#8221; accent_color=&#8221;#00aeef&#8221;][\/vc_column][\/vc_row][vc_row thb_full_width=&#8221;true&#8221; thb_row_padding=&#8221;true&#8221; thb_column_padding=&#8221;true&#8221; content_placement=&#8221;middle&#8221; css=&#8221;.vc_custom_1637868668114{padding-top: 6vh !important;padding-bottom: 6vh !important;background-color: #ffffff !important;}&#8221;][vc_column][vc_row_inner][vc_column_inner width=&#8221;1\/3&#8243; css=&#8221;.vc_custom_1609249872762{padding-right: 15% !important;padding-bottom: 70px !important;}&#8221;][\/vc_column_inner][vc_column_inner width=&#8221;1\/2&#8243;][vc_column_text animation=&#8221;animation right-to-left&#8221;]System for Registration and Track-down of Customs Agents&#8217; Activities \u2013 known as RADAR in Brazil Does your company have plans to import&hellip;<\/p>\n","protected":false},"author":1,"featured_media":0,"parent":0,"menu_order":0,"comment_status":"closed","ping_status":"closed","template":"","meta":{"inline_featured_image":false,"footnotes":""},"class_list":["post-2783","page","type-page","status-publish","hentry"],"yoast_head":"<!-- This site is optimized with the Yoast SEO plugin v27.3 - https:\/\/yoast.com\/product\/yoast-seo-wordpress\/ -->\n<title>Radar Enablement - WAMC Log<\/title>\n<meta name=\"robots\" content=\"index, follow, max-snippet:-1, max-image-preview:large, max-video-preview:-1\" \/>\n<link rel=\"canonical\" href=\"https:\/\/wamclog.com.br\/en\/radar-enablement\/\" \/>\n<meta property=\"og:locale\" content=\"en_US\" \/>\n<meta property=\"og:type\" content=\"article\" \/>\n<meta property=\"og:title\" content=\"Radar Enablement - WAMC Log\" \/>\n<meta property=\"og:description\" content=\"[vc_row css=&#8221;.vc_custom_1637868627344{padding-top: 9vh !important;}&#8221; thb_divider_color=&#8221;#09195d&#8221; thb_divider_height=&#8221;300px&#8221;][vc_column thb_color=&#8221;thb-light-column&#8221; width=&#8221;1\/2&#8243;][vc_separator color=&#8221;custom&#8221; align=&#8221;align_left&#8221; border_width=&#8221;6&#8243; el_width=&#8221;30&#8243; css_animation=&#8221;fadeInLeft&#8221; accent_color=&#8221;#00aeef&#8221;][\/vc_column][\/vc_row][vc_row thb_full_width=&#8221;true&#8221; thb_row_padding=&#8221;true&#8221; thb_column_padding=&#8221;true&#8221; content_placement=&#8221;middle&#8221; css=&#8221;.vc_custom_1637868668114{padding-top: 6vh !important;padding-bottom: 6vh !important;background-color: #ffffff !important;}&#8221;][vc_column][vc_row_inner][vc_column_inner width=&#8221;1\/3&#8243; css=&#8221;.vc_custom_1609249872762{padding-right: 15% !important;padding-bottom: 70px !important;}&#8221;][\/vc_column_inner][vc_column_inner width=&#8221;1\/2&#8243;][vc_column_text animation=&#8221;animation right-to-left&#8221;]System for Registration and Track-down of Customs Agents&#8217; Activities \u2013 known as RADAR in Brazil Does your company have plans to import&hellip;\" \/>\n<meta property=\"og:url\" content=\"https:\/\/wamclog.com.br\/en\/radar-enablement\/\" \/>\n<meta property=\"og:site_name\" content=\"WAMC Log\" \/>\n<meta property=\"article:publisher\" content=\"https:\/\/www.facebook.com\/wamclogistica\/\" \/>\n<meta property=\"article:modified_time\" content=\"2022-05-20T16:44:52+00:00\" \/>\n<meta name=\"twitter:card\" content=\"summary_large_image\" \/>\n<meta name=\"twitter:label1\" content=\"Est. reading time\" \/>\n\t<meta name=\"twitter:data1\" content=\"1 minute\" \/>\n<script type=\"application\/ld+json\" class=\"yoast-schema-graph\">{\"@context\":\"https:\\\/\\\/schema.org\",\"@graph\":[{\"@type\":\"WebPage\",\"@id\":\"https:\\\/\\\/wamclog.com.br\\\/en\\\/radar-enablement\\\/\",\"url\":\"https:\\\/\\\/wamclog.com.br\\\/en\\\/radar-enablement\\\/\",\"name\":\"Radar Enablement - WAMC Log\",\"isPartOf\":{\"@id\":\"https:\\\/\\\/wamclog.com.br\\\/en\\\/#website\"},\"datePublished\":\"2021-11-25T20:06:31+00:00\",\"dateModified\":\"2022-05-20T16:44:52+00:00\",\"breadcrumb\":{\"@id\":\"https:\\\/\\\/wamclog.com.br\\\/en\\\/radar-enablement\\\/#breadcrumb\"},\"inLanguage\":\"en-US\",\"potentialAction\":[{\"@type\":\"ReadAction\",\"target\":[\"https:\\\/\\\/wamclog.com.br\\\/en\\\/radar-enablement\\\/\"]}]},{\"@type\":\"BreadcrumbList\",\"@id\":\"https:\\\/\\\/wamclog.com.br\\\/en\\\/radar-enablement\\\/#breadcrumb\",\"itemListElement\":[{\"@type\":\"ListItem\",\"position\":1,\"name\":\"In\u00edcio\",\"item\":\"https:\\\/\\\/wamclog.com.br\\\/en\\\/\"},{\"@type\":\"ListItem\",\"position\":2,\"name\":\"Radar Enablement\"}]},{\"@type\":\"WebSite\",\"@id\":\"https:\\\/\\\/wamclog.com.br\\\/en\\\/#website\",\"url\":\"https:\\\/\\\/wamclog.com.br\\\/en\\\/\",\"name\":\"WAMC Log\",\"description\":\"Solu\u00e7\u00f5es customizadas em Com\u00e9rcio Exterior\",\"publisher\":{\"@id\":\"https:\\\/\\\/wamclog.com.br\\\/en\\\/#organization\"},\"potentialAction\":[{\"@type\":\"SearchAction\",\"target\":{\"@type\":\"EntryPoint\",\"urlTemplate\":\"https:\\\/\\\/wamclog.com.br\\\/en\\\/?s={search_term_string}\"},\"query-input\":{\"@type\":\"PropertyValueSpecification\",\"valueRequired\":true,\"valueName\":\"search_term_string\"}}],\"inLanguage\":\"en-US\"},{\"@type\":\"Organization\",\"@id\":\"https:\\\/\\\/wamclog.com.br\\\/en\\\/#organization\",\"name\":\"WAMC Log\",\"url\":\"https:\\\/\\\/wamclog.com.br\\\/en\\\/\",\"logo\":{\"@type\":\"ImageObject\",\"inLanguage\":\"en-US\",\"@id\":\"https:\\\/\\\/wamclog.com.br\\\/en\\\/#\\\/schema\\\/logo\\\/image\\\/\",\"url\":\"https:\\\/\\\/wamclog.com.br\\\/wp-content\\\/uploads\\\/2021\\\/10\\\/wamclog-marca.png\",\"contentUrl\":\"https:\\\/\\\/wamclog.com.br\\\/wp-content\\\/uploads\\\/2021\\\/10\\\/wamclog-marca.png\",\"width\":900,\"height\":360,\"caption\":\"WAMC Log\"},\"image\":{\"@id\":\"https:\\\/\\\/wamclog.com.br\\\/en\\\/#\\\/schema\\\/logo\\\/image\\\/\"},\"sameAs\":[\"https:\\\/\\\/www.facebook.com\\\/wamclogistica\\\/\",\"https:\\\/\\\/www.instagram.com\\\/wamclog\\\/\",\"https:\\\/\\\/www.linkedin.com\\\/company\\\/wamc-logistica\\\/\",\"https:\\\/\\\/www.youtube.com\\\/channel\\\/UCtx8k5oVVFe_J4eu9Zj8Cdw\"]}]}<\/script>\n<!-- \/ Yoast SEO plugin. -->","yoast_head_json":{"title":"Radar Enablement - WAMC Log","robots":{"index":"index","follow":"follow","max-snippet":"max-snippet:-1","max-image-preview":"max-image-preview:large","max-video-preview":"max-video-preview:-1"},"canonical":"https:\/\/wamclog.com.br\/en\/radar-enablement\/","og_locale":"en_US","og_type":"article","og_title":"Radar Enablement - WAMC Log","og_description":"[vc_row css=&#8221;.vc_custom_1637868627344{padding-top: 9vh !important;}&#8221; thb_divider_color=&#8221;#09195d&#8221; thb_divider_height=&#8221;300px&#8221;][vc_column thb_color=&#8221;thb-light-column&#8221; width=&#8221;1\/2&#8243;][vc_separator color=&#8221;custom&#8221; align=&#8221;align_left&#8221; border_width=&#8221;6&#8243; el_width=&#8221;30&#8243; css_animation=&#8221;fadeInLeft&#8221; accent_color=&#8221;#00aeef&#8221;][\/vc_column][\/vc_row][vc_row thb_full_width=&#8221;true&#8221; thb_row_padding=&#8221;true&#8221; thb_column_padding=&#8221;true&#8221; content_placement=&#8221;middle&#8221; css=&#8221;.vc_custom_1637868668114{padding-top: 6vh !important;padding-bottom: 6vh !important;background-color: #ffffff !important;}&#8221;][vc_column][vc_row_inner][vc_column_inner width=&#8221;1\/3&#8243; css=&#8221;.vc_custom_1609249872762{padding-right: 15% !important;padding-bottom: 70px !important;}&#8221;][\/vc_column_inner][vc_column_inner width=&#8221;1\/2&#8243;][vc_column_text animation=&#8221;animation right-to-left&#8221;]System for Registration and Track-down of Customs Agents&#8217; Activities \u2013 known as RADAR in Brazil Does your company have plans to import&hellip;","og_url":"https:\/\/wamclog.com.br\/en\/radar-enablement\/","og_site_name":"WAMC Log","article_publisher":"https:\/\/www.facebook.com\/wamclogistica\/","article_modified_time":"2022-05-20T16:44:52+00:00","twitter_card":"summary_large_image","twitter_misc":{"Est. reading time":"1 minute"},"schema":{"@context":"https:\/\/schema.org","@graph":[{"@type":"WebPage","@id":"https:\/\/wamclog.com.br\/en\/radar-enablement\/","url":"https:\/\/wamclog.com.br\/en\/radar-enablement\/","name":"Radar Enablement - WAMC Log","isPartOf":{"@id":"https:\/\/wamclog.com.br\/en\/#website"},"datePublished":"2021-11-25T20:06:31+00:00","dateModified":"2022-05-20T16:44:52+00:00","breadcrumb":{"@id":"https:\/\/wamclog.com.br\/en\/radar-enablement\/#breadcrumb"},"inLanguage":"en-US","potentialAction":[{"@type":"ReadAction","target":["https:\/\/wamclog.com.br\/en\/radar-enablement\/"]}]},{"@type":"BreadcrumbList","@id":"https:\/\/wamclog.com.br\/en\/radar-enablement\/#breadcrumb","itemListElement":[{"@type":"ListItem","position":1,"name":"In\u00edcio","item":"https:\/\/wamclog.com.br\/en\/"},{"@type":"ListItem","position":2,"name":"Radar Enablement"}]},{"@type":"WebSite","@id":"https:\/\/wamclog.com.br\/en\/#website","url":"https:\/\/wamclog.com.br\/en\/","name":"WAMC Log","description":"Solu\u00e7\u00f5es customizadas em Com\u00e9rcio Exterior","publisher":{"@id":"https:\/\/wamclog.com.br\/en\/#organization"},"potentialAction":[{"@type":"SearchAction","target":{"@type":"EntryPoint","urlTemplate":"https:\/\/wamclog.com.br\/en\/?s={search_term_string}"},"query-input":{"@type":"PropertyValueSpecification","valueRequired":true,"valueName":"search_term_string"}}],"inLanguage":"en-US"},{"@type":"Organization","@id":"https:\/\/wamclog.com.br\/en\/#organization","name":"WAMC Log","url":"https:\/\/wamclog.com.br\/en\/","logo":{"@type":"ImageObject","inLanguage":"en-US","@id":"https:\/\/wamclog.com.br\/en\/#\/schema\/logo\/image\/","url":"https:\/\/wamclog.com.br\/wp-content\/uploads\/2021\/10\/wamclog-marca.png","contentUrl":"https:\/\/wamclog.com.br\/wp-content\/uploads\/2021\/10\/wamclog-marca.png","width":900,"height":360,"caption":"WAMC Log"},"image":{"@id":"https:\/\/wamclog.com.br\/en\/#\/schema\/logo\/image\/"},"sameAs":["https:\/\/www.facebook.com\/wamclogistica\/","https:\/\/www.instagram.com\/wamclog\/","https:\/\/www.linkedin.com\/company\/wamc-logistica\/","https:\/\/www.youtube.com\/channel\/UCtx8k5oVVFe_J4eu9Zj8Cdw"]}]}},"_links":{"self":[{"href":"https:\/\/wamclog.com.br\/en\/wp-json\/wp\/v2\/pages\/2783","targetHints":{"allow":["GET"]}}],"collection":[{"href":"https:\/\/wamclog.com.br\/en\/wp-json\/wp\/v2\/pages"}],"about":[{"href":"https:\/\/wamclog.com.br\/en\/wp-json\/wp\/v2\/types\/page"}],"author":[{"embeddable":true,"href":"https:\/\/wamclog.com.br\/en\/wp-json\/wp\/v2\/users\/1"}],"replies":[{"embeddable":true,"href":"https:\/\/wamclog.com.br\/en\/wp-json\/wp\/v2\/comments?post=2783"}],"version-history":[{"count":0,"href":"https:\/\/wamclog.com.br\/en\/wp-json\/wp\/v2\/pages\/2783\/revisions"}],"wp:attachment":[{"href":"https:\/\/wamclog.com.br\/en\/wp-json\/wp\/v2\/media?parent=2783"}],"curies":[{"name":"wp","href":"https:\/\/api.w.org\/{rel}","templated":true}]}}