{"id":2787,"date":"2021-11-25T16:22:14","date_gmt":"2021-11-25T19:22:14","guid":{"rendered":"https:\/\/wamclog.com.br\/frete-internacional\/"},"modified":"2022-06-30T13:14:05","modified_gmt":"2022-06-30T16:14:05","slug":"international-shipping","status":"publish","type":"page","link":"https:\/\/wamclog.com.br\/en\/international-shipping\/","title":{"rendered":"International shipping"},"content":{"rendered":"<div class=\"wpb-content-wrapper\">[vc_row css=&#8221;.vc_custom_1637868627344{padding-top: 9vh !important;}&#8221; thb_divider_color=&#8221;#09195d&#8221; thb_divider_height=&#8221;300px&#8221;][vc_column thb_color=&#8221;thb-light-column&#8221; width=&#8221;1\/2&#8243;]\t<div id=\"thb-slidetype-69d2eac625a4b\" class=\"thb-slidetype \" data-style=\"style1\">\n\t\t\n<h1><span class=\"thb-slidetype-entry\"><span class=\"lines\">International shipping<\/span><\/span><\/h1>\n\t\t\t\t<style>\n\t\t\t#thb-slidetype-69d2eac625a4b .thb-slidetype-entry {\n\t\t\t\tcolor: #09195d;\n\t\t\t}\n\t\t<\/style>\n\t\t\t<\/div>\n\n\t[vc_separator color=&#8221;custom&#8221; align=&#8221;align_left&#8221; border_width=&#8221;6&#8243; el_width=&#8221;30&#8243; css_animation=&#8221;fadeInLeft&#8221; accent_color=&#8221;#00aeef&#8221;][\/vc_column][\/vc_row][vc_row thb_full_width=&#8221;true&#8221; thb_row_padding=&#8221;true&#8221; thb_column_padding=&#8221;true&#8221; content_placement=&#8221;middle&#8221; css=&#8221;.vc_custom_1637868668114{padding-top: 6vh !important;padding-bottom: 6vh !important;background-color: #ffffff !important;}&#8221;][vc_column][vc_row_inner][vc_column_inner width=&#8221;1\/3&#8243; css=&#8221;.vc_custom_1609249872762{padding-right: 15% !important;padding-bottom: 70px !important;}&#8221;]\t<div id=\"thb-image-69d2eac625b28\" class=\"caption-style1 animation left-to-right aligncenter full  thb_image_link wp-caption \">\n\t\t\t<div class=\"thb-image-inner size_100\">\n\t\t\t<img loading=\"lazy\" decoding=\"async\" width=\"750\" height=\"750\" src=\"https:\/\/wamclog.com.br\/wp-content\/uploads\/2021\/11\/frete@300x-100-1.jpeg\" class=\"thb_image    attachment-full\" alt=\"\" title=\"frete@300x-100 (1)\" srcset=\"https:\/\/wamclog.com.br\/wp-content\/uploads\/2021\/11\/frete@300x-100-1.jpeg 750w, https:\/\/wamclog.com.br\/wp-content\/uploads\/2021\/11\/frete@300x-100-1-300x300.jpeg 300w, https:\/\/wamclog.com.br\/wp-content\/uploads\/2021\/11\/frete@300x-100-1-150x150.jpeg 150w, https:\/\/wamclog.com.br\/wp-content\/uploads\/2021\/11\/frete@300x-100-1-200x200.jpeg 200w, https:\/\/wamclog.com.br\/wp-content\/uploads\/2021\/11\/frete@300x-100-1-100x100.jpeg 100w, https:\/\/wamclog.com.br\/wp-content\/uploads\/2021\/11\/frete@300x-100-1-380x380.jpeg 380w, https:\/\/wamclog.com.br\/wp-content\/uploads\/2021\/11\/frete@300x-100-1-20x20.jpeg 20w, https:\/\/wamclog.com.br\/wp-content\/uploads\/2021\/11\/frete@300x-100-1-190x190.jpeg 190w\" sizes=\"auto, (max-width: 750px) 100vw, 750px\" \/>\t\t\t\t\t<\/div>\n\t\t\t\t\t<\/div>\n\t[\/vc_column_inner][vc_column_inner width=&#8221;1\/2&#8243;][vc_column_text animation=&#8221;animation right-to-left&#8221;]Due the current challenges of international logistics, it is essential that importers and exporters choose a reliable logistics provider that, above all, deliver adequate solutions for their needs.<\/p>\n<p>WAMC Log has been in the freight forwarding market for over 20 years. Such maturity in its connections and logistics solutions allows it to create personalized strategies for its clients that involve modes, routes, and cost-effectiveness.<\/p>\n<p>We know that negotiating with other nations requires special attention to several details, based on transparency and dedication. We know in depth the rules and legislation of each product so that your company does not have to worry or have surprises during the shipment.[\/vc_column_text][vc_separator color=&#8221;custom&#8221; align=&#8221;align_left&#8221; border_width=&#8221;6&#8243; el_width=&#8221;50&#8243; css_animation=&#8221;fadeInRight&#8221; accent_color=&#8221;#e3e3e3&#8243;][\/vc_column_inner][\/vc_row_inner][\/vc_column][\/vc_row][vc_row thb_full_width=&#8221;true&#8221; css=&#8221;.vc_custom_1637869995839{padding-top: 12vh !important;padding-right: 12vh !important;padding-bottom: 12vh !important;padding-left: 12vh !important;background-color: #edf8ff !important;}&#8221;][vc_column]\t<div id=\"thb-slidetype-69d2eac626a86\" class=\"thb-slidetype \" data-style=\"style1\">\n\t\t\n<h3><span class=\"thb-slidetype-entry\"><span class=\"lines\">LEARN ABOUT OUR SOLUTIONS<\/span><\/span><\/h3>\n\t\t\t\t<style>\n\t\t\t#thb-slidetype-69d2eac626a86 .thb-slidetype-entry {\n\t\t\t\tcolor: #00aeef;\n\t\t\t}\n\t\t<\/style>\n\t\t\t<\/div>\n\n\t[vc_separator color=&#8221;custom&#8221; align=&#8221;align_left&#8221; border_width=&#8221;6&#8243; el_width=&#8221;10&#8243; css_animation=&#8221;fadeInLeft&#8221; accent_color=&#8221;#09195d&#8221;][vc_row_inner css=&#8221;.vc_custom_1637869241836{padding-top: 6vh !important;}&#8221;][vc_column_inner width=&#8221;1\/2&#8243; animation=&#8221;animation left-to-right&#8221;]\t<div id=\"thb-iconbox-69d2eac626aff\" class=\"thb-iconbox left type2     animation-true\" href=\"\" target=\"_self\" data-animation_speed=\"1.5\">\n\t\t\t\t<figure>\n\t\t\t<svg xmlns=\"http:\/\/www.w3.org\/2000\/svg\" viewBox=\"0 0 64 64\" enable-background=\"new 0 0 64 64\"><g fill=\"none\" stroke=\"#000\" stroke-width=\"2\" stroke-miterlimit=\"10\"><circle cx=\"32\" cy=\"32\" r=\"30.999\"\/><path stroke-linejoin=\"bevel\" d=\"m17 23h24v24\"\/><\/g><\/svg>\t\t\t\t\t\t\t\t<\/figure>\n\t\t\t\t<div class=\"iconbox-content\">\n\t\t\t\t\t\t\t<h5>Logistics Chain Management<\/h5>\t\t\t\t\t\t\t\t<\/div>\n\t\t<style>\n\t\t\t\t\t\t\t\t\t#thb-iconbox-69d2eac626aff.thb-iconbox h5 {\n\t\t\t\tfont-size: 21px;\n\t\t\t}\n\t\t\t\t\t\t\t\t\t\t\t\t#thb-iconbox-69d2eac626aff.thb-iconbox figure svg path,\n\t\t\t#thb-iconbox-69d2eac626aff.thb-iconbox figure svg circle,\n\t\t\t#thb-iconbox-69d2eac626aff.thb-iconbox figure svg rect,\n\t\t\t#thb-iconbox-69d2eac626aff.thb-iconbox figure svg ellipse {\n\t\t\t\tstroke: #00aeef;\n\t\t\t}\n\t\t\t\t\t\t\t\t\t\t\t\t#thb-iconbox-69d2eac626aff.thb-iconbox .iconbox-content h5,\n\t\t\t#thb-iconbox-69d2eac626aff.thb-iconbox figure h5 {\n\t\t\t\tcolor: #09195d;\n\t\t\t}\n\t\t\t\t\t\t\t\t\t\/* Hover *\/\n\t\t\t\t\t\t\t\t\t\t\t<\/style>\n\t<\/div>\n\t\t<div id=\"thb-iconbox-69d2eac626cd5\" class=\"thb-iconbox left type2     animation-true\" href=\"\" target=\"_self\" data-animation_speed=\"1.5\">\n\t\t\t\t<figure>\n\t\t\t<svg xmlns=\"http:\/\/www.w3.org\/2000\/svg\" viewBox=\"0 0 64 64\" enable-background=\"new 0 0 64 64\"><g fill=\"none\" stroke=\"#000\" stroke-width=\"2\" stroke-miterlimit=\"10\"><circle cx=\"32\" cy=\"32\" r=\"30.999\"\/><path stroke-linejoin=\"bevel\" d=\"m17 23h24v24\"\/><\/g><\/svg>\t\t\t\t\t\t\t\t<\/figure>\n\t\t\t\t<div class=\"iconbox-content\">\n\t\t\t\t\t\t\t<h5>FCL and LCL Shipments<\/h5>\t\t\t\t\t\t\t\t<\/div>\n\t\t<style>\n\t\t\t\t\t\t\t\t\t#thb-iconbox-69d2eac626cd5.thb-iconbox h5 {\n\t\t\t\tfont-size: 21px;\n\t\t\t}\n\t\t\t\t\t\t\t\t\t\t\t\t#thb-iconbox-69d2eac626cd5.thb-iconbox figure svg path,\n\t\t\t#thb-iconbox-69d2eac626cd5.thb-iconbox figure svg circle,\n\t\t\t#thb-iconbox-69d2eac626cd5.thb-iconbox figure svg rect,\n\t\t\t#thb-iconbox-69d2eac626cd5.thb-iconbox figure svg ellipse {\n\t\t\t\tstroke: #00aeef;\n\t\t\t}\n\t\t\t\t\t\t\t\t\t\t\t\t#thb-iconbox-69d2eac626cd5.thb-iconbox .iconbox-content h5,\n\t\t\t#thb-iconbox-69d2eac626cd5.thb-iconbox figure h5 {\n\t\t\t\tcolor: #09195d;\n\t\t\t}\n\t\t\t\t\t\t\t\t\t\/* Hover *\/\n\t\t\t\t\t\t\t\t\t\t\t<\/style>\n\t<\/div>\n\t\t<div id=\"thb-iconbox-69d2eac626de7\" class=\"thb-iconbox left type2     animation-true\" href=\"\" target=\"_self\" data-animation_speed=\"1.5\">\n\t\t\t\t<figure>\n\t\t\t<svg xmlns=\"http:\/\/www.w3.org\/2000\/svg\" viewBox=\"0 0 64 64\" enable-background=\"new 0 0 64 64\"><g fill=\"none\" stroke=\"#000\" stroke-width=\"2\" stroke-miterlimit=\"10\"><circle cx=\"32\" cy=\"32\" r=\"30.999\"\/><path stroke-linejoin=\"bevel\" d=\"m17 23h24v24\"\/><\/g><\/svg>\t\t\t\t\t\t\t\t<\/figure>\n\t\t\t\t<div class=\"iconbox-content\">\n\t\t\t\t\t\t\t<h5>Special Logistics Projects<\/h5>\t\t\t\t\t\t\t\t<\/div>\n\t\t<style>\n\t\t\t\t\t\t\t\t\t#thb-iconbox-69d2eac626de7.thb-iconbox h5 {\n\t\t\t\tfont-size: 21px;\n\t\t\t}\n\t\t\t\t\t\t\t\t\t\t\t\t#thb-iconbox-69d2eac626de7.thb-iconbox figure svg path,\n\t\t\t#thb-iconbox-69d2eac626de7.thb-iconbox figure svg circle,\n\t\t\t#thb-iconbox-69d2eac626de7.thb-iconbox figure svg rect,\n\t\t\t#thb-iconbox-69d2eac626de7.thb-iconbox figure svg ellipse {\n\t\t\t\tstroke: #00aeef;\n\t\t\t}\n\t\t\t\t\t\t\t\t\t\t\t\t#thb-iconbox-69d2eac626de7.thb-iconbox .iconbox-content h5,\n\t\t\t#thb-iconbox-69d2eac626de7.thb-iconbox figure h5 {\n\t\t\t\tcolor: #09195d;\n\t\t\t}\n\t\t\t\t\t\t\t\t\t\/* Hover *\/\n\t\t\t\t\t\t\t\t\t\t\t<\/style>\n\t<\/div>\n\t\t<div id=\"thb-iconbox-69d2eac626ec3\" class=\"thb-iconbox left type2     animation-true\" href=\"\" target=\"_self\" data-animation_speed=\"1.5\">\n\t\t\t\t<figure>\n\t\t\t<svg xmlns=\"http:\/\/www.w3.org\/2000\/svg\" viewBox=\"0 0 64 64\" enable-background=\"new 0 0 64 64\"><g fill=\"none\" stroke=\"#000\" stroke-width=\"2\" stroke-miterlimit=\"10\"><circle cx=\"32\" cy=\"32\" r=\"30.999\"\/><path stroke-linejoin=\"bevel\" d=\"m17 23h24v24\"\/><\/g><\/svg>\t\t\t\t\t\t\t\t<\/figure>\n\t\t\t\t<div class=\"iconbox-content\">\n\t\t\t\t\t\t\t<h5>International Insurance<\/h5>\t\t\t\t\t\t\t\t<\/div>\n\t\t<style>\n\t\t\t\t\t\t\t\t\t#thb-iconbox-69d2eac626ec3.thb-iconbox h5 {\n\t\t\t\tfont-size: 21px;\n\t\t\t}\n\t\t\t\t\t\t\t\t\t\t\t\t#thb-iconbox-69d2eac626ec3.thb-iconbox figure svg path,\n\t\t\t#thb-iconbox-69d2eac626ec3.thb-iconbox figure svg circle,\n\t\t\t#thb-iconbox-69d2eac626ec3.thb-iconbox figure svg rect,\n\t\t\t#thb-iconbox-69d2eac626ec3.thb-iconbox figure svg ellipse {\n\t\t\t\tstroke: #00aeef;\n\t\t\t}\n\t\t\t\t\t\t\t\t\t\t\t\t#thb-iconbox-69d2eac626ec3.thb-iconbox .iconbox-content h5,\n\t\t\t#thb-iconbox-69d2eac626ec3.thb-iconbox figure h5 {\n\t\t\t\tcolor: #09195d;\n\t\t\t}\n\t\t\t\t\t\t\t\t\t\/* Hover *\/\n\t\t\t\t\t\t\t\t\t\t\t<\/style>\n\t<\/div>\n\t[\/vc_column_inner][vc_column_inner width=&#8221;1\/2&#8243; animation=&#8221;animation right-to-left&#8221;]\t<div id=\"thb-iconbox-69d2eac626fe1\" class=\"thb-iconbox left type2     animation-true\" href=\"\" target=\"_self\" data-animation_speed=\"1.5\">\n\t\t\t\t<figure>\n\t\t\t<svg xmlns=\"http:\/\/www.w3.org\/2000\/svg\" viewBox=\"0 0 64 64\" enable-background=\"new 0 0 64 64\"><g fill=\"none\" stroke=\"#000\" stroke-width=\"2\" stroke-miterlimit=\"10\"><circle cx=\"32\" cy=\"32\" r=\"30.999\"\/><path stroke-linejoin=\"bevel\" d=\"m17 23h24v24\"\/><\/g><\/svg>\t\t\t\t\t\t\t\t<\/figure>\n\t\t\t\t<div class=\"iconbox-content\">\n\t\t\t\t\t\t\t<h5>International Air, Sea and Road Freight Shipping<\/h5>\t\t\t\t\t\t\t\t<\/div>\n\t\t<style>\n\t\t\t\t\t\t\t\t\t#thb-iconbox-69d2eac626fe1.thb-iconbox h5 {\n\t\t\t\tfont-size: 21px;\n\t\t\t}\n\t\t\t\t\t\t\t\t\t\t\t\t#thb-iconbox-69d2eac626fe1.thb-iconbox figure svg path,\n\t\t\t#thb-iconbox-69d2eac626fe1.thb-iconbox figure svg circle,\n\t\t\t#thb-iconbox-69d2eac626fe1.thb-iconbox figure svg rect,\n\t\t\t#thb-iconbox-69d2eac626fe1.thb-iconbox figure svg ellipse {\n\t\t\t\tstroke: #00aeef;\n\t\t\t}\n\t\t\t\t\t\t\t\t\t\t\t\t#thb-iconbox-69d2eac626fe1.thb-iconbox .iconbox-content h5,\n\t\t\t#thb-iconbox-69d2eac626fe1.thb-iconbox figure h5 {\n\t\t\t\tcolor: #09195d;\n\t\t\t}\n\t\t\t\t\t\t\t\t\t\/* Hover *\/\n\t\t\t\t\t\t\t\t\t\t\t<\/style>\n\t<\/div>\n\t\t<div id=\"thb-iconbox-69d2eac6270d6\" class=\"thb-iconbox left type2     animation-true\" href=\"\" target=\"_self\" data-animation_speed=\"1.5\">\n\t\t\t\t<figure>\n\t\t\t<svg xmlns=\"http:\/\/www.w3.org\/2000\/svg\" viewBox=\"0 0 64 64\" enable-background=\"new 0 0 64 64\"><g fill=\"none\" stroke=\"#000\" stroke-width=\"2\" stroke-miterlimit=\"10\"><circle cx=\"32\" cy=\"32\" r=\"30.999\"\/><path stroke-linejoin=\"bevel\" d=\"m17 23h24v24\"\/><\/g><\/svg>\t\t\t\t\t\t\t\t<\/figure>\n\t\t\t\t<div class=\"iconbox-content\">\n\t\t\t\t\t\t\t<h5>Internal Road Transport (Pick up and delivery)<\/h5>\t\t\t\t\t\t\t\t<\/div>\n\t\t<style>\n\t\t\t\t\t\t\t\t\t#thb-iconbox-69d2eac6270d6.thb-iconbox h5 {\n\t\t\t\tfont-size: 21px;\n\t\t\t}\n\t\t\t\t\t\t\t\t\t\t\t\t#thb-iconbox-69d2eac6270d6.thb-iconbox figure svg path,\n\t\t\t#thb-iconbox-69d2eac6270d6.thb-iconbox figure svg circle,\n\t\t\t#thb-iconbox-69d2eac6270d6.thb-iconbox figure svg rect,\n\t\t\t#thb-iconbox-69d2eac6270d6.thb-iconbox figure svg ellipse {\n\t\t\t\tstroke: #00aeef;\n\t\t\t}\n\t\t\t\t\t\t\t\t\t\t\t\t#thb-iconbox-69d2eac6270d6.thb-iconbox .iconbox-content h5,\n\t\t\t#thb-iconbox-69d2eac6270d6.thb-iconbox figure h5 {\n\t\t\t\tcolor: #09195d;\n\t\t\t}\n\t\t\t\t\t\t\t\t\t\/* Hover *\/\n\t\t\t\t\t\t\t\t\t\t\t<\/style>\n\t<\/div>\n\t\t<div id=\"thb-iconbox-69d2eac6271b2\" class=\"thb-iconbox left type2     animation-true\" href=\"\" target=\"_self\" data-animation_speed=\"1.5\">\n\t\t\t\t<figure>\n\t\t\t<svg xmlns=\"http:\/\/www.w3.org\/2000\/svg\" viewBox=\"0 0 64 64\" enable-background=\"new 0 0 64 64\"><g fill=\"none\" stroke=\"#000\" stroke-width=\"2\" stroke-miterlimit=\"10\"><circle cx=\"32\" cy=\"32\" r=\"30.999\"\/><path stroke-linejoin=\"bevel\" d=\"m17 23h24v24\"\/><\/g><\/svg>\t\t\t\t\t\t\t\t<\/figure>\n\t\t\t\t<div class=\"iconbox-content\">\n\t\t\t\t\t\t\t<h5>Door-to-Door Shipments<\/h5>\t\t\t\t\t\t\t\t<\/div>\n\t\t<style>\n\t\t\t\t\t\t\t\t\t#thb-iconbox-69d2eac6271b2.thb-iconbox h5 {\n\t\t\t\tfont-size: 21px;\n\t\t\t}\n\t\t\t\t\t\t\t\t\t\t\t\t#thb-iconbox-69d2eac6271b2.thb-iconbox figure svg path,\n\t\t\t#thb-iconbox-69d2eac6271b2.thb-iconbox figure svg circle,\n\t\t\t#thb-iconbox-69d2eac6271b2.thb-iconbox figure svg rect,\n\t\t\t#thb-iconbox-69d2eac6271b2.thb-iconbox figure svg ellipse {\n\t\t\t\tstroke: #00aeef;\n\t\t\t}\n\t\t\t\t\t\t\t\t\t\t\t\t#thb-iconbox-69d2eac6271b2.thb-iconbox .iconbox-content h5,\n\t\t\t#thb-iconbox-69d2eac6271b2.thb-iconbox figure h5 {\n\t\t\t\tcolor: #09195d;\n\t\t\t}\n\t\t\t\t\t\t\t\t\t\/* Hover *\/\n\t\t\t\t\t\t\t\t\t\t\t<\/style>\n\t<\/div>\n\t[\/vc_column_inner][\/vc_row_inner][\/vc_column][\/vc_row]\n<\/div>","protected":false},"excerpt":{"rendered":"<p>[vc_row css=&#8221;.vc_custom_1637868627344{padding-top: 9vh !important;}&#8221; thb_divider_color=&#8221;#09195d&#8221; thb_divider_height=&#8221;300px&#8221;][vc_column thb_color=&#8221;thb-light-column&#8221; width=&#8221;1\/2&#8243;][vc_separator color=&#8221;custom&#8221; align=&#8221;align_left&#8221; border_width=&#8221;6&#8243; el_width=&#8221;30&#8243; css_animation=&#8221;fadeInLeft&#8221; accent_color=&#8221;#00aeef&#8221;][\/vc_column][\/vc_row][vc_row thb_full_width=&#8221;true&#8221; thb_row_padding=&#8221;true&#8221; thb_column_padding=&#8221;true&#8221; content_placement=&#8221;middle&#8221; css=&#8221;.vc_custom_1637868668114{padding-top: 6vh !important;padding-bottom: 6vh !important;background-color: #ffffff !important;}&#8221;][vc_column][vc_row_inner][vc_column_inner width=&#8221;1\/3&#8243; css=&#8221;.vc_custom_1609249872762{padding-right: 15% !important;padding-bottom: 70px !important;}&#8221;][\/vc_column_inner][vc_column_inner width=&#8221;1\/2&#8243;][vc_column_text animation=&#8221;animation right-to-left&#8221;]Due the current challenges of international logistics, it is essential that importers and exporters choose a reliable logistics provider that, above all,&hellip;<\/p>\n","protected":false},"author":1,"featured_media":0,"parent":0,"menu_order":0,"comment_status":"closed","ping_status":"closed","template":"","meta":{"inline_featured_image":false,"footnotes":""},"class_list":["post-2787","page","type-page","status-publish","hentry"],"yoast_head":"<!-- This site is optimized with the Yoast SEO plugin v27.3 - https:\/\/yoast.com\/product\/yoast-seo-wordpress\/ -->\n<title>International shipping - WAMC Log<\/title>\n<meta name=\"robots\" content=\"index, follow, max-snippet:-1, max-image-preview:large, max-video-preview:-1\" \/>\n<link rel=\"canonical\" href=\"https:\/\/wamclog.com.br\/en\/international-shipping\/\" \/>\n<meta property=\"og:locale\" content=\"en_US\" \/>\n<meta property=\"og:type\" content=\"article\" \/>\n<meta property=\"og:title\" content=\"International shipping - WAMC Log\" \/>\n<meta property=\"og:description\" content=\"[vc_row css=&#8221;.vc_custom_1637868627344{padding-top: 9vh !important;}&#8221; thb_divider_color=&#8221;#09195d&#8221; thb_divider_height=&#8221;300px&#8221;][vc_column thb_color=&#8221;thb-light-column&#8221; width=&#8221;1\/2&#8243;][vc_separator color=&#8221;custom&#8221; align=&#8221;align_left&#8221; border_width=&#8221;6&#8243; el_width=&#8221;30&#8243; css_animation=&#8221;fadeInLeft&#8221; accent_color=&#8221;#00aeef&#8221;][\/vc_column][\/vc_row][vc_row thb_full_width=&#8221;true&#8221; thb_row_padding=&#8221;true&#8221; thb_column_padding=&#8221;true&#8221; content_placement=&#8221;middle&#8221; css=&#8221;.vc_custom_1637868668114{padding-top: 6vh !important;padding-bottom: 6vh !important;background-color: #ffffff !important;}&#8221;][vc_column][vc_row_inner][vc_column_inner width=&#8221;1\/3&#8243; css=&#8221;.vc_custom_1609249872762{padding-right: 15% !important;padding-bottom: 70px !important;}&#8221;][\/vc_column_inner][vc_column_inner width=&#8221;1\/2&#8243;][vc_column_text animation=&#8221;animation right-to-left&#8221;]Due the current challenges of international logistics, it is essential that importers and exporters choose a reliable logistics provider that, above all,&hellip;\" \/>\n<meta property=\"og:url\" content=\"https:\/\/wamclog.com.br\/en\/international-shipping\/\" \/>\n<meta property=\"og:site_name\" content=\"WAMC Log\" \/>\n<meta property=\"article:publisher\" content=\"https:\/\/www.facebook.com\/wamclogistica\/\" \/>\n<meta property=\"article:modified_time\" content=\"2022-06-30T16:14:05+00:00\" \/>\n<meta name=\"twitter:card\" content=\"summary_large_image\" \/>\n<meta name=\"twitter:label1\" content=\"Est. reading time\" \/>\n\t<meta name=\"twitter:data1\" content=\"2 minutes\" \/>\n<script type=\"application\/ld+json\" class=\"yoast-schema-graph\">{\"@context\":\"https:\\\/\\\/schema.org\",\"@graph\":[{\"@type\":\"WebPage\",\"@id\":\"https:\\\/\\\/wamclog.com.br\\\/en\\\/international-shipping\\\/\",\"url\":\"https:\\\/\\\/wamclog.com.br\\\/en\\\/international-shipping\\\/\",\"name\":\"International shipping - WAMC Log\",\"isPartOf\":{\"@id\":\"https:\\\/\\\/wamclog.com.br\\\/en\\\/#website\"},\"datePublished\":\"2021-11-25T19:22:14+00:00\",\"dateModified\":\"2022-06-30T16:14:05+00:00\",\"breadcrumb\":{\"@id\":\"https:\\\/\\\/wamclog.com.br\\\/en\\\/international-shipping\\\/#breadcrumb\"},\"inLanguage\":\"en-US\",\"potentialAction\":[{\"@type\":\"ReadAction\",\"target\":[\"https:\\\/\\\/wamclog.com.br\\\/en\\\/international-shipping\\\/\"]}]},{\"@type\":\"BreadcrumbList\",\"@id\":\"https:\\\/\\\/wamclog.com.br\\\/en\\\/international-shipping\\\/#breadcrumb\",\"itemListElement\":[{\"@type\":\"ListItem\",\"position\":1,\"name\":\"In\u00edcio\",\"item\":\"https:\\\/\\\/wamclog.com.br\\\/en\\\/\"},{\"@type\":\"ListItem\",\"position\":2,\"name\":\"International shipping\"}]},{\"@type\":\"WebSite\",\"@id\":\"https:\\\/\\\/wamclog.com.br\\\/en\\\/#website\",\"url\":\"https:\\\/\\\/wamclog.com.br\\\/en\\\/\",\"name\":\"WAMC Log\",\"description\":\"Solu\u00e7\u00f5es customizadas em Com\u00e9rcio Exterior\",\"publisher\":{\"@id\":\"https:\\\/\\\/wamclog.com.br\\\/en\\\/#organization\"},\"potentialAction\":[{\"@type\":\"SearchAction\",\"target\":{\"@type\":\"EntryPoint\",\"urlTemplate\":\"https:\\\/\\\/wamclog.com.br\\\/en\\\/?s={search_term_string}\"},\"query-input\":{\"@type\":\"PropertyValueSpecification\",\"valueRequired\":true,\"valueName\":\"search_term_string\"}}],\"inLanguage\":\"en-US\"},{\"@type\":\"Organization\",\"@id\":\"https:\\\/\\\/wamclog.com.br\\\/en\\\/#organization\",\"name\":\"WAMC Log\",\"url\":\"https:\\\/\\\/wamclog.com.br\\\/en\\\/\",\"logo\":{\"@type\":\"ImageObject\",\"inLanguage\":\"en-US\",\"@id\":\"https:\\\/\\\/wamclog.com.br\\\/en\\\/#\\\/schema\\\/logo\\\/image\\\/\",\"url\":\"https:\\\/\\\/wamclog.com.br\\\/wp-content\\\/uploads\\\/2021\\\/10\\\/wamclog-marca.png\",\"contentUrl\":\"https:\\\/\\\/wamclog.com.br\\\/wp-content\\\/uploads\\\/2021\\\/10\\\/wamclog-marca.png\",\"width\":900,\"height\":360,\"caption\":\"WAMC Log\"},\"image\":{\"@id\":\"https:\\\/\\\/wamclog.com.br\\\/en\\\/#\\\/schema\\\/logo\\\/image\\\/\"},\"sameAs\":[\"https:\\\/\\\/www.facebook.com\\\/wamclogistica\\\/\",\"https:\\\/\\\/www.instagram.com\\\/wamclog\\\/\",\"https:\\\/\\\/www.linkedin.com\\\/company\\\/wamc-logistica\\\/\",\"https:\\\/\\\/www.youtube.com\\\/channel\\\/UCtx8k5oVVFe_J4eu9Zj8Cdw\"]}]}<\/script>\n<!-- \/ Yoast SEO plugin. -->","yoast_head_json":{"title":"International shipping - WAMC Log","robots":{"index":"index","follow":"follow","max-snippet":"max-snippet:-1","max-image-preview":"max-image-preview:large","max-video-preview":"max-video-preview:-1"},"canonical":"https:\/\/wamclog.com.br\/en\/international-shipping\/","og_locale":"en_US","og_type":"article","og_title":"International shipping - WAMC Log","og_description":"[vc_row css=&#8221;.vc_custom_1637868627344{padding-top: 9vh !important;}&#8221; thb_divider_color=&#8221;#09195d&#8221; thb_divider_height=&#8221;300px&#8221;][vc_column thb_color=&#8221;thb-light-column&#8221; width=&#8221;1\/2&#8243;][vc_separator color=&#8221;custom&#8221; align=&#8221;align_left&#8221; border_width=&#8221;6&#8243; el_width=&#8221;30&#8243; css_animation=&#8221;fadeInLeft&#8221; accent_color=&#8221;#00aeef&#8221;][\/vc_column][\/vc_row][vc_row thb_full_width=&#8221;true&#8221; thb_row_padding=&#8221;true&#8221; thb_column_padding=&#8221;true&#8221; content_placement=&#8221;middle&#8221; css=&#8221;.vc_custom_1637868668114{padding-top: 6vh !important;padding-bottom: 6vh !important;background-color: #ffffff !important;}&#8221;][vc_column][vc_row_inner][vc_column_inner width=&#8221;1\/3&#8243; css=&#8221;.vc_custom_1609249872762{padding-right: 15% !important;padding-bottom: 70px !important;}&#8221;][\/vc_column_inner][vc_column_inner width=&#8221;1\/2&#8243;][vc_column_text animation=&#8221;animation right-to-left&#8221;]Due the current challenges of international logistics, it is essential that importers and exporters choose a reliable logistics provider that, above all,&hellip;","og_url":"https:\/\/wamclog.com.br\/en\/international-shipping\/","og_site_name":"WAMC Log","article_publisher":"https:\/\/www.facebook.com\/wamclogistica\/","article_modified_time":"2022-06-30T16:14:05+00:00","twitter_card":"summary_large_image","twitter_misc":{"Est. reading time":"2 minutes"},"schema":{"@context":"https:\/\/schema.org","@graph":[{"@type":"WebPage","@id":"https:\/\/wamclog.com.br\/en\/international-shipping\/","url":"https:\/\/wamclog.com.br\/en\/international-shipping\/","name":"International shipping - WAMC Log","isPartOf":{"@id":"https:\/\/wamclog.com.br\/en\/#website"},"datePublished":"2021-11-25T19:22:14+00:00","dateModified":"2022-06-30T16:14:05+00:00","breadcrumb":{"@id":"https:\/\/wamclog.com.br\/en\/international-shipping\/#breadcrumb"},"inLanguage":"en-US","potentialAction":[{"@type":"ReadAction","target":["https:\/\/wamclog.com.br\/en\/international-shipping\/"]}]},{"@type":"BreadcrumbList","@id":"https:\/\/wamclog.com.br\/en\/international-shipping\/#breadcrumb","itemListElement":[{"@type":"ListItem","position":1,"name":"In\u00edcio","item":"https:\/\/wamclog.com.br\/en\/"},{"@type":"ListItem","position":2,"name":"International shipping"}]},{"@type":"WebSite","@id":"https:\/\/wamclog.com.br\/en\/#website","url":"https:\/\/wamclog.com.br\/en\/","name":"WAMC Log","description":"Solu\u00e7\u00f5es customizadas em Com\u00e9rcio Exterior","publisher":{"@id":"https:\/\/wamclog.com.br\/en\/#organization"},"potentialAction":[{"@type":"SearchAction","target":{"@type":"EntryPoint","urlTemplate":"https:\/\/wamclog.com.br\/en\/?s={search_term_string}"},"query-input":{"@type":"PropertyValueSpecification","valueRequired":true,"valueName":"search_term_string"}}],"inLanguage":"en-US"},{"@type":"Organization","@id":"https:\/\/wamclog.com.br\/en\/#organization","name":"WAMC Log","url":"https:\/\/wamclog.com.br\/en\/","logo":{"@type":"ImageObject","inLanguage":"en-US","@id":"https:\/\/wamclog.com.br\/en\/#\/schema\/logo\/image\/","url":"https:\/\/wamclog.com.br\/wp-content\/uploads\/2021\/10\/wamclog-marca.png","contentUrl":"https:\/\/wamclog.com.br\/wp-content\/uploads\/2021\/10\/wamclog-marca.png","width":900,"height":360,"caption":"WAMC Log"},"image":{"@id":"https:\/\/wamclog.com.br\/en\/#\/schema\/logo\/image\/"},"sameAs":["https:\/\/www.facebook.com\/wamclogistica\/","https:\/\/www.instagram.com\/wamclog\/","https:\/\/www.linkedin.com\/company\/wamc-logistica\/","https:\/\/www.youtube.com\/channel\/UCtx8k5oVVFe_J4eu9Zj8Cdw"]}]}},"_links":{"self":[{"href":"https:\/\/wamclog.com.br\/en\/wp-json\/wp\/v2\/pages\/2787","targetHints":{"allow":["GET"]}}],"collection":[{"href":"https:\/\/wamclog.com.br\/en\/wp-json\/wp\/v2\/pages"}],"about":[{"href":"https:\/\/wamclog.com.br\/en\/wp-json\/wp\/v2\/types\/page"}],"author":[{"embeddable":true,"href":"https:\/\/wamclog.com.br\/en\/wp-json\/wp\/v2\/users\/1"}],"replies":[{"embeddable":true,"href":"https:\/\/wamclog.com.br\/en\/wp-json\/wp\/v2\/comments?post=2787"}],"version-history":[{"count":0,"href":"https:\/\/wamclog.com.br\/en\/wp-json\/wp\/v2\/pages\/2787\/revisions"}],"wp:attachment":[{"href":"https:\/\/wamclog.com.br\/en\/wp-json\/wp\/v2\/media?parent=2787"}],"curies":[{"name":"wp","href":"https:\/\/api.w.org\/{rel}","templated":true}]}}