{"id":2799,"date":"2021-11-25T17:08:53","date_gmt":"2021-11-25T20:08:53","guid":{"rendered":"https:\/\/wamclog.com.br\/seguro-internacional\/"},"modified":"2022-05-20T15:03:43","modified_gmt":"2022-05-20T18:03:43","slug":"international-insurance","status":"publish","type":"page","link":"https:\/\/wamclog.com.br\/en\/international-insurance\/","title":{"rendered":"International Insurance"},"content":{"rendered":"<div class=\"wpb-content-wrapper\">[vc_row css=&#8221;.vc_custom_1637868627344{padding-top: 9vh !important;}&#8221; thb_divider_color=&#8221;#09195d&#8221; thb_divider_height=&#8221;300px&#8221;][vc_column thb_color=&#8221;thb-light-column&#8221; width=&#8221;1\/2&#8243;]\t<div id=\"thb-slidetype-69ee345534089\" class=\"thb-slidetype \" data-style=\"style1\">\n\t\t\n<h1><span class=\"thb-slidetype-entry\"><span class=\"lines\">International Insurance<\/span><\/span><\/h1>\n\t\t\t\t<style>\n\t\t\t#thb-slidetype-69ee345534089 .thb-slidetype-entry {\n\t\t\t\tcolor: #09195d;\n\t\t\t}\n\t\t<\/style>\n\t\t\t<\/div>\n\n\t[vc_separator color=&#8221;custom&#8221; align=&#8221;align_left&#8221; border_width=&#8221;6&#8243; el_width=&#8221;30&#8243; css_animation=&#8221;fadeInLeft&#8221; accent_color=&#8221;#00aeef&#8221;][\/vc_column][\/vc_row][vc_row thb_full_width=&#8221;true&#8221; thb_row_padding=&#8221;true&#8221; thb_column_padding=&#8221;true&#8221; content_placement=&#8221;middle&#8221; css=&#8221;.vc_custom_1637868668114{padding-top: 6vh !important;padding-bottom: 6vh !important;background-color: #ffffff !important;}&#8221;][vc_column][vc_row_inner][vc_column_inner width=&#8221;1\/3&#8243; css=&#8221;.vc_custom_1609249872762{padding-right: 15% !important;padding-bottom: 70px !important;}&#8221;]\t<div id=\"thb-image-69ee34553418d\" class=\"caption-style1 animation left-to-right aligncenter full  thb_image_link wp-caption \">\n\t\t\t<div class=\"thb-image-inner size_100\">\n\t\t\t<img loading=\"lazy\" decoding=\"async\" width=\"1350\" height=\"1350\" src=\"https:\/\/wamclog.com.br\/wp-content\/uploads\/2022\/01\/segurointer@3x-100.jpeg\" class=\"thb_image    attachment-full\" alt=\"\" title=\"segurointer@3x-100\" srcset=\"https:\/\/wamclog.com.br\/wp-content\/uploads\/2022\/01\/segurointer@3x-100.jpeg 1350w, https:\/\/wamclog.com.br\/wp-content\/uploads\/2022\/01\/segurointer@3x-100-300x300.jpeg 300w, https:\/\/wamclog.com.br\/wp-content\/uploads\/2022\/01\/segurointer@3x-100-1024x1024.jpeg 1024w, https:\/\/wamclog.com.br\/wp-content\/uploads\/2022\/01\/segurointer@3x-100-150x150.jpeg 150w, https:\/\/wamclog.com.br\/wp-content\/uploads\/2022\/01\/segurointer@3x-100-768x768.jpeg 768w, https:\/\/wamclog.com.br\/wp-content\/uploads\/2022\/01\/segurointer@3x-100-200x200.jpeg 200w, https:\/\/wamclog.com.br\/wp-content\/uploads\/2022\/01\/segurointer@3x-100-100x100.jpeg 100w, https:\/\/wamclog.com.br\/wp-content\/uploads\/2022\/01\/segurointer@3x-100-380x380.jpeg 380w, https:\/\/wamclog.com.br\/wp-content\/uploads\/2022\/01\/segurointer@3x-100-20x20.jpeg 20w, https:\/\/wamclog.com.br\/wp-content\/uploads\/2022\/01\/segurointer@3x-100-190x190.jpeg 190w, https:\/\/wamclog.com.br\/wp-content\/uploads\/2022\/01\/segurointer@3x-100-760x760.jpeg 760w, https:\/\/wamclog.com.br\/wp-content\/uploads\/2022\/01\/segurointer@3x-100-1140x1140.jpeg 1140w\" sizes=\"auto, (max-width: 1350px) 100vw, 1350px\" \/>\t\t\t\t\t<\/div>\n\t\t\t\t\t<\/div>\n\t[\/vc_column_inner][vc_column_inner width=&#8221;1\/2&#8243;][vc_column_text animation=&#8221;animation right-to-left&#8221;]Ensure the safety and adequate protection of your cargo against mishaps such as breakdowns, damages, theft, and loss that can happen during the logistical operation!<\/p>\n<p>WAMC Log offers great International Insurance options to mitigate the risks of your shipments. Talk to us and request a quotation for the service you need.[\/vc_column_text][\/vc_column_inner][\/vc_row_inner][\/vc_column][\/vc_row]\n<\/div>","protected":false},"excerpt":{"rendered":"<p>[vc_row css=&#8221;.vc_custom_1637868627344{padding-top: 9vh !important;}&#8221; thb_divider_color=&#8221;#09195d&#8221; thb_divider_height=&#8221;300px&#8221;][vc_column thb_color=&#8221;thb-light-column&#8221; width=&#8221;1\/2&#8243;][vc_separator color=&#8221;custom&#8221; align=&#8221;align_left&#8221; border_width=&#8221;6&#8243; el_width=&#8221;30&#8243; css_animation=&#8221;fadeInLeft&#8221; accent_color=&#8221;#00aeef&#8221;][\/vc_column][\/vc_row][vc_row thb_full_width=&#8221;true&#8221; thb_row_padding=&#8221;true&#8221; thb_column_padding=&#8221;true&#8221; content_placement=&#8221;middle&#8221; css=&#8221;.vc_custom_1637868668114{padding-top: 6vh !important;padding-bottom: 6vh !important;background-color: #ffffff !important;}&#8221;][vc_column][vc_row_inner][vc_column_inner width=&#8221;1\/3&#8243; css=&#8221;.vc_custom_1609249872762{padding-right: 15% !important;padding-bottom: 70px !important;}&#8221;][\/vc_column_inner][vc_column_inner width=&#8221;1\/2&#8243;][vc_column_text animation=&#8221;animation right-to-left&#8221;]Ensure the safety and adequate protection of your cargo against mishaps such as breakdowns, damages, theft, and loss that can happen during&hellip;<\/p>\n","protected":false},"author":1,"featured_media":0,"parent":0,"menu_order":0,"comment_status":"closed","ping_status":"closed","template":"","meta":{"inline_featured_image":false,"footnotes":""},"class_list":["post-2799","page","type-page","status-publish","hentry"],"yoast_head":"<!-- This site is optimized with the Yoast SEO plugin v27.4 - https:\/\/yoast.com\/product\/yoast-seo-wordpress\/ -->\n<title>International Insurance - WAMC Log<\/title>\n<meta name=\"robots\" content=\"index, follow, max-snippet:-1, max-image-preview:large, max-video-preview:-1\" \/>\n<link rel=\"canonical\" href=\"https:\/\/wamclog.com.br\/en\/international-insurance\/\" \/>\n<meta property=\"og:locale\" content=\"en_US\" \/>\n<meta property=\"og:type\" content=\"article\" \/>\n<meta property=\"og:title\" content=\"International Insurance - WAMC Log\" \/>\n<meta property=\"og:description\" content=\"[vc_row css=&#8221;.vc_custom_1637868627344{padding-top: 9vh !important;}&#8221; thb_divider_color=&#8221;#09195d&#8221; thb_divider_height=&#8221;300px&#8221;][vc_column thb_color=&#8221;thb-light-column&#8221; width=&#8221;1\/2&#8243;][vc_separator color=&#8221;custom&#8221; align=&#8221;align_left&#8221; border_width=&#8221;6&#8243; el_width=&#8221;30&#8243; css_animation=&#8221;fadeInLeft&#8221; accent_color=&#8221;#00aeef&#8221;][\/vc_column][\/vc_row][vc_row thb_full_width=&#8221;true&#8221; thb_row_padding=&#8221;true&#8221; thb_column_padding=&#8221;true&#8221; content_placement=&#8221;middle&#8221; css=&#8221;.vc_custom_1637868668114{padding-top: 6vh !important;padding-bottom: 6vh !important;background-color: #ffffff !important;}&#8221;][vc_column][vc_row_inner][vc_column_inner width=&#8221;1\/3&#8243; css=&#8221;.vc_custom_1609249872762{padding-right: 15% !important;padding-bottom: 70px !important;}&#8221;][\/vc_column_inner][vc_column_inner width=&#8221;1\/2&#8243;][vc_column_text animation=&#8221;animation right-to-left&#8221;]Ensure the safety and adequate protection of your cargo against mishaps such as breakdowns, damages, theft, and loss that can happen during&hellip;\" \/>\n<meta property=\"og:url\" content=\"https:\/\/wamclog.com.br\/en\/international-insurance\/\" \/>\n<meta property=\"og:site_name\" content=\"WAMC Log\" \/>\n<meta property=\"article:publisher\" content=\"https:\/\/www.facebook.com\/wamclogistica\/\" \/>\n<meta property=\"article:modified_time\" content=\"2022-05-20T18:03:43+00:00\" \/>\n<meta name=\"twitter:card\" content=\"summary_large_image\" \/>\n<meta name=\"twitter:label1\" content=\"Est. reading time\" \/>\n\t<meta name=\"twitter:data1\" content=\"1 minute\" \/>\n<script type=\"application\/ld+json\" class=\"yoast-schema-graph\">{\"@context\":\"https:\\\/\\\/schema.org\",\"@graph\":[{\"@type\":\"WebPage\",\"@id\":\"https:\\\/\\\/wamclog.com.br\\\/en\\\/international-insurance\\\/\",\"url\":\"https:\\\/\\\/wamclog.com.br\\\/en\\\/international-insurance\\\/\",\"name\":\"International Insurance - WAMC Log\",\"isPartOf\":{\"@id\":\"https:\\\/\\\/wamclog.com.br\\\/en\\\/#website\"},\"datePublished\":\"2021-11-25T20:08:53+00:00\",\"dateModified\":\"2022-05-20T18:03:43+00:00\",\"breadcrumb\":{\"@id\":\"https:\\\/\\\/wamclog.com.br\\\/en\\\/international-insurance\\\/#breadcrumb\"},\"inLanguage\":\"en-US\",\"potentialAction\":[{\"@type\":\"ReadAction\",\"target\":[\"https:\\\/\\\/wamclog.com.br\\\/en\\\/international-insurance\\\/\"]}]},{\"@type\":\"BreadcrumbList\",\"@id\":\"https:\\\/\\\/wamclog.com.br\\\/en\\\/international-insurance\\\/#breadcrumb\",\"itemListElement\":[{\"@type\":\"ListItem\",\"position\":1,\"name\":\"In\u00edcio\",\"item\":\"https:\\\/\\\/wamclog.com.br\\\/en\\\/\"},{\"@type\":\"ListItem\",\"position\":2,\"name\":\"International Insurance\"}]},{\"@type\":\"WebSite\",\"@id\":\"https:\\\/\\\/wamclog.com.br\\\/en\\\/#website\",\"url\":\"https:\\\/\\\/wamclog.com.br\\\/en\\\/\",\"name\":\"WAMC Log\",\"description\":\"Solu\u00e7\u00f5es customizadas em Com\u00e9rcio Exterior\",\"publisher\":{\"@id\":\"https:\\\/\\\/wamclog.com.br\\\/en\\\/#organization\"},\"potentialAction\":[{\"@type\":\"SearchAction\",\"target\":{\"@type\":\"EntryPoint\",\"urlTemplate\":\"https:\\\/\\\/wamclog.com.br\\\/en\\\/?s={search_term_string}\"},\"query-input\":{\"@type\":\"PropertyValueSpecification\",\"valueRequired\":true,\"valueName\":\"search_term_string\"}}],\"inLanguage\":\"en-US\"},{\"@type\":\"Organization\",\"@id\":\"https:\\\/\\\/wamclog.com.br\\\/en\\\/#organization\",\"name\":\"WAMC Log\",\"url\":\"https:\\\/\\\/wamclog.com.br\\\/en\\\/\",\"logo\":{\"@type\":\"ImageObject\",\"inLanguage\":\"en-US\",\"@id\":\"https:\\\/\\\/wamclog.com.br\\\/en\\\/#\\\/schema\\\/logo\\\/image\\\/\",\"url\":\"https:\\\/\\\/wamclog.com.br\\\/wp-content\\\/uploads\\\/2021\\\/10\\\/wamclog-marca.png\",\"contentUrl\":\"https:\\\/\\\/wamclog.com.br\\\/wp-content\\\/uploads\\\/2021\\\/10\\\/wamclog-marca.png\",\"width\":900,\"height\":360,\"caption\":\"WAMC Log\"},\"image\":{\"@id\":\"https:\\\/\\\/wamclog.com.br\\\/en\\\/#\\\/schema\\\/logo\\\/image\\\/\"},\"sameAs\":[\"https:\\\/\\\/www.facebook.com\\\/wamclogistica\\\/\",\"https:\\\/\\\/www.instagram.com\\\/wamclog\\\/\",\"https:\\\/\\\/www.linkedin.com\\\/company\\\/wamc-logistica\\\/\",\"https:\\\/\\\/www.youtube.com\\\/channel\\\/UCtx8k5oVVFe_J4eu9Zj8Cdw\"]}]}<\/script>\n<!-- \/ Yoast SEO plugin. -->","yoast_head_json":{"title":"International Insurance - WAMC Log","robots":{"index":"index","follow":"follow","max-snippet":"max-snippet:-1","max-image-preview":"max-image-preview:large","max-video-preview":"max-video-preview:-1"},"canonical":"https:\/\/wamclog.com.br\/en\/international-insurance\/","og_locale":"en_US","og_type":"article","og_title":"International Insurance - WAMC Log","og_description":"[vc_row css=&#8221;.vc_custom_1637868627344{padding-top: 9vh !important;}&#8221; thb_divider_color=&#8221;#09195d&#8221; thb_divider_height=&#8221;300px&#8221;][vc_column thb_color=&#8221;thb-light-column&#8221; width=&#8221;1\/2&#8243;][vc_separator color=&#8221;custom&#8221; align=&#8221;align_left&#8221; border_width=&#8221;6&#8243; el_width=&#8221;30&#8243; css_animation=&#8221;fadeInLeft&#8221; accent_color=&#8221;#00aeef&#8221;][\/vc_column][\/vc_row][vc_row thb_full_width=&#8221;true&#8221; thb_row_padding=&#8221;true&#8221; thb_column_padding=&#8221;true&#8221; content_placement=&#8221;middle&#8221; css=&#8221;.vc_custom_1637868668114{padding-top: 6vh !important;padding-bottom: 6vh !important;background-color: #ffffff !important;}&#8221;][vc_column][vc_row_inner][vc_column_inner width=&#8221;1\/3&#8243; css=&#8221;.vc_custom_1609249872762{padding-right: 15% !important;padding-bottom: 70px !important;}&#8221;][\/vc_column_inner][vc_column_inner width=&#8221;1\/2&#8243;][vc_column_text animation=&#8221;animation right-to-left&#8221;]Ensure the safety and adequate protection of your cargo against mishaps such as breakdowns, damages, theft, and loss that can happen during&hellip;","og_url":"https:\/\/wamclog.com.br\/en\/international-insurance\/","og_site_name":"WAMC Log","article_publisher":"https:\/\/www.facebook.com\/wamclogistica\/","article_modified_time":"2022-05-20T18:03:43+00:00","twitter_card":"summary_large_image","twitter_misc":{"Est. reading time":"1 minute"},"schema":{"@context":"https:\/\/schema.org","@graph":[{"@type":"WebPage","@id":"https:\/\/wamclog.com.br\/en\/international-insurance\/","url":"https:\/\/wamclog.com.br\/en\/international-insurance\/","name":"International Insurance - WAMC Log","isPartOf":{"@id":"https:\/\/wamclog.com.br\/en\/#website"},"datePublished":"2021-11-25T20:08:53+00:00","dateModified":"2022-05-20T18:03:43+00:00","breadcrumb":{"@id":"https:\/\/wamclog.com.br\/en\/international-insurance\/#breadcrumb"},"inLanguage":"en-US","potentialAction":[{"@type":"ReadAction","target":["https:\/\/wamclog.com.br\/en\/international-insurance\/"]}]},{"@type":"BreadcrumbList","@id":"https:\/\/wamclog.com.br\/en\/international-insurance\/#breadcrumb","itemListElement":[{"@type":"ListItem","position":1,"name":"In\u00edcio","item":"https:\/\/wamclog.com.br\/en\/"},{"@type":"ListItem","position":2,"name":"International Insurance"}]},{"@type":"WebSite","@id":"https:\/\/wamclog.com.br\/en\/#website","url":"https:\/\/wamclog.com.br\/en\/","name":"WAMC Log","description":"Solu\u00e7\u00f5es customizadas em Com\u00e9rcio Exterior","publisher":{"@id":"https:\/\/wamclog.com.br\/en\/#organization"},"potentialAction":[{"@type":"SearchAction","target":{"@type":"EntryPoint","urlTemplate":"https:\/\/wamclog.com.br\/en\/?s={search_term_string}"},"query-input":{"@type":"PropertyValueSpecification","valueRequired":true,"valueName":"search_term_string"}}],"inLanguage":"en-US"},{"@type":"Organization","@id":"https:\/\/wamclog.com.br\/en\/#organization","name":"WAMC Log","url":"https:\/\/wamclog.com.br\/en\/","logo":{"@type":"ImageObject","inLanguage":"en-US","@id":"https:\/\/wamclog.com.br\/en\/#\/schema\/logo\/image\/","url":"https:\/\/wamclog.com.br\/wp-content\/uploads\/2021\/10\/wamclog-marca.png","contentUrl":"https:\/\/wamclog.com.br\/wp-content\/uploads\/2021\/10\/wamclog-marca.png","width":900,"height":360,"caption":"WAMC Log"},"image":{"@id":"https:\/\/wamclog.com.br\/en\/#\/schema\/logo\/image\/"},"sameAs":["https:\/\/www.facebook.com\/wamclogistica\/","https:\/\/www.instagram.com\/wamclog\/","https:\/\/www.linkedin.com\/company\/wamc-logistica\/","https:\/\/www.youtube.com\/channel\/UCtx8k5oVVFe_J4eu9Zj8Cdw"]}]}},"_links":{"self":[{"href":"https:\/\/wamclog.com.br\/en\/wp-json\/wp\/v2\/pages\/2799","targetHints":{"allow":["GET"]}}],"collection":[{"href":"https:\/\/wamclog.com.br\/en\/wp-json\/wp\/v2\/pages"}],"about":[{"href":"https:\/\/wamclog.com.br\/en\/wp-json\/wp\/v2\/types\/page"}],"author":[{"embeddable":true,"href":"https:\/\/wamclog.com.br\/en\/wp-json\/wp\/v2\/users\/1"}],"replies":[{"embeddable":true,"href":"https:\/\/wamclog.com.br\/en\/wp-json\/wp\/v2\/comments?post=2799"}],"version-history":[{"count":0,"href":"https:\/\/wamclog.com.br\/en\/wp-json\/wp\/v2\/pages\/2799\/revisions"}],"wp:attachment":[{"href":"https:\/\/wamclog.com.br\/en\/wp-json\/wp\/v2\/media?parent=2799"}],"curies":[{"name":"wp","href":"https:\/\/api.w.org\/{rel}","templated":true}]}}