{"id":2700,"date":"2021-10-22T11:39:41","date_gmt":"2021-10-22T14:39:41","guid":{"rendered":"https:\/\/wamclog.com.br\/portal-rh\/"},"modified":"2022-04-18T15:36:56","modified_gmt":"2022-04-18T18:36:56","slug":"portal-rh","status":"publish","type":"page","link":"https:\/\/wamclog.com.br\/es\/portal-rh\/","title":{"rendered":"Portal RH"},"content":{"rendered":"<div class=\"wpb-content-wrapper\">[vc_row thb_full_width=\u00bbtrue\u00bb css=\u00bb.vc_custom_1635187106819{padding-top: 9vh !important;padding-bottom: 8vh !important;background-color: #e8f1f7 !important;}\u00bb thb_divider_color=\u00bb#09195d\u00bb thb_divider_height=\u00bb300px\u00bb el_class=\u00bbalign-center\u00bb][vc_column width=\u00bb1\/2&#8243;]\t<div id=\"thb-slidetype-69d51a42e4462\" class=\"thb-slidetype \" data-style=\"style1\">\n\t\t\n<h3><span class=\"thb-slidetype-entry\"><span class=\"lines\">\u00a1Haga parte de nuestro equipo!<\/span><\/span><\/h3>\n\t\t\t\t<style>\n\t\t\t#thb-slidetype-69d51a42e4462 .thb-slidetype-entry {\n\t\t\t\tcolor: #09195d;\n\t\t\t}\n\t\t<\/style>\n\t\t\t<\/div>\n\n\t[vc_column_text animation=\u00bbanimation left-to-right\u00bb]Antes de conectar fronteras, conectamos personas.<br \/>\nPor eso WAMC Log est\u00e1 constantemente haciendo inversiones en entrenamientos y capacitaci\u00f3n que valorizan al equipo y lo mantiene motivado. \u00a1Registre su CV y haga parte del equipo WAMC Log![\/vc_column_text][vc_separator color=\u00bbcustom\u00bb align=\u00bbalign_left\u00bb border_width=\u00bb6&#8243; el_width=\u00bb30&#8243; css_animation=\u00bbfadeInLeft\u00bb accent_color=\u00bb#00aeef\u00bb][\/vc_column][\/vc_row][vc_row css=\u00bb.vc_custom_1639603419386{padding-top: 6vh !important;padding-bottom: 12vh !important;}\u00bb][vc_column width=\u00bb1\/4&#8243;][\/vc_column][vc_column width=\u00bb1\/2&#8243;]\t<div id=\"thb-slidetype-69d51a42e4518\" class=\"thb-slidetype \" data-style=\"style1\">\n\t\t\n<h3><span class=\"thb-slidetype-entry\"><span class=\"lines\">Participe del Proceso Selectivo<\/span><\/span><\/h3>\n\t\t\t\t<style>\n\t\t\t#thb-slidetype-69d51a42e4518 .thb-slidetype-entry {\n\t\t\t\tcolor: #09195d;\n\t\t\t}\n\t\t<\/style>\n\t\t\t<\/div>\n\n\t[vc_separator color=\u00bbcustom\u00bb align=\u00bbalign_left\u00bb border_width=\u00bb6&#8243; el_width=\u00bb30&#8243; css_animation=\u00bbfadeInLeft\u00bb accent_color=\u00bb#00aeef\u00bb][vc_column_text animation=\u00bbanimation left-to-right\u00bb]<div class=\"frm_forms  with_frm_style frm_style_formidable-style\" id=\"frm_form_9_container\" data-token=\"b6f0772e6bf85f4a519b3c2d1564608a\">\n<form enctype=\"multipart\/form-data\" method=\"post\" class=\"frm-show-form  frm_pro_form \" id=\"form_processoseletivoes\" data-token=\"b6f0772e6bf85f4a519b3c2d1564608a\">\n<div class=\"frm_form_fields \">\n<fieldset>\n<legend class=\"frm_screen_reader\">Proceso Selectivo<\/legend>\r\n\r\n<div class=\"frm_fields_container\">\n<input type=\"hidden\" name=\"frm_action\" value=\"create\" \/>\n<input type=\"hidden\" name=\"form_id\" value=\"9\" \/>\n<input type=\"hidden\" name=\"frm_hide_fields_9\" id=\"frm_hide_fields_9\" value=\"\" \/>\n<input type=\"hidden\" name=\"form_key\" value=\"processoseletivoes\" \/>\n<input type=\"hidden\" name=\"item_meta[0]\" value=\"\" \/>\n<input type=\"hidden\" id=\"frm_submit_entry_9\" name=\"frm_submit_entry_9\" value=\"253220b5a6\" \/><input type=\"hidden\" name=\"_wp_http_referer\" value=\"\/es\/wp-json\/wp\/v2\/pages\/2700\" \/><div id=\"frm_field_107_container\" class=\"frm_form_field form-field  frm_required_field frm_top_container frm12\">\r\n    <label for=\"field_53fpc3\" id=\"field_53fpc3_label\" class=\"frm_primary_label\">Nombre \r\n        <span class=\"frm_required\" aria-hidden=\"true\">*<\/span>\r\n    <\/label>\r\n    <input type=\"text\" id=\"field_53fpc3\" name=\"item_meta[107]\" value=\"\"  data-reqmsg=\"Este campo \u00e9 obrigat\u00f3rio.\" aria-required=\"true\" data-invmsg=\"Text is invalid\" aria-invalid=\"false\"  \/>\r\n    \r\n    \r\n<\/div>\n<div id=\"frm_field_108_container\" class=\"frm_form_field form-field  frm_required_field frm_top_container frm12\">\r\n    <label for=\"field_da4zr3\" id=\"field_da4zr3_label\" class=\"frm_primary_label\">E-mail\r\n        <span class=\"frm_required\" aria-hidden=\"true\">*<\/span>\r\n    <\/label>\r\n    <input type=\"email\" id=\"field_da4zr3\" name=\"item_meta[108]\" value=\"\"  data-reqmsg=\"Este campo \u00e9 obrigat\u00f3rio.\" aria-required=\"true\" data-invmsg=\"Email is invalid\" aria-invalid=\"false\"  \/>\r\n    \r\n    \r\n<\/div>\n<div id=\"frm_field_109_container\" class=\"frm_form_field form-field  frm_required_field frm_top_container frm12 frm_first\">\r\n    <label for=\"field_gddxn3\" id=\"field_gddxn3_label\" class=\"frm_primary_label\">Tel\u00e9fono\r\n        <span class=\"frm_required\" aria-hidden=\"true\">*<\/span>\r\n    <\/label>\r\n    <input type=\"text\" id=\"field_gddxn3\" name=\"item_meta[109]\" value=\"\"  data-frmmask=\"(99)9999-9999?9\" data-reqmsg=\"Este campo \u00e9 obrigat\u00f3rio.\" aria-required=\"true\" data-invmsg=\"Text is invalid\" aria-invalid=\"false\" pattern=\"\\(\\d\\d\\)\\d\\d\\d\\d-\\d\\d\\d\\d(\\d)?$\"  \/>\r\n    \r\n    \r\n<\/div>\n<div id=\"frm_field_111_container\" class=\"frm_form_field form-field  frm_required_field frm_top_container\">\r\n    <label for=\"field_u248y3\" id=\"field_u248y3_label\" class=\"frm_primary_label\">Inter\u00e9s del cupo \r\n        <span class=\"frm_required\" aria-hidden=\"true\">*<\/span>\r\n    <\/label>\r\n    <input type=\"text\" id=\"field_u248y3\" name=\"item_meta[111]\" value=\"\"  data-reqmsg=\"Este campo \u00e9 obrigat\u00f3rio.\" aria-required=\"true\" data-invmsg=\"Text is invalid\" aria-invalid=\"false\"  \/>\r\n    \r\n    \r\n<\/div>\n<div id=\"frm_field_112_container\" class=\"frm_form_field form-field  frm_required_field frm_top_container frm12\">\r\n    <label for=\"field_d8okr3\" id=\"field_d8okr3_label\" class=\"frm_primary_label\">\u00a1ANEXE SU CV! \r\n        <span class=\"frm_required\" aria-hidden=\"true\">*<\/span>\r\n    <\/label>\r\n    <input type=\"hidden\"  data-reqmsg=\"Este campo \u00e9 obrigat\u00f3rio.\" data-invmsg=\"File Upload is invalid\" class=\"auto_width\" aria-invalid=\"false\"   name=\"item_meta[112]\"  data-reqmsg=\"Este campo \u00e9 obrigat\u00f3rio.\"  value=\"\" data-frmfile=\"112\" \/>\n\n<div class=\"frm_dropzone frm_single_upload frm_clearfix\" id=\"file112_dropzone\" role=\"group\" >\n\t<div class=\"fallback\">\n\t\t<input type=\"file\" name=\"file112\" id=\"field_d8okr3\"\n\t\t\t data-reqmsg=\"Este campo \u00e9 obrigat\u00f3rio.\" data-invmsg=\"File Upload is invalid\" class=\"auto_width\" aria-invalid=\"false\"  \t\t\t\/>\n\t\t\t\t<div class=\"frm_clearfix \"><\/div>\n\t<\/div>\n\t<div class=\"dz-message needsclick\">\n\t\t\t\t<svg  viewBox=\"0 0 18 18\" class=\"frmsvg frm-svg-icon\">\n\t<path viewBox=\"0 0 18 18\" fill-rule=\"evenodd\" clip-rule=\"evenodd\" d=\"M8.2 4v8a.8.8 0 001.5 0V4l2.1 2.2A.7.7 0 1013 5L9.5 1.7a.7.7 0 00-1.1 0L5.1 5.2a.8.8 0 001 1l2.1-2zm7.6 4.3c.4 0 .7.3.7.7v6.8c0 .4-.3.7-.8.7H2.3a.8.8 0 01-.8-.8V9A.8.8 0 013 9v6h12V9c0-.4.3-.8.8-.8z\"><\/path>\n<\/svg>\t\t<span class=\"frm_upload_text\"><button type=\"button\" aria-label=\"\u00a1ANEXE SU CV! . Arrastre el archivo o clique aqu\u00ed para cargar su CV. Maximum file size: 0.31MB\">Arrastre el archivo o clique aqu\u00ed para cargar su CV<\/button><\/span>\n\t\t<span class=\"frm_compact_text\"><button type=\"button\" aria-label=\"\u00a1ANEXE SU CV! . \u00a1ANEXE SU CV!. Maximum file size: 0.31MB\">\u00a1ANEXE SU CV!<\/button><\/span>\n\t\t<div class=\"frm_small_text\">\n\t\t\t<p>Maximum file size: 0.31MB<\/p>\n\t\t<\/div>\n\t<\/div>\n<\/div>\n\t\r\n    \r\n    \r\n<\/div>\n<div id=\"frm_field_113_container\" class=\"frm_form_field  frm_html_container form-field\">\n<p><span style=\"color: #3b3c3c; font-size: 15px;\"><strong>T\u00e9rmino de Consentimiento de Aceptaci\u00f3n de las Pol\u00edticas y Env\u00edo de Datos<\/strong><\/span><\/p>\n<p>Al enviarnos sus datos, usted consiente y est\u00e1 de acuerdo con los t\u00e9rminos de nuestras pol\u00edticas (Privacidad y Cookies), Cookies y que procesemos sus datos para los fines all\u00ed mencionados. Entre en contacto v\u00eda privacidade@wamclog.com.br o con nuestros otros Canales de Atenci\u00f3n.<\/p>\n<\/div>\n<div id=\"frm_field_114_container\" class=\"frm_form_field form-field  frm_required_field frm_inline_container vertical_radio\">\r\n    <div  id=\"field_y7otb3_label\" class=\"frm_primary_label\">\r\n        <span class=\"frm_required\" aria-hidden=\"true\">*<\/span>\r\n    <\/div>\r\n    <div class=\"frm_opt_container\" aria-labelledby=\"field_y7otb3_label\" role=\"radiogroup\" aria-required=\"true\">\t\t<div class=\"frm_radio\" id=\"frm_radio_114-0\">\t\t\t<label  for=\"field_y7otb3-0\">\n\t\t\t\t\t<input type=\"radio\" name=\"item_meta[114]\" id=\"field_y7otb3-0\" value=\"ACEPTACI\u00d3N\"\n\t\t   data-reqmsg=\"Este campo \u00e9 obrigat\u00f3rio.\" data-invmsg=\"Este campo no es v\u00e1lido\" aria-invalid=\"false\"  \/> ACEPTACI\u00d3N<\/label><\/div>\n<\/div>\r\n    \r\n    \r\n<\/div>\n<div id=\"frm_field_115_container\" class=\"frm_form_field form-field  frm_none_container\">\r\n    <label for=\"g-recaptcha-response\" id=\"field_g29qf3_label\" class=\"frm_primary_label\">reCAPTCHA\r\n        <span class=\"frm_required\" aria-hidden=\"true\"><\/span>\r\n    <\/label>\r\n    <div  id=\"field_g29qf3\" class=\"frm-g-recaptcha\" data-sitekey=\"6LdLVzkfAAAAAK3_DEKgLtF6NGwWIZ4D_iH2hq1l\" data-size=\"invisible\" data-theme=\"light\"><\/div>\r\n    \r\n    \r\n<\/div>\n<div id=\"frm_field_121_container\" class=\"frm_form_field form-field \">\n\t<div class=\"frm_submit\">\r\n\r\n<button class=\"frm_button_submit frm_final_submit\" type=\"submit\"   formnovalidate=\"formnovalidate\">ENVIAR<\/button>\r\n\r\n<\/div>\n<\/div>\n\t<input type=\"hidden\" name=\"item_key\" value=\"\" \/>\n\t\t\t\t<div class=\"frm__660498685ebaf\">\n\t\t\t\t<label for=\"frm_email_9\" >\n\t\t\t\t\tSi eres humano, deja este campo en blanco.\t\t\t\t<\/label>\n\t\t\t\t<input  id=\"frm_email_9\" type=\"text\" class=\"frm_verify\" name=\"frm__660498685ebaf\" value=\"\" autocomplete=\"off\"  \/>\n\t\t\t<\/div>\n\t\t<input name=\"frm_state\" type=\"hidden\" value=\"Uc6L6bOsE\/ST7sdUOaGd60Nb2CaXS4+jIYKJ9j\/PxE4=\" \/><\/div>\n<\/fieldset>\n<\/div>\n<\/form>\n<\/div>\n[\/vc_column_text][\/vc_column][vc_column width=\u00bb1\/4&#8243;][\/vc_column][\/vc_row]\n<\/div>","protected":false},"excerpt":{"rendered":"<p>[vc_row thb_full_width=\u00bbtrue\u00bb css=\u00bb.vc_custom_1635187106819{padding-top: 9vh !important;padding-bottom: 8vh !important;background-color: #e8f1f7 !important;}\u00bb thb_divider_color=\u00bb#09195d\u00bb thb_divider_height=\u00bb300px\u00bb el_class=\u00bbalign-center\u00bb][vc_column width=\u00bb1\/2&#8243;][vc_column_text animation=\u00bbanimation left-to-right\u00bb]Antes de conectar fronteras, conectamos personas. Por eso WAMC Log est\u00e1 constantemente haciendo inversiones en entrenamientos y capacitaci\u00f3n que valorizan al equipo y lo mantiene motivado. \u00a1Registre su CV y haga parte del equipo WAMC Log![\/vc_column_text][vc_separator color=\u00bbcustom\u00bb align=\u00bbalign_left\u00bb border_width=\u00bb6&#8243; el_width=\u00bb30&#8243; css_animation=\u00bbfadeInLeft\u00bb&hellip;<\/p>\n","protected":false},"author":1,"featured_media":0,"parent":0,"menu_order":0,"comment_status":"closed","ping_status":"closed","template":"","meta":{"inline_featured_image":false,"footnotes":""},"class_list":["post-2700","page","type-page","status-publish","hentry"],"yoast_head":"<!-- This site is optimized with the Yoast SEO plugin v27.3 - https:\/\/yoast.com\/product\/yoast-seo-wordpress\/ -->\n<title>Portal RH - WAMC Log<\/title>\n<meta name=\"robots\" content=\"index, follow, max-snippet:-1, max-image-preview:large, max-video-preview:-1\" \/>\n<link rel=\"canonical\" href=\"https:\/\/wamclog.com.br\/es\/portal-rh\/\" \/>\n<meta property=\"og:locale\" content=\"es_ES\" \/>\n<meta property=\"og:type\" content=\"article\" \/>\n<meta property=\"og:title\" content=\"Portal RH - WAMC Log\" \/>\n<meta property=\"og:description\" content=\"[vc_row thb_full_width=\u00bbtrue\u00bb css=\u00bb.vc_custom_1635187106819{padding-top: 9vh !important;padding-bottom: 8vh !important;background-color: #e8f1f7 !important;}\u00bb thb_divider_color=\u00bb#09195d\u00bb thb_divider_height=\u00bb300px\u00bb el_class=\u00bbalign-center\u00bb][vc_column width=\u00bb1\/2&#8243;][vc_column_text animation=\u00bbanimation left-to-right\u00bb]Antes de conectar fronteras, conectamos personas. Por eso WAMC Log est\u00e1 constantemente haciendo inversiones en entrenamientos y capacitaci\u00f3n que valorizan al equipo y lo mantiene motivado. \u00a1Registre su CV y haga parte del equipo WAMC Log![\/vc_column_text][vc_separator color=\u00bbcustom\u00bb align=\u00bbalign_left\u00bb border_width=\u00bb6&#8243; el_width=\u00bb30&#8243; css_animation=\u00bbfadeInLeft\u00bb&hellip;\" \/>\n<meta property=\"og:url\" content=\"https:\/\/wamclog.com.br\/es\/portal-rh\/\" \/>\n<meta property=\"og:site_name\" content=\"WAMC Log\" \/>\n<meta property=\"article:publisher\" content=\"https:\/\/www.facebook.com\/wamclogistica\/\" \/>\n<meta property=\"article:modified_time\" content=\"2022-04-18T18:36:56+00:00\" \/>\n<meta name=\"twitter:card\" content=\"summary_large_image\" \/>\n<meta name=\"twitter:label1\" content=\"Tiempo de lectura\" \/>\n\t<meta name=\"twitter:data1\" content=\"1 minuto\" \/>\n<script type=\"application\/ld+json\" class=\"yoast-schema-graph\">{\"@context\":\"https:\\\/\\\/schema.org\",\"@graph\":[{\"@type\":\"WebPage\",\"@id\":\"https:\\\/\\\/wamclog.com.br\\\/es\\\/portal-rh\\\/\",\"url\":\"https:\\\/\\\/wamclog.com.br\\\/es\\\/portal-rh\\\/\",\"name\":\"Portal RH - WAMC Log\",\"isPartOf\":{\"@id\":\"https:\\\/\\\/wamclog.com.br\\\/es\\\/#website\"},\"datePublished\":\"2021-10-22T14:39:41+00:00\",\"dateModified\":\"2022-04-18T18:36:56+00:00\",\"breadcrumb\":{\"@id\":\"https:\\\/\\\/wamclog.com.br\\\/es\\\/portal-rh\\\/#breadcrumb\"},\"inLanguage\":\"es\",\"potentialAction\":[{\"@type\":\"ReadAction\",\"target\":[\"https:\\\/\\\/wamclog.com.br\\\/es\\\/portal-rh\\\/\"]}]},{\"@type\":\"BreadcrumbList\",\"@id\":\"https:\\\/\\\/wamclog.com.br\\\/es\\\/portal-rh\\\/#breadcrumb\",\"itemListElement\":[{\"@type\":\"ListItem\",\"position\":1,\"name\":\"In\u00edcio\",\"item\":\"https:\\\/\\\/wamclog.com.br\\\/es\\\/\"},{\"@type\":\"ListItem\",\"position\":2,\"name\":\"Portal RH\"}]},{\"@type\":\"WebSite\",\"@id\":\"https:\\\/\\\/wamclog.com.br\\\/es\\\/#website\",\"url\":\"https:\\\/\\\/wamclog.com.br\\\/es\\\/\",\"name\":\"WAMC Log\",\"description\":\"Solu\u00e7\u00f5es customizadas em Com\u00e9rcio Exterior\",\"publisher\":{\"@id\":\"https:\\\/\\\/wamclog.com.br\\\/es\\\/#organization\"},\"potentialAction\":[{\"@type\":\"SearchAction\",\"target\":{\"@type\":\"EntryPoint\",\"urlTemplate\":\"https:\\\/\\\/wamclog.com.br\\\/es\\\/?s={search_term_string}\"},\"query-input\":{\"@type\":\"PropertyValueSpecification\",\"valueRequired\":true,\"valueName\":\"search_term_string\"}}],\"inLanguage\":\"es\"},{\"@type\":\"Organization\",\"@id\":\"https:\\\/\\\/wamclog.com.br\\\/es\\\/#organization\",\"name\":\"WAMC Log\",\"url\":\"https:\\\/\\\/wamclog.com.br\\\/es\\\/\",\"logo\":{\"@type\":\"ImageObject\",\"inLanguage\":\"es\",\"@id\":\"https:\\\/\\\/wamclog.com.br\\\/es\\\/#\\\/schema\\\/logo\\\/image\\\/\",\"url\":\"https:\\\/\\\/wamclog.com.br\\\/wp-content\\\/uploads\\\/2021\\\/10\\\/wamclog-marca.png\",\"contentUrl\":\"https:\\\/\\\/wamclog.com.br\\\/wp-content\\\/uploads\\\/2021\\\/10\\\/wamclog-marca.png\",\"width\":900,\"height\":360,\"caption\":\"WAMC Log\"},\"image\":{\"@id\":\"https:\\\/\\\/wamclog.com.br\\\/es\\\/#\\\/schema\\\/logo\\\/image\\\/\"},\"sameAs\":[\"https:\\\/\\\/www.facebook.com\\\/wamclogistica\\\/\",\"https:\\\/\\\/www.instagram.com\\\/wamclog\\\/\",\"https:\\\/\\\/www.linkedin.com\\\/company\\\/wamc-logistica\\\/\",\"https:\\\/\\\/www.youtube.com\\\/channel\\\/UCtx8k5oVVFe_J4eu9Zj8Cdw\"]}]}<\/script>\n<!-- \/ Yoast SEO plugin. -->","yoast_head_json":{"title":"Portal RH - WAMC Log","robots":{"index":"index","follow":"follow","max-snippet":"max-snippet:-1","max-image-preview":"max-image-preview:large","max-video-preview":"max-video-preview:-1"},"canonical":"https:\/\/wamclog.com.br\/es\/portal-rh\/","og_locale":"es_ES","og_type":"article","og_title":"Portal RH - WAMC Log","og_description":"[vc_row thb_full_width=\u00bbtrue\u00bb css=\u00bb.vc_custom_1635187106819{padding-top: 9vh !important;padding-bottom: 8vh !important;background-color: #e8f1f7 !important;}\u00bb thb_divider_color=\u00bb#09195d\u00bb thb_divider_height=\u00bb300px\u00bb el_class=\u00bbalign-center\u00bb][vc_column width=\u00bb1\/2&#8243;][vc_column_text animation=\u00bbanimation left-to-right\u00bb]Antes de conectar fronteras, conectamos personas. Por eso WAMC Log est\u00e1 constantemente haciendo inversiones en entrenamientos y capacitaci\u00f3n que valorizan al equipo y lo mantiene motivado. \u00a1Registre su CV y haga parte del equipo WAMC Log![\/vc_column_text][vc_separator color=\u00bbcustom\u00bb align=\u00bbalign_left\u00bb border_width=\u00bb6&#8243; el_width=\u00bb30&#8243; css_animation=\u00bbfadeInLeft\u00bb&hellip;","og_url":"https:\/\/wamclog.com.br\/es\/portal-rh\/","og_site_name":"WAMC Log","article_publisher":"https:\/\/www.facebook.com\/wamclogistica\/","article_modified_time":"2022-04-18T18:36:56+00:00","twitter_card":"summary_large_image","twitter_misc":{"Tiempo de lectura":"1 minuto"},"schema":{"@context":"https:\/\/schema.org","@graph":[{"@type":"WebPage","@id":"https:\/\/wamclog.com.br\/es\/portal-rh\/","url":"https:\/\/wamclog.com.br\/es\/portal-rh\/","name":"Portal RH - WAMC Log","isPartOf":{"@id":"https:\/\/wamclog.com.br\/es\/#website"},"datePublished":"2021-10-22T14:39:41+00:00","dateModified":"2022-04-18T18:36:56+00:00","breadcrumb":{"@id":"https:\/\/wamclog.com.br\/es\/portal-rh\/#breadcrumb"},"inLanguage":"es","potentialAction":[{"@type":"ReadAction","target":["https:\/\/wamclog.com.br\/es\/portal-rh\/"]}]},{"@type":"BreadcrumbList","@id":"https:\/\/wamclog.com.br\/es\/portal-rh\/#breadcrumb","itemListElement":[{"@type":"ListItem","position":1,"name":"In\u00edcio","item":"https:\/\/wamclog.com.br\/es\/"},{"@type":"ListItem","position":2,"name":"Portal RH"}]},{"@type":"WebSite","@id":"https:\/\/wamclog.com.br\/es\/#website","url":"https:\/\/wamclog.com.br\/es\/","name":"WAMC Log","description":"Solu\u00e7\u00f5es customizadas em Com\u00e9rcio Exterior","publisher":{"@id":"https:\/\/wamclog.com.br\/es\/#organization"},"potentialAction":[{"@type":"SearchAction","target":{"@type":"EntryPoint","urlTemplate":"https:\/\/wamclog.com.br\/es\/?s={search_term_string}"},"query-input":{"@type":"PropertyValueSpecification","valueRequired":true,"valueName":"search_term_string"}}],"inLanguage":"es"},{"@type":"Organization","@id":"https:\/\/wamclog.com.br\/es\/#organization","name":"WAMC Log","url":"https:\/\/wamclog.com.br\/es\/","logo":{"@type":"ImageObject","inLanguage":"es","@id":"https:\/\/wamclog.com.br\/es\/#\/schema\/logo\/image\/","url":"https:\/\/wamclog.com.br\/wp-content\/uploads\/2021\/10\/wamclog-marca.png","contentUrl":"https:\/\/wamclog.com.br\/wp-content\/uploads\/2021\/10\/wamclog-marca.png","width":900,"height":360,"caption":"WAMC Log"},"image":{"@id":"https:\/\/wamclog.com.br\/es\/#\/schema\/logo\/image\/"},"sameAs":["https:\/\/www.facebook.com\/wamclogistica\/","https:\/\/www.instagram.com\/wamclog\/","https:\/\/www.linkedin.com\/company\/wamc-logistica\/","https:\/\/www.youtube.com\/channel\/UCtx8k5oVVFe_J4eu9Zj8Cdw"]}]}},"_links":{"self":[{"href":"https:\/\/wamclog.com.br\/es\/wp-json\/wp\/v2\/pages\/2700","targetHints":{"allow":["GET"]}}],"collection":[{"href":"https:\/\/wamclog.com.br\/es\/wp-json\/wp\/v2\/pages"}],"about":[{"href":"https:\/\/wamclog.com.br\/es\/wp-json\/wp\/v2\/types\/page"}],"author":[{"embeddable":true,"href":"https:\/\/wamclog.com.br\/es\/wp-json\/wp\/v2\/users\/1"}],"replies":[{"embeddable":true,"href":"https:\/\/wamclog.com.br\/es\/wp-json\/wp\/v2\/comments?post=2700"}],"version-history":[{"count":0,"href":"https:\/\/wamclog.com.br\/es\/wp-json\/wp\/v2\/pages\/2700\/revisions"}],"wp:attachment":[{"href":"https:\/\/wamclog.com.br\/es\/wp-json\/wp\/v2\/media?parent=2700"}],"curies":[{"name":"wp","href":"https:\/\/api.w.org\/{rel}","templated":true}]}}