{"id":2705,"date":"2021-11-25T17:27:00","date_gmt":"2021-11-25T20:27:00","guid":{"rendered":"https:\/\/wamclog.com.br\/containers\/"},"modified":"2022-04-18T17:18:49","modified_gmt":"2022-04-18T20:18:49","slug":"containers","status":"publish","type":"page","link":"https:\/\/wamclog.com.br\/es\/containers\/","title":{"rendered":"Containers"},"content":{"rendered":"<div class=\"wpb-content-wrapper\">[vc_row css=\u00bb.vc_custom_1637868627344{padding-top: 9vh !important;}\u00bb thb_divider_color=\u00bb#09195d\u00bb thb_divider_height=\u00bb300px\u00bb][vc_column thb_color=\u00bbthb-light-column\u00bb width=\u00bb1\/2&#8243;]\t<div id=\"thb-slidetype-69e5c992f0359\" class=\"thb-slidetype \" data-style=\"style1\">\n\t\t\n<h1><span class=\"thb-slidetype-entry\"><span class=\"lines\">Containers<\/span><\/span><\/h1>\n\t\t\t\t<style>\n\t\t\t#thb-slidetype-69e5c992f0359 .thb-slidetype-entry {\n\t\t\t\tcolor: #09195d;\n\t\t\t}\n\t\t<\/style>\n\t\t\t<\/div>\n\n\t[vc_separator color=\u00bbcustom\u00bb align=\u00bbalign_left\u00bb border_width=\u00bb6&#8243; el_width=\u00bb30&#8243; css_animation=\u00bbfadeInLeft\u00bb accent_color=\u00bb#00aeef\u00bb][\/vc_column][\/vc_row][vc_row el_class=\u00bbalign-center\u00bb css=\u00bb.vc_custom_1633467861907{margin-top: 6px !important;margin-bottom: 6vh !important;}\u00bb thb_row_title=\u00bbOur Process\u00bb][vc_column offset=\u00bbvc_col-lg-offset-0 vc_col-lg-7 vc_col-md-9&#8243;][vc_separator css_animation=\u00bbfadeInLeft\u00bb][vc_column_text animation=\u00bbanimation left-to-right\u00bb]\n<h3>1. \u00bfCu\u00e1les son los modelos de containers m\u00e1s utilizados?<\/h3>\n[\/vc_column_text][vc_column_text animation=\u00bbanimation right-to-left\u00bb]<strong><img loading=\"lazy\" decoding=\"async\" class=\"alignleft wp-image-2603\" src=\"https:\/\/wamclog.com.br\/wp-content\/uploads\/2022\/02\/DRY-1-300x105.png\" alt=\"\" width=\"226\" height=\"79\" srcset=\"https:\/\/wamclog.com.br\/wp-content\/uploads\/2022\/02\/DRY-1-300x105.png 300w, https:\/\/wamclog.com.br\/wp-content\/uploads\/2022\/02\/DRY-1-20x7.png 20w, https:\/\/wamclog.com.br\/wp-content\/uploads\/2022\/02\/DRY-1-190x67.png 190w\" sizes=\"auto, (max-width: 226px) 100vw, 226px\" \/>DRY BOX 20 o 40 pies:<br \/>\n<\/strong>El container Dry Box es indicado para mercader\u00edas no perecibles.<\/p>\n[\/vc_column_text][vc_separator css_animation=\u00bbfadeInLeft\u00bb][vc_column_text animation=\u00bbanimation right-to-left\u00bb]<strong><img loading=\"lazy\" decoding=\"async\" class=\"alignleft wp-image-2607\" src=\"https:\/\/wamclog.com.br\/wp-content\/uploads\/2022\/02\/HIGH-CUBE-1-300x170.png\" alt=\"\" width=\"226\" height=\"128\" srcset=\"https:\/\/wamclog.com.br\/wp-content\/uploads\/2022\/02\/HIGH-CUBE-1-300x170.png 300w, https:\/\/wamclog.com.br\/wp-content\/uploads\/2022\/02\/HIGH-CUBE-1-20x11.png 20w, https:\/\/wamclog.com.br\/wp-content\/uploads\/2022\/02\/HIGH-CUBE-1-190x108.png 190w\" sizes=\"auto, (max-width: 226px) 100vw, 226px\" \/>HIGH CUBE 40 pies:<br \/>\n<\/strong>El container High Cube es todav\u00eda mayor en capacidad de volumen, por lo tanto es indicado para grandes cantidades de mercader\u00edas.<\/p>\n[\/vc_column_text][vc_separator css_animation=\u00bbfadeInLeft\u00bb][vc_column_text animation=\u00bbanimation right-to-left\u00bb]<strong><img loading=\"lazy\" decoding=\"async\" class=\"wp-image-2605 alignleft\" src=\"https:\/\/wamclog.com.br\/wp-content\/uploads\/2022\/02\/FLAT-1-300x118.png\" alt=\"\" width=\"226\" height=\"89\" srcset=\"https:\/\/wamclog.com.br\/wp-content\/uploads\/2022\/02\/FLAT-1-300x118.png 300w, https:\/\/wamclog.com.br\/wp-content\/uploads\/2022\/02\/FLAT-1-20x9.png 20w, https:\/\/wamclog.com.br\/wp-content\/uploads\/2022\/02\/FLAT-1-190x75.png 190w\" sizes=\"auto, (max-width: 226px) 100vw, 226px\" \/>FLAT RACK 20 o 40 pies:<br \/>\n<\/strong>El Flat Rack es utilizado para transportar grandes dimensiones, pues no posee las laterales derecha e izquierda y ni la parte superior (techo)<\/p>\n[\/vc_column_text][vc_separator css_animation=\u00bbfadeInLeft\u00bb][vc_column_text animation=\u00bbanimation right-to-left\u00bb]<strong><img loading=\"lazy\" decoding=\"async\" class=\"wp-image-2609 alignleft\" src=\"https:\/\/wamclog.com.br\/wp-content\/uploads\/2022\/02\/OPEN-TOP-1-300x195.png\" alt=\"\" width=\"226\" height=\"147\" srcset=\"https:\/\/wamclog.com.br\/wp-content\/uploads\/2022\/02\/OPEN-TOP-1-300x195.png 300w, https:\/\/wamclog.com.br\/wp-content\/uploads\/2022\/02\/OPEN-TOP-1-190x124.png 190w, https:\/\/wamclog.com.br\/wp-content\/uploads\/2022\/02\/OPEN-TOP-1-20x13.png 20w\" sizes=\"auto, (max-width: 226px) 100vw, 226px\" \/>OPEN TOP 20 o 40 pies:<br \/>\n<\/strong>El container Open Top posee su parte superior abierta, por ese motivo es indicado para cargas que ocupan m\u00e1s de lo que la altura padr\u00f3n de un container com\u00fan.<\/p>\n[\/vc_column_text][vc_separator css_animation=\u00bbfadeInLeft\u00bb][vc_column_text animation=\u00bbanimation right-to-left\u00bb]<strong><img loading=\"lazy\" decoding=\"async\" class=\"alignleft wp-image-2611\" src=\"https:\/\/wamclog.com.br\/wp-content\/uploads\/2022\/02\/Transmissao-Containers-Container-20-Refeer-1-300x169.png\" alt=\"\" width=\"230\" height=\"129\" srcset=\"https:\/\/wamclog.com.br\/wp-content\/uploads\/2022\/02\/Transmissao-Containers-Container-20-Refeer-1-300x169.png 300w, https:\/\/wamclog.com.br\/wp-content\/uploads\/2022\/02\/Transmissao-Containers-Container-20-Refeer-1-20x11.png 20w, https:\/\/wamclog.com.br\/wp-content\/uploads\/2022\/02\/Transmissao-Containers-Container-20-Refeer-1-190x107.png 190w\" sizes=\"auto, (max-width: 230px) 100vw, 230px\" \/>REEFER 20 o 40 pies:<br \/>\n<\/strong>El container Reefer es utilizado para cargas que necesitan el control de temperatura. Una curiosidad interesante es que independientemente de la compa\u00f1\u00eda de navegaci\u00f3n, este siempre ser\u00e1 de color blanco.<\/p>\n[\/vc_column_text][vc_separator css_animation=\u00bbfadeInLeft\u00bb][vc_column_text animation=\u00bbanimation right-to-left\u00bb]<strong><img loading=\"lazy\" decoding=\"async\" class=\"wp-image-2599 alignleft\" src=\"https:\/\/wamclog.com.br\/wp-content\/uploads\/2022\/02\/containers10-1-300x115.png\" alt=\"\" width=\"226\" height=\"87\" srcset=\"https:\/\/wamclog.com.br\/wp-content\/uploads\/2022\/02\/containers10-1-300x115.png 300w, https:\/\/wamclog.com.br\/wp-content\/uploads\/2022\/02\/containers10-1-20x9.png 20w, https:\/\/wamclog.com.br\/wp-content\/uploads\/2022\/02\/containers10-1-190x73.png 190w\" sizes=\"auto, (max-width: 226px) 100vw, 226px\" \/>Container Plataforma:<br \/>\n<\/strong>El container plataforma requiere la mercader\u00eda transportada sea amarrada en \u00e9l, pues no posee ninguno de los lados.<\/p>\n[\/vc_column_text][vc_separator css_animation=\u00bbfadeInLeft\u00bb][vc_column_text animation=\u00bbanimation right-to-left\u00bb]<strong><img loading=\"lazy\" decoding=\"async\" class=\"wp-image-2597 alignleft\" src=\"https:\/\/wamclog.com.br\/wp-content\/uploads\/2022\/02\/container7-300x195.png\" alt=\"\" width=\"226\" height=\"147\" srcset=\"https:\/\/wamclog.com.br\/wp-content\/uploads\/2022\/02\/container7-300x195.png 300w, https:\/\/wamclog.com.br\/wp-content\/uploads\/2022\/02\/container7-190x124.png 190w, https:\/\/wamclog.com.br\/wp-content\/uploads\/2022\/02\/container7-20x13.png 20w\" sizes=\"auto, (max-width: 226px) 100vw, 226px\" \/>Container Tanque: <\/strong><br \/>\nEl container tanque es indicado para transportar \u00a0<a href=\"\/mercadoria-perigosa\/\"><strong>productos qu\u00edmicos<\/strong><\/a>, inclusive hasta bebidas.[\/vc_column_text][vc_separator css_animation=\u00bbfadeInLeft\u00bb][vc_column_text animation=\u00bbanimation right-to-left\u00bb]<strong><img loading=\"lazy\" decoding=\"async\" class=\"wp-image-2601 alignleft\" src=\"https:\/\/wamclog.com.br\/wp-content\/uploads\/2022\/02\/continar-bulk-20-pes-300x300-1-300x195.png\" alt=\"\" width=\"226\" height=\"147\" srcset=\"https:\/\/wamclog.com.br\/wp-content\/uploads\/2022\/02\/continar-bulk-20-pes-300x300-1-300x195.png 300w, https:\/\/wamclog.com.br\/wp-content\/uploads\/2022\/02\/continar-bulk-20-pes-300x300-1-190x124.png 190w, https:\/\/wamclog.com.br\/wp-content\/uploads\/2022\/02\/continar-bulk-20-pes-300x300-1-20x13.png 20w\" sizes=\"auto, (max-width: 226px) 100vw, 226px\" \/>Container Bulk (granelero):<br \/>\n<\/strong>Este container es proyectado para cargas a granel, pues posee aberturas y escotillas para cargar y descargar la mercader\u00eda. Es muy utilizado para el transporte de commodities, como granos, arenas y piedras.<\/p>\n[\/vc_column_text][vc_separator css_animation=\u00bbfadeInLeft\u00bb][\/vc_column][\/vc_row][vc_row el_class=\u00bbalign-center\u00bb css=\u00bb.vc_custom_1633467861907{margin-top: 6px !important;margin-bottom: 6vh !important;}\u00bb thb_row_title=\u00bbOur Process\u00bb][vc_column animation=\u00bbanimation left-to-right\u00bb offset=\u00bbvc_col-lg-offset-0 vc_col-lg-7 vc_col-md-9&#8243;][vc_column_text animation=\u00bbanimation left-to-right\u00bb]\n<h3>2. En el modo a\u00e9reo tambi\u00e9n existen containers, veamos:<\/h3>\n[\/vc_column_text][vc_column_text animation=\u00bbanimation right-to-left\u00bb]En el modo a\u00e9reo los containers son llamados de Unit Load Device (ULD), y son 18 los tipos reglamentados por la IATA (Asociaci\u00f3n Internacional de Transportes A\u00e9reos).<\/p>\n<p><strong>Modelos:<\/strong>[\/vc_column_text][vc_row_inner thb_column_padding=\u00bbtrue\u00bb][vc_column_inner width=\u00bb1\/4&#8243;][vc_single_image image=\u00bb2613&#8243; img_size=\u00bbfull\u00bb add_caption=\u00bbyes\u00bb alignment=\u00bbcenter\u00bb onclick=\u00bblink_image\u00bb css_animation=\u00bbfadeInLeft\u00bb title=\u00bbLD-1&#8243;][\/vc_column_inner][vc_column_inner width=\u00bb1\/4&#8243;][vc_single_image image=\u00bb2615&#8243; img_size=\u00bbfull\u00bb add_caption=\u00bbyes\u00bb alignment=\u00bbcenter\u00bb onclick=\u00bblink_image\u00bb css_animation=\u00bbfadeInUp\u00bb title=\u00bbLD-2&#8243;][\/vc_column_inner][vc_column_inner width=\u00bb1\/4&#8243;][vc_single_image image=\u00bb2617&#8243; img_size=\u00bbfull\u00bb add_caption=\u00bbyes\u00bb alignment=\u00bbcenter\u00bb onclick=\u00bblink_image\u00bb css_animation=\u00bbfadeInUp\u00bb title=\u00bbLD-3&#8243;][\/vc_column_inner][vc_column_inner width=\u00bb1\/4&#8243;][vc_single_image image=\u00bb2619&#8243; img_size=\u00bbfull\u00bb add_caption=\u00bbyes\u00bb alignment=\u00bbcenter\u00bb onclick=\u00bblink_image\u00bb css_animation=\u00bbfadeInRight\u00bb title=\u00bbLD-3&#8243;][\/vc_column_inner][\/vc_row_inner][vc_row_inner][vc_column_inner width=\u00bb1\/4&#8243;][vc_single_image image=\u00bb2627&#8243; img_size=\u00bbfull\u00bb add_caption=\u00bbyes\u00bb alignment=\u00bbcenter\u00bb onclick=\u00bblink_image\u00bb css_animation=\u00bbfadeInLeft\u00bb title=\u00bbLD-4&#8243;][\/vc_column_inner][vc_column_inner width=\u00bb1\/4&#8243;][vc_single_image image=\u00bb2625&#8243; img_size=\u00bbfull\u00bb add_caption=\u00bbyes\u00bb alignment=\u00bbcenter\u00bb onclick=\u00bblink_image\u00bb css_animation=\u00bbfadeInUp\u00bb title=\u00bbLD-6&#8243;][\/vc_column_inner][vc_column_inner width=\u00bb1\/4&#8243;][vc_single_image image=\u00bb2623&#8243; img_size=\u00bbfull\u00bb add_caption=\u00bbyes\u00bb alignment=\u00bbcenter\u00bb onclick=\u00bblink_image\u00bb css_animation=\u00bbfadeInUp\u00bb title=\u00bbLD-7&#8243;][\/vc_column_inner][vc_column_inner width=\u00bb1\/4&#8243;][vc_single_image image=\u00bb2621&#8243; img_size=\u00bbfull\u00bb add_caption=\u00bbyes\u00bb alignment=\u00bbcenter\u00bb onclick=\u00bblink_image\u00bb css_animation=\u00bbfadeInRight\u00bb title=\u00bbLD-8&#8243;][\/vc_column_inner][\/vc_row_inner][vc_row_inner][vc_column_inner width=\u00bb1\/4&#8243;][vc_single_image image=\u00bb2635&#8243; img_size=\u00bbfull\u00bb add_caption=\u00bbyes\u00bb alignment=\u00bbcenter\u00bb onclick=\u00bblink_image\u00bb css_animation=\u00bbfadeInLeft\u00bb title=\u00bbLD-9&#8243;][\/vc_column_inner][vc_column_inner width=\u00bb1\/4&#8243;][vc_single_image image=\u00bb2633&#8243; img_size=\u00bbfull\u00bb add_caption=\u00bbyes\u00bb alignment=\u00bbcenter\u00bb onclick=\u00bblink_image\u00bb css_animation=\u00bbfadeInUp\u00bb title=\u00bbLD-11&#8243;][\/vc_column_inner][vc_column_inner width=\u00bb1\/4&#8243;][vc_single_image image=\u00bb2631&#8243; img_size=\u00bbfull\u00bb add_caption=\u00bbyes\u00bb alignment=\u00bbcenter\u00bb onclick=\u00bblink_image\u00bb css_animation=\u00bbfadeInUp\u00bb title=\u00bbLD-26&#8243;][\/vc_column_inner][vc_column_inner width=\u00bb1\/4&#8243;][vc_single_image image=\u00bb2629&#8243; img_size=\u00bbfull\u00bb add_caption=\u00bbyes\u00bb alignment=\u00bbcenter\u00bb onclick=\u00bblink_image\u00bb css_animation=\u00bbfadeInRight\u00bb title=\u00bbLD-29&#8243;][\/vc_column_inner][\/vc_row_inner][vc_row_inner][vc_column_inner width=\u00bb1\/4&#8243;][vc_single_image image=\u00bb2643&#8243; img_size=\u00bbfull\u00bb add_caption=\u00bbyes\u00bb alignment=\u00bbcenter\u00bb onclick=\u00bblink_image\u00bb css_animation=\u00bbfadeInLeft\u00bb title=\u00bbAQ-6&#8243;][\/vc_column_inner][vc_column_inner width=\u00bb1\/4&#8243;][vc_single_image image=\u00bb2641&#8243; img_size=\u00bbfull\u00bb add_caption=\u00bbyes\u00bb alignment=\u00bbcenter\u00bb onclick=\u00bblink_image\u00bb css_animation=\u00bbfadeInUp\u00bb title=\u00bbAQ-7&#8243;][\/vc_column_inner][vc_column_inner width=\u00bb1\/4&#8243;][vc_single_image image=\u00bb2639&#8243; img_size=\u00bbfull\u00bb add_caption=\u00bbyes\u00bb alignment=\u00bbcenter\u00bb onclick=\u00bblink_image\u00bb css_animation=\u00bbfadeInUp\u00bb title=\u00bbA-2&#8243;][\/vc_column_inner][vc_column_inner width=\u00bb1\/4&#8243;][vc_single_image image=\u00bb2637&#8243; img_size=\u00bbfull\u00bb add_caption=\u00bbyes\u00bb alignment=\u00bbcenter\u00bb onclick=\u00bblink_image\u00bb css_animation=\u00bbfadeInRight\u00bb title=\u00bb88\u00ab Pallet\u00bb][\/vc_column_inner][\/vc_row_inner][vc_row_inner][vc_column_inner width=\u00bb1\/4&#8243;][vc_single_image image=\u00bb2647&#8243; img_size=\u00bbfull\u00bb add_caption=\u00bbyes\u00bb alignment=\u00bbcenter\u00bb onclick=\u00bblink_image\u00bb css_animation=\u00bbfadeInLeft\u00bb title=\u00bb96\u00ab Pallet\u00bb][\/vc_column_inner][vc_column_inner width=\u00bb1\/4&#8243;][vc_single_image image=\u00bb2645&#8243; img_size=\u00bbfull\u00bb add_caption=\u00bbyes\u00bb alignment=\u00bbcenter\u00bb onclick=\u00bblink_image\u00bb css_animation=\u00bbfadeInUp\u00bb title=\u00bbHalf Pallet\u00bb][\/vc_column_inner][vc_column_inner width=\u00bb1\/4&#8243;][\/vc_column_inner][vc_column_inner width=\u00bb1\/4&#8243;][\/vc_column_inner][\/vc_row_inner][\/vc_column][\/vc_row]\n<\/div>","protected":false},"excerpt":{"rendered":"<p>[vc_row css=\u00bb.vc_custom_1637868627344{padding-top: 9vh !important;}\u00bb thb_divider_color=\u00bb#09195d\u00bb thb_divider_height=\u00bb300px\u00bb][vc_column thb_color=\u00bbthb-light-column\u00bb width=\u00bb1\/2&#8243;][vc_separator color=\u00bbcustom\u00bb align=\u00bbalign_left\u00bb border_width=\u00bb6&#8243; el_width=\u00bb30&#8243; css_animation=\u00bbfadeInLeft\u00bb accent_color=\u00bb#00aeef\u00bb][\/vc_column][\/vc_row][vc_row el_class=\u00bbalign-center\u00bb css=\u00bb.vc_custom_1633467861907{margin-top: 6px !important;margin-bottom: 6vh !important;}\u00bb thb_row_title=\u00bbOur Process\u00bb][vc_column offset=\u00bbvc_col-lg-offset-0 vc_col-lg-7 vc_col-md-9&#8243;][vc_separator css_animation=\u00bbfadeInLeft\u00bb][vc_column_text animation=\u00bbanimation left-to-right\u00bb] 1. \u00bfCu\u00e1les son los modelos de containers m\u00e1s utilizados? [\/vc_column_text][vc_column_text animation=\u00bbanimation right-to-left\u00bb]DRY BOX 20 o 40 pies: El container Dry Box es indicado para mercader\u00edas no perecibles.&hellip;<\/p>\n","protected":false},"author":1,"featured_media":0,"parent":0,"menu_order":0,"comment_status":"closed","ping_status":"closed","template":"","meta":{"inline_featured_image":false,"footnotes":""},"class_list":["post-2705","page","type-page","status-publish","hentry"],"yoast_head":"<!-- This site is optimized with the Yoast SEO plugin v27.4 - https:\/\/yoast.com\/product\/yoast-seo-wordpress\/ -->\n<title>Containers - WAMC Log<\/title>\n<meta name=\"robots\" content=\"index, follow, max-snippet:-1, max-image-preview:large, max-video-preview:-1\" \/>\n<link rel=\"canonical\" href=\"https:\/\/wamclog.com.br\/es\/containers\/\" \/>\n<meta property=\"og:locale\" content=\"es_ES\" \/>\n<meta property=\"og:type\" content=\"article\" \/>\n<meta property=\"og:title\" content=\"Containers - WAMC Log\" \/>\n<meta property=\"og:description\" content=\"[vc_row css=\u00bb.vc_custom_1637868627344{padding-top: 9vh !important;}\u00bb thb_divider_color=\u00bb#09195d\u00bb thb_divider_height=\u00bb300px\u00bb][vc_column thb_color=\u00bbthb-light-column\u00bb width=\u00bb1\/2&#8243;][vc_separator color=\u00bbcustom\u00bb align=\u00bbalign_left\u00bb border_width=\u00bb6&#8243; el_width=\u00bb30&#8243; css_animation=\u00bbfadeInLeft\u00bb accent_color=\u00bb#00aeef\u00bb][\/vc_column][\/vc_row][vc_row el_class=\u00bbalign-center\u00bb css=\u00bb.vc_custom_1633467861907{margin-top: 6px !important;margin-bottom: 6vh !important;}\u00bb thb_row_title=\u00bbOur Process\u00bb][vc_column offset=\u00bbvc_col-lg-offset-0 vc_col-lg-7 vc_col-md-9&#8243;][vc_separator css_animation=\u00bbfadeInLeft\u00bb][vc_column_text animation=\u00bbanimation left-to-right\u00bb] 1. \u00bfCu\u00e1les son los modelos de containers m\u00e1s utilizados? [\/vc_column_text][vc_column_text animation=\u00bbanimation right-to-left\u00bb]DRY BOX 20 o 40 pies: El container Dry Box es indicado para mercader\u00edas no perecibles.&hellip;\" \/>\n<meta property=\"og:url\" content=\"https:\/\/wamclog.com.br\/es\/containers\/\" \/>\n<meta property=\"og:site_name\" content=\"WAMC Log\" \/>\n<meta property=\"article:publisher\" content=\"https:\/\/www.facebook.com\/wamclogistica\/\" \/>\n<meta property=\"article:modified_time\" content=\"2022-04-18T20:18:49+00:00\" \/>\n<meta property=\"og:image\" content=\"https:\/\/wamclog.com.br\/wp-content\/uploads\/2022\/02\/DRY-1-300x105.png\" \/>\n<meta name=\"twitter:card\" content=\"summary_large_image\" \/>\n<meta name=\"twitter:label1\" content=\"Tiempo de lectura\" \/>\n\t<meta name=\"twitter:data1\" content=\"5 minutos\" \/>\n<script type=\"application\/ld+json\" class=\"yoast-schema-graph\">{\"@context\":\"https:\\\/\\\/schema.org\",\"@graph\":[{\"@type\":\"WebPage\",\"@id\":\"https:\\\/\\\/wamclog.com.br\\\/es\\\/containers\\\/\",\"url\":\"https:\\\/\\\/wamclog.com.br\\\/es\\\/containers\\\/\",\"name\":\"Containers - WAMC Log\",\"isPartOf\":{\"@id\":\"https:\\\/\\\/wamclog.com.br\\\/es\\\/#website\"},\"primaryImageOfPage\":{\"@id\":\"https:\\\/\\\/wamclog.com.br\\\/es\\\/containers\\\/#primaryimage\"},\"image\":{\"@id\":\"https:\\\/\\\/wamclog.com.br\\\/es\\\/containers\\\/#primaryimage\"},\"thumbnailUrl\":\"https:\\\/\\\/wamclog.com.br\\\/wp-content\\\/uploads\\\/2022\\\/02\\\/DRY-1-300x105.png\",\"datePublished\":\"2021-11-25T20:27:00+00:00\",\"dateModified\":\"2022-04-18T20:18:49+00:00\",\"breadcrumb\":{\"@id\":\"https:\\\/\\\/wamclog.com.br\\\/es\\\/containers\\\/#breadcrumb\"},\"inLanguage\":\"es\",\"potentialAction\":[{\"@type\":\"ReadAction\",\"target\":[\"https:\\\/\\\/wamclog.com.br\\\/es\\\/containers\\\/\"]}]},{\"@type\":\"ImageObject\",\"inLanguage\":\"es\",\"@id\":\"https:\\\/\\\/wamclog.com.br\\\/es\\\/containers\\\/#primaryimage\",\"url\":\"https:\\\/\\\/wamclog.com.br\\\/wp-content\\\/uploads\\\/2022\\\/02\\\/DRY-1-300x105.png\",\"contentUrl\":\"https:\\\/\\\/wamclog.com.br\\\/wp-content\\\/uploads\\\/2022\\\/02\\\/DRY-1-300x105.png\"},{\"@type\":\"BreadcrumbList\",\"@id\":\"https:\\\/\\\/wamclog.com.br\\\/es\\\/containers\\\/#breadcrumb\",\"itemListElement\":[{\"@type\":\"ListItem\",\"position\":1,\"name\":\"In\u00edcio\",\"item\":\"https:\\\/\\\/wamclog.com.br\\\/es\\\/\"},{\"@type\":\"ListItem\",\"position\":2,\"name\":\"Containers\"}]},{\"@type\":\"WebSite\",\"@id\":\"https:\\\/\\\/wamclog.com.br\\\/es\\\/#website\",\"url\":\"https:\\\/\\\/wamclog.com.br\\\/es\\\/\",\"name\":\"WAMC Log\",\"description\":\"Solu\u00e7\u00f5es customizadas em Com\u00e9rcio Exterior\",\"publisher\":{\"@id\":\"https:\\\/\\\/wamclog.com.br\\\/es\\\/#organization\"},\"potentialAction\":[{\"@type\":\"SearchAction\",\"target\":{\"@type\":\"EntryPoint\",\"urlTemplate\":\"https:\\\/\\\/wamclog.com.br\\\/es\\\/?s={search_term_string}\"},\"query-input\":{\"@type\":\"PropertyValueSpecification\",\"valueRequired\":true,\"valueName\":\"search_term_string\"}}],\"inLanguage\":\"es\"},{\"@type\":\"Organization\",\"@id\":\"https:\\\/\\\/wamclog.com.br\\\/es\\\/#organization\",\"name\":\"WAMC Log\",\"url\":\"https:\\\/\\\/wamclog.com.br\\\/es\\\/\",\"logo\":{\"@type\":\"ImageObject\",\"inLanguage\":\"es\",\"@id\":\"https:\\\/\\\/wamclog.com.br\\\/es\\\/#\\\/schema\\\/logo\\\/image\\\/\",\"url\":\"https:\\\/\\\/wamclog.com.br\\\/wp-content\\\/uploads\\\/2021\\\/10\\\/wamclog-marca.png\",\"contentUrl\":\"https:\\\/\\\/wamclog.com.br\\\/wp-content\\\/uploads\\\/2021\\\/10\\\/wamclog-marca.png\",\"width\":900,\"height\":360,\"caption\":\"WAMC Log\"},\"image\":{\"@id\":\"https:\\\/\\\/wamclog.com.br\\\/es\\\/#\\\/schema\\\/logo\\\/image\\\/\"},\"sameAs\":[\"https:\\\/\\\/www.facebook.com\\\/wamclogistica\\\/\",\"https:\\\/\\\/www.instagram.com\\\/wamclog\\\/\",\"https:\\\/\\\/www.linkedin.com\\\/company\\\/wamc-logistica\\\/\",\"https:\\\/\\\/www.youtube.com\\\/channel\\\/UCtx8k5oVVFe_J4eu9Zj8Cdw\"]}]}<\/script>\n<!-- \/ Yoast SEO plugin. -->","yoast_head_json":{"title":"Containers - WAMC Log","robots":{"index":"index","follow":"follow","max-snippet":"max-snippet:-1","max-image-preview":"max-image-preview:large","max-video-preview":"max-video-preview:-1"},"canonical":"https:\/\/wamclog.com.br\/es\/containers\/","og_locale":"es_ES","og_type":"article","og_title":"Containers - WAMC Log","og_description":"[vc_row css=\u00bb.vc_custom_1637868627344{padding-top: 9vh !important;}\u00bb thb_divider_color=\u00bb#09195d\u00bb thb_divider_height=\u00bb300px\u00bb][vc_column thb_color=\u00bbthb-light-column\u00bb width=\u00bb1\/2&#8243;][vc_separator color=\u00bbcustom\u00bb align=\u00bbalign_left\u00bb border_width=\u00bb6&#8243; el_width=\u00bb30&#8243; css_animation=\u00bbfadeInLeft\u00bb accent_color=\u00bb#00aeef\u00bb][\/vc_column][\/vc_row][vc_row el_class=\u00bbalign-center\u00bb css=\u00bb.vc_custom_1633467861907{margin-top: 6px !important;margin-bottom: 6vh !important;}\u00bb thb_row_title=\u00bbOur Process\u00bb][vc_column offset=\u00bbvc_col-lg-offset-0 vc_col-lg-7 vc_col-md-9&#8243;][vc_separator css_animation=\u00bbfadeInLeft\u00bb][vc_column_text animation=\u00bbanimation left-to-right\u00bb] 1. \u00bfCu\u00e1les son los modelos de containers m\u00e1s utilizados? [\/vc_column_text][vc_column_text animation=\u00bbanimation right-to-left\u00bb]DRY BOX 20 o 40 pies: El container Dry Box es indicado para mercader\u00edas no perecibles.&hellip;","og_url":"https:\/\/wamclog.com.br\/es\/containers\/","og_site_name":"WAMC Log","article_publisher":"https:\/\/www.facebook.com\/wamclogistica\/","article_modified_time":"2022-04-18T20:18:49+00:00","og_image":[{"url":"https:\/\/wamclog.com.br\/wp-content\/uploads\/2022\/02\/DRY-1-300x105.png","type":"","width":"","height":""}],"twitter_card":"summary_large_image","twitter_misc":{"Tiempo de lectura":"5 minutos"},"schema":{"@context":"https:\/\/schema.org","@graph":[{"@type":"WebPage","@id":"https:\/\/wamclog.com.br\/es\/containers\/","url":"https:\/\/wamclog.com.br\/es\/containers\/","name":"Containers - WAMC Log","isPartOf":{"@id":"https:\/\/wamclog.com.br\/es\/#website"},"primaryImageOfPage":{"@id":"https:\/\/wamclog.com.br\/es\/containers\/#primaryimage"},"image":{"@id":"https:\/\/wamclog.com.br\/es\/containers\/#primaryimage"},"thumbnailUrl":"https:\/\/wamclog.com.br\/wp-content\/uploads\/2022\/02\/DRY-1-300x105.png","datePublished":"2021-11-25T20:27:00+00:00","dateModified":"2022-04-18T20:18:49+00:00","breadcrumb":{"@id":"https:\/\/wamclog.com.br\/es\/containers\/#breadcrumb"},"inLanguage":"es","potentialAction":[{"@type":"ReadAction","target":["https:\/\/wamclog.com.br\/es\/containers\/"]}]},{"@type":"ImageObject","inLanguage":"es","@id":"https:\/\/wamclog.com.br\/es\/containers\/#primaryimage","url":"https:\/\/wamclog.com.br\/wp-content\/uploads\/2022\/02\/DRY-1-300x105.png","contentUrl":"https:\/\/wamclog.com.br\/wp-content\/uploads\/2022\/02\/DRY-1-300x105.png"},{"@type":"BreadcrumbList","@id":"https:\/\/wamclog.com.br\/es\/containers\/#breadcrumb","itemListElement":[{"@type":"ListItem","position":1,"name":"In\u00edcio","item":"https:\/\/wamclog.com.br\/es\/"},{"@type":"ListItem","position":2,"name":"Containers"}]},{"@type":"WebSite","@id":"https:\/\/wamclog.com.br\/es\/#website","url":"https:\/\/wamclog.com.br\/es\/","name":"WAMC Log","description":"Solu\u00e7\u00f5es customizadas em Com\u00e9rcio Exterior","publisher":{"@id":"https:\/\/wamclog.com.br\/es\/#organization"},"potentialAction":[{"@type":"SearchAction","target":{"@type":"EntryPoint","urlTemplate":"https:\/\/wamclog.com.br\/es\/?s={search_term_string}"},"query-input":{"@type":"PropertyValueSpecification","valueRequired":true,"valueName":"search_term_string"}}],"inLanguage":"es"},{"@type":"Organization","@id":"https:\/\/wamclog.com.br\/es\/#organization","name":"WAMC Log","url":"https:\/\/wamclog.com.br\/es\/","logo":{"@type":"ImageObject","inLanguage":"es","@id":"https:\/\/wamclog.com.br\/es\/#\/schema\/logo\/image\/","url":"https:\/\/wamclog.com.br\/wp-content\/uploads\/2021\/10\/wamclog-marca.png","contentUrl":"https:\/\/wamclog.com.br\/wp-content\/uploads\/2021\/10\/wamclog-marca.png","width":900,"height":360,"caption":"WAMC Log"},"image":{"@id":"https:\/\/wamclog.com.br\/es\/#\/schema\/logo\/image\/"},"sameAs":["https:\/\/www.facebook.com\/wamclogistica\/","https:\/\/www.instagram.com\/wamclog\/","https:\/\/www.linkedin.com\/company\/wamc-logistica\/","https:\/\/www.youtube.com\/channel\/UCtx8k5oVVFe_J4eu9Zj8Cdw"]}]}},"_links":{"self":[{"href":"https:\/\/wamclog.com.br\/es\/wp-json\/wp\/v2\/pages\/2705","targetHints":{"allow":["GET"]}}],"collection":[{"href":"https:\/\/wamclog.com.br\/es\/wp-json\/wp\/v2\/pages"}],"about":[{"href":"https:\/\/wamclog.com.br\/es\/wp-json\/wp\/v2\/types\/page"}],"author":[{"embeddable":true,"href":"https:\/\/wamclog.com.br\/es\/wp-json\/wp\/v2\/users\/1"}],"replies":[{"embeddable":true,"href":"https:\/\/wamclog.com.br\/es\/wp-json\/wp\/v2\/comments?post=2705"}],"version-history":[{"count":0,"href":"https:\/\/wamclog.com.br\/es\/wp-json\/wp\/v2\/pages\/2705\/revisions"}],"wp:attachment":[{"href":"https:\/\/wamclog.com.br\/es\/wp-json\/wp\/v2\/media?parent=2705"}],"curies":[{"name":"wp","href":"https:\/\/api.w.org\/{rel}","templated":true}]}}