{"id":2781,"date":"2021-11-25T17:06:31","date_gmt":"2021-11-25T20:06:31","guid":{"rendered":"https:\/\/wamclog.com.br\/habilitacao-radar\/"},"modified":"2022-05-20T15:05:48","modified_gmt":"2022-05-20T18:05:48","slug":"habilitacion-en-el-sistema-radar","status":"publish","type":"page","link":"https:\/\/wamclog.com.br\/es\/habilitacion-en-el-sistema-radar\/","title":{"rendered":"Habilitaci\u00f3n en el sistema Radar"},"content":{"rendered":"<div class=\"wpb-content-wrapper\">[vc_row css=\u00bb.vc_custom_1637868627344{padding-top: 9vh !important;}\u00bb thb_divider_color=\u00bb#09195d\u00bb thb_divider_height=\u00bb300px\u00bb][vc_column thb_color=\u00bbthb-light-column\u00bb width=\u00bb1\/2&#8243;]\t<div id=\"thb-slidetype-69d2ae466951b\" class=\"thb-slidetype \" data-style=\"style1\">\n\t\t\n<h1><span class=\"thb-slidetype-entry\"><span class=\"lines\">Habilitaci\u00f3n en el sistema Radar<\/span><\/span><\/h1>\n\t\t\t\t<style>\n\t\t\t#thb-slidetype-69d2ae466951b .thb-slidetype-entry {\n\t\t\t\tcolor: #09195d;\n\t\t\t}\n\t\t<\/style>\n\t\t\t<\/div>\n\n\t[vc_separator color=\u00bbcustom\u00bb align=\u00bbalign_left\u00bb border_width=\u00bb6&#8243; el_width=\u00bb30&#8243; css_animation=\u00bbfadeInLeft\u00bb accent_color=\u00bb#00aeef\u00bb][\/vc_column][\/vc_row][vc_row thb_full_width=\u00bbtrue\u00bb thb_row_padding=\u00bbtrue\u00bb thb_column_padding=\u00bbtrue\u00bb content_placement=\u00bbmiddle\u00bb css=\u00bb.vc_custom_1637868668114{padding-top: 6vh !important;padding-bottom: 6vh !important;background-color: #ffffff !important;}\u00bb][vc_column][vc_row_inner][vc_column_inner width=\u00bb1\/3&#8243; css=\u00bb.vc_custom_1609249872762{padding-right: 15% !important;padding-bottom: 70px !important;}\u00bb]\t<div id=\"thb-image-69d2ae46695ec\" class=\"caption-style1 animation left-to-right aligncenter full  thb_image_link wp-caption \">\n\t\t\t<div class=\"thb-image-inner size_100\">\n\t\t\t<img loading=\"lazy\" decoding=\"async\" width=\"750\" height=\"750\" src=\"https:\/\/wamclog.com.br\/wp-content\/uploads\/2021\/11\/radar@300x-100-1.jpeg\" class=\"thb_image    attachment-full\" alt=\"\" title=\"radar@300x-100 (1)\" srcset=\"https:\/\/wamclog.com.br\/wp-content\/uploads\/2021\/11\/radar@300x-100-1.jpeg 750w, https:\/\/wamclog.com.br\/wp-content\/uploads\/2021\/11\/radar@300x-100-1-300x300.jpeg 300w, https:\/\/wamclog.com.br\/wp-content\/uploads\/2021\/11\/radar@300x-100-1-150x150.jpeg 150w, https:\/\/wamclog.com.br\/wp-content\/uploads\/2021\/11\/radar@300x-100-1-200x200.jpeg 200w, https:\/\/wamclog.com.br\/wp-content\/uploads\/2021\/11\/radar@300x-100-1-100x100.jpeg 100w, https:\/\/wamclog.com.br\/wp-content\/uploads\/2021\/11\/radar@300x-100-1-380x380.jpeg 380w, https:\/\/wamclog.com.br\/wp-content\/uploads\/2021\/11\/radar@300x-100-1-20x20.jpeg 20w, https:\/\/wamclog.com.br\/wp-content\/uploads\/2021\/11\/radar@300x-100-1-190x190.jpeg 190w\" sizes=\"auto, (max-width: 750px) 100vw, 750px\" \/>\t\t\t\t\t<\/div>\n\t\t\t\t\t<\/div>\n\t[\/vc_column_inner][vc_column_inner width=\u00bb1\/2&#8243;][vc_column_text animation=\u00bbanimation right-to-left\u00bb]Ambiente de Registro y Rastreo de Actuaci\u00f3n de los Interventores Aduaneros \u2013 RADAR<\/p>\n<p>\u00bfSu empresa tiene planos de importar y o exportar? \u00a1La habilitaci\u00f3n en el RADAR es el primer paso para eso! LA WAMC Log puede auxiliar a su empresa en todo el proceso para que inicie las negociaciones internacionales.<\/p>\n<p>Orientamos todo el proceso de la documentaci\u00f3n exigida para cada modalidad de habilitaci\u00f3n en el Radar\/SISCOMEX. Tambi\u00e9n llenamos los formularios y los protocolamos siguiendo las exigencias de la Receta Federal de Brasil para que la acreditaci\u00f3n de la persona f\u00edsica o jur\u00eddica sea debidamente analizada y aprobada.<\/p>\n<p>\u00a1Cuente con nosotros desde el inicio hasta el final de su operaci\u00f3n![\/vc_column_text][vc_separator color=\u00bbcustom\u00bb align=\u00bbalign_left\u00bb border_width=\u00bb6&#8243; el_width=\u00bb50&#8243; css_animation=\u00bbfadeInRight\u00bb accent_color=\u00bb#e3e3e3&#8243;][\/vc_column_inner][\/vc_row_inner][\/vc_column][\/vc_row]\n<\/div>","protected":false},"excerpt":{"rendered":"<p>[vc_row css=\u00bb.vc_custom_1637868627344{padding-top: 9vh !important;}\u00bb thb_divider_color=\u00bb#09195d\u00bb thb_divider_height=\u00bb300px\u00bb][vc_column thb_color=\u00bbthb-light-column\u00bb width=\u00bb1\/2&#8243;][vc_separator color=\u00bbcustom\u00bb align=\u00bbalign_left\u00bb border_width=\u00bb6&#8243; el_width=\u00bb30&#8243; css_animation=\u00bbfadeInLeft\u00bb accent_color=\u00bb#00aeef\u00bb][\/vc_column][\/vc_row][vc_row thb_full_width=\u00bbtrue\u00bb thb_row_padding=\u00bbtrue\u00bb thb_column_padding=\u00bbtrue\u00bb content_placement=\u00bbmiddle\u00bb css=\u00bb.vc_custom_1637868668114{padding-top: 6vh !important;padding-bottom: 6vh !important;background-color: #ffffff !important;}\u00bb][vc_column][vc_row_inner][vc_column_inner width=\u00bb1\/3&#8243; css=\u00bb.vc_custom_1609249872762{padding-right: 15% !important;padding-bottom: 70px !important;}\u00bb][\/vc_column_inner][vc_column_inner width=\u00bb1\/2&#8243;][vc_column_text animation=\u00bbanimation right-to-left\u00bb]Ambiente de Registro y Rastreo de Actuaci\u00f3n de los Interventores Aduaneros \u2013 RADAR \u00bfSu empresa tiene planos de importar y o exportar?&hellip;<\/p>\n","protected":false},"author":1,"featured_media":0,"parent":0,"menu_order":0,"comment_status":"closed","ping_status":"closed","template":"","meta":{"inline_featured_image":false,"footnotes":""},"class_list":["post-2781","page","type-page","status-publish","hentry"],"yoast_head":"<!-- This site is optimized with the Yoast SEO plugin v27.3 - https:\/\/yoast.com\/product\/yoast-seo-wordpress\/ -->\n<title>Habilitaci\u00f3n en el sistema Radar - WAMC Log<\/title>\n<meta name=\"robots\" content=\"index, follow, max-snippet:-1, max-image-preview:large, max-video-preview:-1\" \/>\n<link rel=\"canonical\" href=\"https:\/\/wamclog.com.br\/es\/habilitacion-en-el-sistema-radar\/\" \/>\n<meta property=\"og:locale\" content=\"es_ES\" \/>\n<meta property=\"og:type\" content=\"article\" \/>\n<meta property=\"og:title\" content=\"Habilitaci\u00f3n en el sistema Radar - WAMC Log\" \/>\n<meta property=\"og:description\" content=\"[vc_row css=\u00bb.vc_custom_1637868627344{padding-top: 9vh !important;}\u00bb thb_divider_color=\u00bb#09195d\u00bb thb_divider_height=\u00bb300px\u00bb][vc_column thb_color=\u00bbthb-light-column\u00bb width=\u00bb1\/2&#8243;][vc_separator color=\u00bbcustom\u00bb align=\u00bbalign_left\u00bb border_width=\u00bb6&#8243; el_width=\u00bb30&#8243; css_animation=\u00bbfadeInLeft\u00bb accent_color=\u00bb#00aeef\u00bb][\/vc_column][\/vc_row][vc_row thb_full_width=\u00bbtrue\u00bb thb_row_padding=\u00bbtrue\u00bb thb_column_padding=\u00bbtrue\u00bb content_placement=\u00bbmiddle\u00bb css=\u00bb.vc_custom_1637868668114{padding-top: 6vh !important;padding-bottom: 6vh !important;background-color: #ffffff !important;}\u00bb][vc_column][vc_row_inner][vc_column_inner width=\u00bb1\/3&#8243; css=\u00bb.vc_custom_1609249872762{padding-right: 15% !important;padding-bottom: 70px !important;}\u00bb][\/vc_column_inner][vc_column_inner width=\u00bb1\/2&#8243;][vc_column_text animation=\u00bbanimation right-to-left\u00bb]Ambiente de Registro y Rastreo de Actuaci\u00f3n de los Interventores Aduaneros \u2013 RADAR \u00bfSu empresa tiene planos de importar y o exportar?&hellip;\" \/>\n<meta property=\"og:url\" content=\"https:\/\/wamclog.com.br\/es\/habilitacion-en-el-sistema-radar\/\" \/>\n<meta property=\"og:site_name\" content=\"WAMC Log\" \/>\n<meta property=\"article:publisher\" content=\"https:\/\/www.facebook.com\/wamclogistica\/\" \/>\n<meta property=\"article:modified_time\" content=\"2022-05-20T18:05:48+00:00\" \/>\n<meta name=\"twitter:card\" content=\"summary_large_image\" \/>\n<meta name=\"twitter:label1\" content=\"Tiempo de lectura\" \/>\n\t<meta name=\"twitter:data1\" content=\"1 minuto\" \/>\n<script type=\"application\/ld+json\" class=\"yoast-schema-graph\">{\"@context\":\"https:\\\/\\\/schema.org\",\"@graph\":[{\"@type\":\"WebPage\",\"@id\":\"https:\\\/\\\/wamclog.com.br\\\/es\\\/habilitacion-en-el-sistema-radar\\\/\",\"url\":\"https:\\\/\\\/wamclog.com.br\\\/es\\\/habilitacion-en-el-sistema-radar\\\/\",\"name\":\"Habilitaci\u00f3n en el sistema Radar - WAMC Log\",\"isPartOf\":{\"@id\":\"https:\\\/\\\/wamclog.com.br\\\/es\\\/#website\"},\"datePublished\":\"2021-11-25T20:06:31+00:00\",\"dateModified\":\"2022-05-20T18:05:48+00:00\",\"breadcrumb\":{\"@id\":\"https:\\\/\\\/wamclog.com.br\\\/es\\\/habilitacion-en-el-sistema-radar\\\/#breadcrumb\"},\"inLanguage\":\"es\",\"potentialAction\":[{\"@type\":\"ReadAction\",\"target\":[\"https:\\\/\\\/wamclog.com.br\\\/es\\\/habilitacion-en-el-sistema-radar\\\/\"]}]},{\"@type\":\"BreadcrumbList\",\"@id\":\"https:\\\/\\\/wamclog.com.br\\\/es\\\/habilitacion-en-el-sistema-radar\\\/#breadcrumb\",\"itemListElement\":[{\"@type\":\"ListItem\",\"position\":1,\"name\":\"In\u00edcio\",\"item\":\"https:\\\/\\\/wamclog.com.br\\\/es\\\/\"},{\"@type\":\"ListItem\",\"position\":2,\"name\":\"Habilitaci\u00f3n en el sistema Radar\"}]},{\"@type\":\"WebSite\",\"@id\":\"https:\\\/\\\/wamclog.com.br\\\/es\\\/#website\",\"url\":\"https:\\\/\\\/wamclog.com.br\\\/es\\\/\",\"name\":\"WAMC Log\",\"description\":\"Solu\u00e7\u00f5es customizadas em Com\u00e9rcio Exterior\",\"publisher\":{\"@id\":\"https:\\\/\\\/wamclog.com.br\\\/es\\\/#organization\"},\"potentialAction\":[{\"@type\":\"SearchAction\",\"target\":{\"@type\":\"EntryPoint\",\"urlTemplate\":\"https:\\\/\\\/wamclog.com.br\\\/es\\\/?s={search_term_string}\"},\"query-input\":{\"@type\":\"PropertyValueSpecification\",\"valueRequired\":true,\"valueName\":\"search_term_string\"}}],\"inLanguage\":\"es\"},{\"@type\":\"Organization\",\"@id\":\"https:\\\/\\\/wamclog.com.br\\\/es\\\/#organization\",\"name\":\"WAMC Log\",\"url\":\"https:\\\/\\\/wamclog.com.br\\\/es\\\/\",\"logo\":{\"@type\":\"ImageObject\",\"inLanguage\":\"es\",\"@id\":\"https:\\\/\\\/wamclog.com.br\\\/es\\\/#\\\/schema\\\/logo\\\/image\\\/\",\"url\":\"https:\\\/\\\/wamclog.com.br\\\/wp-content\\\/uploads\\\/2021\\\/10\\\/wamclog-marca.png\",\"contentUrl\":\"https:\\\/\\\/wamclog.com.br\\\/wp-content\\\/uploads\\\/2021\\\/10\\\/wamclog-marca.png\",\"width\":900,\"height\":360,\"caption\":\"WAMC Log\"},\"image\":{\"@id\":\"https:\\\/\\\/wamclog.com.br\\\/es\\\/#\\\/schema\\\/logo\\\/image\\\/\"},\"sameAs\":[\"https:\\\/\\\/www.facebook.com\\\/wamclogistica\\\/\",\"https:\\\/\\\/www.instagram.com\\\/wamclog\\\/\",\"https:\\\/\\\/www.linkedin.com\\\/company\\\/wamc-logistica\\\/\",\"https:\\\/\\\/www.youtube.com\\\/channel\\\/UCtx8k5oVVFe_J4eu9Zj8Cdw\"]}]}<\/script>\n<!-- \/ Yoast SEO plugin. -->","yoast_head_json":{"title":"Habilitaci\u00f3n en el sistema Radar - WAMC Log","robots":{"index":"index","follow":"follow","max-snippet":"max-snippet:-1","max-image-preview":"max-image-preview:large","max-video-preview":"max-video-preview:-1"},"canonical":"https:\/\/wamclog.com.br\/es\/habilitacion-en-el-sistema-radar\/","og_locale":"es_ES","og_type":"article","og_title":"Habilitaci\u00f3n en el sistema Radar - WAMC Log","og_description":"[vc_row css=\u00bb.vc_custom_1637868627344{padding-top: 9vh !important;}\u00bb thb_divider_color=\u00bb#09195d\u00bb thb_divider_height=\u00bb300px\u00bb][vc_column thb_color=\u00bbthb-light-column\u00bb width=\u00bb1\/2&#8243;][vc_separator color=\u00bbcustom\u00bb align=\u00bbalign_left\u00bb border_width=\u00bb6&#8243; el_width=\u00bb30&#8243; css_animation=\u00bbfadeInLeft\u00bb accent_color=\u00bb#00aeef\u00bb][\/vc_column][\/vc_row][vc_row thb_full_width=\u00bbtrue\u00bb thb_row_padding=\u00bbtrue\u00bb thb_column_padding=\u00bbtrue\u00bb content_placement=\u00bbmiddle\u00bb css=\u00bb.vc_custom_1637868668114{padding-top: 6vh !important;padding-bottom: 6vh !important;background-color: #ffffff !important;}\u00bb][vc_column][vc_row_inner][vc_column_inner width=\u00bb1\/3&#8243; css=\u00bb.vc_custom_1609249872762{padding-right: 15% !important;padding-bottom: 70px !important;}\u00bb][\/vc_column_inner][vc_column_inner width=\u00bb1\/2&#8243;][vc_column_text animation=\u00bbanimation right-to-left\u00bb]Ambiente de Registro y Rastreo de Actuaci\u00f3n de los Interventores Aduaneros \u2013 RADAR \u00bfSu empresa tiene planos de importar y o exportar?&hellip;","og_url":"https:\/\/wamclog.com.br\/es\/habilitacion-en-el-sistema-radar\/","og_site_name":"WAMC Log","article_publisher":"https:\/\/www.facebook.com\/wamclogistica\/","article_modified_time":"2022-05-20T18:05:48+00:00","twitter_card":"summary_large_image","twitter_misc":{"Tiempo de lectura":"1 minuto"},"schema":{"@context":"https:\/\/schema.org","@graph":[{"@type":"WebPage","@id":"https:\/\/wamclog.com.br\/es\/habilitacion-en-el-sistema-radar\/","url":"https:\/\/wamclog.com.br\/es\/habilitacion-en-el-sistema-radar\/","name":"Habilitaci\u00f3n en el sistema Radar - WAMC Log","isPartOf":{"@id":"https:\/\/wamclog.com.br\/es\/#website"},"datePublished":"2021-11-25T20:06:31+00:00","dateModified":"2022-05-20T18:05:48+00:00","breadcrumb":{"@id":"https:\/\/wamclog.com.br\/es\/habilitacion-en-el-sistema-radar\/#breadcrumb"},"inLanguage":"es","potentialAction":[{"@type":"ReadAction","target":["https:\/\/wamclog.com.br\/es\/habilitacion-en-el-sistema-radar\/"]}]},{"@type":"BreadcrumbList","@id":"https:\/\/wamclog.com.br\/es\/habilitacion-en-el-sistema-radar\/#breadcrumb","itemListElement":[{"@type":"ListItem","position":1,"name":"In\u00edcio","item":"https:\/\/wamclog.com.br\/es\/"},{"@type":"ListItem","position":2,"name":"Habilitaci\u00f3n en el sistema Radar"}]},{"@type":"WebSite","@id":"https:\/\/wamclog.com.br\/es\/#website","url":"https:\/\/wamclog.com.br\/es\/","name":"WAMC Log","description":"Solu\u00e7\u00f5es customizadas em Com\u00e9rcio Exterior","publisher":{"@id":"https:\/\/wamclog.com.br\/es\/#organization"},"potentialAction":[{"@type":"SearchAction","target":{"@type":"EntryPoint","urlTemplate":"https:\/\/wamclog.com.br\/es\/?s={search_term_string}"},"query-input":{"@type":"PropertyValueSpecification","valueRequired":true,"valueName":"search_term_string"}}],"inLanguage":"es"},{"@type":"Organization","@id":"https:\/\/wamclog.com.br\/es\/#organization","name":"WAMC Log","url":"https:\/\/wamclog.com.br\/es\/","logo":{"@type":"ImageObject","inLanguage":"es","@id":"https:\/\/wamclog.com.br\/es\/#\/schema\/logo\/image\/","url":"https:\/\/wamclog.com.br\/wp-content\/uploads\/2021\/10\/wamclog-marca.png","contentUrl":"https:\/\/wamclog.com.br\/wp-content\/uploads\/2021\/10\/wamclog-marca.png","width":900,"height":360,"caption":"WAMC Log"},"image":{"@id":"https:\/\/wamclog.com.br\/es\/#\/schema\/logo\/image\/"},"sameAs":["https:\/\/www.facebook.com\/wamclogistica\/","https:\/\/www.instagram.com\/wamclog\/","https:\/\/www.linkedin.com\/company\/wamc-logistica\/","https:\/\/www.youtube.com\/channel\/UCtx8k5oVVFe_J4eu9Zj8Cdw"]}]}},"_links":{"self":[{"href":"https:\/\/wamclog.com.br\/es\/wp-json\/wp\/v2\/pages\/2781","targetHints":{"allow":["GET"]}}],"collection":[{"href":"https:\/\/wamclog.com.br\/es\/wp-json\/wp\/v2\/pages"}],"about":[{"href":"https:\/\/wamclog.com.br\/es\/wp-json\/wp\/v2\/types\/page"}],"author":[{"embeddable":true,"href":"https:\/\/wamclog.com.br\/es\/wp-json\/wp\/v2\/users\/1"}],"replies":[{"embeddable":true,"href":"https:\/\/wamclog.com.br\/es\/wp-json\/wp\/v2\/comments?post=2781"}],"version-history":[{"count":0,"href":"https:\/\/wamclog.com.br\/es\/wp-json\/wp\/v2\/pages\/2781\/revisions"}],"wp:attachment":[{"href":"https:\/\/wamclog.com.br\/es\/wp-json\/wp\/v2\/media?parent=2781"}],"curies":[{"name":"wp","href":"https:\/\/api.w.org\/{rel}","templated":true}]}}