{"id":2805,"date":"2021-11-25T16:22:14","date_gmt":"2021-11-25T19:22:14","guid":{"rendered":"https:\/\/wamclog.com.br\/frete-internacional\/"},"modified":"2022-06-30T14:19:19","modified_gmt":"2022-06-30T17:19:19","slug":"flete-internacional","status":"publish","type":"page","link":"https:\/\/wamclog.com.br\/es\/flete-internacional\/","title":{"rendered":"Flete Internacional"},"content":{"rendered":"<div class=\"wpb-content-wrapper\">[vc_row css=\u00bb.vc_custom_1637868627344{padding-top: 9vh !important;}\u00bb thb_divider_color=\u00bb#09195d\u00bb thb_divider_height=\u00bb300px\u00bb][vc_column thb_color=\u00bbthb-light-column\u00bb width=\u00bb1\/2&#8243;]\t<div id=\"thb-slidetype-69dfd1339acd2\" class=\"thb-slidetype \" data-style=\"style1\">\n\t\t\n<h1><span class=\"thb-slidetype-entry\"><span class=\"lines\">Flete Internacional<\/span><\/span><\/h1>\n\t\t\t\t<style>\n\t\t\t#thb-slidetype-69dfd1339acd2 .thb-slidetype-entry {\n\t\t\t\tcolor: #09195d;\n\t\t\t}\n\t\t<\/style>\n\t\t\t<\/div>\n\n\t[vc_separator color=\u00bbcustom\u00bb align=\u00bbalign_left\u00bb border_width=\u00bb6&#8243; el_width=\u00bb30&#8243; css_animation=\u00bbfadeInLeft\u00bb accent_color=\u00bb#00aeef\u00bb][\/vc_column][\/vc_row][vc_row thb_full_width=\u00bbtrue\u00bb thb_row_padding=\u00bbtrue\u00bb thb_column_padding=\u00bbtrue\u00bb content_placement=\u00bbmiddle\u00bb css=\u00bb.vc_custom_1637868668114{padding-top: 6vh !important;padding-bottom: 6vh !important;background-color: #ffffff !important;}\u00bb][vc_column][vc_row_inner][vc_column_inner width=\u00bb1\/3&#8243; css=\u00bb.vc_custom_1609249872762{padding-right: 15% !important;padding-bottom: 70px !important;}\u00bb]\t<div id=\"thb-image-69dfd1339ae3c\" class=\"caption-style1 animation left-to-right aligncenter full  thb_image_link wp-caption \">\n\t\t\t<div class=\"thb-image-inner size_100\">\n\t\t\t<img loading=\"lazy\" decoding=\"async\" width=\"750\" height=\"750\" src=\"https:\/\/wamclog.com.br\/wp-content\/uploads\/2021\/11\/frete@300x-100-1.jpeg\" class=\"thb_image    attachment-full\" alt=\"\" title=\"frete@300x-100 (1)\" srcset=\"https:\/\/wamclog.com.br\/wp-content\/uploads\/2021\/11\/frete@300x-100-1.jpeg 750w, https:\/\/wamclog.com.br\/wp-content\/uploads\/2021\/11\/frete@300x-100-1-300x300.jpeg 300w, https:\/\/wamclog.com.br\/wp-content\/uploads\/2021\/11\/frete@300x-100-1-150x150.jpeg 150w, https:\/\/wamclog.com.br\/wp-content\/uploads\/2021\/11\/frete@300x-100-1-200x200.jpeg 200w, https:\/\/wamclog.com.br\/wp-content\/uploads\/2021\/11\/frete@300x-100-1-100x100.jpeg 100w, https:\/\/wamclog.com.br\/wp-content\/uploads\/2021\/11\/frete@300x-100-1-380x380.jpeg 380w, https:\/\/wamclog.com.br\/wp-content\/uploads\/2021\/11\/frete@300x-100-1-20x20.jpeg 20w, https:\/\/wamclog.com.br\/wp-content\/uploads\/2021\/11\/frete@300x-100-1-190x190.jpeg 190w\" sizes=\"auto, (max-width: 750px) 100vw, 750px\" \/>\t\t\t\t\t<\/div>\n\t\t\t\t\t<\/div>\n\t[\/vc_column_inner][vc_column_inner width=\u00bb1\/2&#8243;][vc_column_text animation=\u00bbanimation right-to-left\u00bb]Con los actuales desaf\u00edos de la log\u00edstica internacional, es esencial que el importador y exportador escojan un proveedor de log\u00edstica de confianza y que, especialmente, entregue soluciones adecuadas para su necesidad.<\/p>\n<p>La WAMC Log est\u00e1 hace mas de 20 a\u00f1os en el mercado de agenciar cargas. Esa madurez, en sus conexiones y soluciones log\u00edsticas, le permite crear estrategias personalizadas para sus clientes en lo que se refiere a tipos de transporte, rutas y costo versus beneficio.<\/p>\n<p>Sabemos que negociar con otros pa\u00edses requiere prestar atenci\u00f3n especial en diversos detalles, que deben ser guiados por la transparencia y dedicaci\u00f3n. Conocemos a fondo la legislaci\u00f3n de cada producto; de ese modo. su empresa no necesita preocuparse con sorpresas a lo largo del embarque.[\/vc_column_text][vc_separator color=\u00bbcustom\u00bb align=\u00bbalign_left\u00bb border_width=\u00bb6&#8243; el_width=\u00bb50&#8243; css_animation=\u00bbfadeInRight\u00bb accent_color=\u00bb#e3e3e3&#8243;][\/vc_column_inner][\/vc_row_inner][\/vc_column][\/vc_row][vc_row thb_full_width=\u00bbtrue\u00bb css=\u00bb.vc_custom_1637869995839{padding-top: 12vh !important;padding-right: 12vh !important;padding-bottom: 12vh !important;padding-left: 12vh !important;background-color: #edf8ff !important;}\u00bb][vc_column]\t<div id=\"thb-slidetype-69dfd1339bd34\" class=\"thb-slidetype \" data-style=\"style1\">\n\t\t\n<h3><span class=\"thb-slidetype-entry\"><span class=\"lines\">CONOZCA NUESTRAS SOLUCIONES<\/span><\/span><\/h3>\n\t\t\t\t<style>\n\t\t\t#thb-slidetype-69dfd1339bd34 .thb-slidetype-entry {\n\t\t\t\tcolor: #00aeef;\n\t\t\t}\n\t\t<\/style>\n\t\t\t<\/div>\n\n\t[vc_separator color=\u00bbcustom\u00bb align=\u00bbalign_left\u00bb border_width=\u00bb6&#8243; el_width=\u00bb10&#8243; css_animation=\u00bbfadeInLeft\u00bb accent_color=\u00bb#09195d\u00bb][vc_row_inner css=\u00bb.vc_custom_1637869241836{padding-top: 6vh !important;}\u00bb][vc_column_inner width=\u00bb1\/2&#8243; animation=\u00bbanimation left-to-right\u00bb]\t<div id=\"thb-iconbox-69dfd1339bda4\" class=\"thb-iconbox left type2     animation-true\" href=\"\" target=\"_self\" data-animation_speed=\"1.5\">\n\t\t\t\t<figure>\n\t\t\t<svg xmlns=\"http:\/\/www.w3.org\/2000\/svg\" viewBox=\"0 0 64 64\" enable-background=\"new 0 0 64 64\"><g fill=\"none\" stroke=\"#000\" stroke-width=\"2\" stroke-miterlimit=\"10\"><circle cx=\"32\" cy=\"32\" r=\"30.999\"\/><path stroke-linejoin=\"bevel\" d=\"m17 23h24v24\"\/><\/g><\/svg>\t\t\t\t\t\t\t\t<\/figure>\n\t\t\t\t<div class=\"iconbox-content\">\n\t\t\t\t\t\t\t<h5>Gesti\u00f3n de la cadena log\u00edstica<\/h5>\t\t\t\t\t\t\t\t<\/div>\n\t\t<style>\n\t\t\t\t\t\t\t\t\t#thb-iconbox-69dfd1339bda4.thb-iconbox h5 {\n\t\t\t\tfont-size: 21px;\n\t\t\t}\n\t\t\t\t\t\t\t\t\t\t\t\t#thb-iconbox-69dfd1339bda4.thb-iconbox figure svg path,\n\t\t\t#thb-iconbox-69dfd1339bda4.thb-iconbox figure svg circle,\n\t\t\t#thb-iconbox-69dfd1339bda4.thb-iconbox figure svg rect,\n\t\t\t#thb-iconbox-69dfd1339bda4.thb-iconbox figure svg ellipse {\n\t\t\t\tstroke: #00aeef;\n\t\t\t}\n\t\t\t\t\t\t\t\t\t\t\t\t#thb-iconbox-69dfd1339bda4.thb-iconbox .iconbox-content h5,\n\t\t\t#thb-iconbox-69dfd1339bda4.thb-iconbox figure h5 {\n\t\t\t\tcolor: #09195d;\n\t\t\t}\n\t\t\t\t\t\t\t\t\t\/* Hover *\/\n\t\t\t\t\t\t\t\t\t\t\t<\/style>\n\t<\/div>\n\t\t<div id=\"thb-iconbox-69dfd1339bfe0\" class=\"thb-iconbox left type2     animation-true\" href=\"\" target=\"_self\" data-animation_speed=\"1.5\">\n\t\t\t\t<figure>\n\t\t\t<svg xmlns=\"http:\/\/www.w3.org\/2000\/svg\" viewBox=\"0 0 64 64\" enable-background=\"new 0 0 64 64\"><g fill=\"none\" stroke=\"#000\" stroke-width=\"2\" stroke-miterlimit=\"10\"><circle cx=\"32\" cy=\"32\" r=\"30.999\"\/><path stroke-linejoin=\"bevel\" d=\"m17 23h24v24\"\/><\/g><\/svg>\t\t\t\t\t\t\t\t<\/figure>\n\t\t\t\t<div class=\"iconbox-content\">\n\t\t\t\t\t\t\t<h5>Embarques \u201cFull Container\u201d (FCL) y Consolidados (LCL)<\/h5>\t\t\t\t\t\t\t\t<\/div>\n\t\t<style>\n\t\t\t\t\t\t\t\t\t#thb-iconbox-69dfd1339bfe0.thb-iconbox h5 {\n\t\t\t\tfont-size: 21px;\n\t\t\t}\n\t\t\t\t\t\t\t\t\t\t\t\t#thb-iconbox-69dfd1339bfe0.thb-iconbox figure svg path,\n\t\t\t#thb-iconbox-69dfd1339bfe0.thb-iconbox figure svg circle,\n\t\t\t#thb-iconbox-69dfd1339bfe0.thb-iconbox figure svg rect,\n\t\t\t#thb-iconbox-69dfd1339bfe0.thb-iconbox figure svg ellipse {\n\t\t\t\tstroke: #00aeef;\n\t\t\t}\n\t\t\t\t\t\t\t\t\t\t\t\t#thb-iconbox-69dfd1339bfe0.thb-iconbox .iconbox-content h5,\n\t\t\t#thb-iconbox-69dfd1339bfe0.thb-iconbox figure h5 {\n\t\t\t\tcolor: #09195d;\n\t\t\t}\n\t\t\t\t\t\t\t\t\t\/* Hover *\/\n\t\t\t\t\t\t\t\t\t\t\t<\/style>\n\t<\/div>\n\t\t<div id=\"thb-iconbox-69dfd1339c10d\" class=\"thb-iconbox left type2     animation-true\" href=\"\" target=\"_self\" data-animation_speed=\"1.5\">\n\t\t\t\t<figure>\n\t\t\t<svg xmlns=\"http:\/\/www.w3.org\/2000\/svg\" viewBox=\"0 0 64 64\" enable-background=\"new 0 0 64 64\"><g fill=\"none\" stroke=\"#000\" stroke-width=\"2\" stroke-miterlimit=\"10\"><circle cx=\"32\" cy=\"32\" r=\"30.999\"\/><path stroke-linejoin=\"bevel\" d=\"m17 23h24v24\"\/><\/g><\/svg>\t\t\t\t\t\t\t\t<\/figure>\n\t\t\t\t<div class=\"iconbox-content\">\n\t\t\t\t\t\t\t<h5>Proyectos log\u00edsticos especiales<\/h5>\t\t\t\t\t\t\t\t<\/div>\n\t\t<style>\n\t\t\t\t\t\t\t\t\t#thb-iconbox-69dfd1339c10d.thb-iconbox h5 {\n\t\t\t\tfont-size: 21px;\n\t\t\t}\n\t\t\t\t\t\t\t\t\t\t\t\t#thb-iconbox-69dfd1339c10d.thb-iconbox figure svg path,\n\t\t\t#thb-iconbox-69dfd1339c10d.thb-iconbox figure svg circle,\n\t\t\t#thb-iconbox-69dfd1339c10d.thb-iconbox figure svg rect,\n\t\t\t#thb-iconbox-69dfd1339c10d.thb-iconbox figure svg ellipse {\n\t\t\t\tstroke: #00aeef;\n\t\t\t}\n\t\t\t\t\t\t\t\t\t\t\t\t#thb-iconbox-69dfd1339c10d.thb-iconbox .iconbox-content h5,\n\t\t\t#thb-iconbox-69dfd1339c10d.thb-iconbox figure h5 {\n\t\t\t\tcolor: #09195d;\n\t\t\t}\n\t\t\t\t\t\t\t\t\t\/* Hover *\/\n\t\t\t\t\t\t\t\t\t\t\t<\/style>\n\t<\/div>\n\t\t<div id=\"thb-iconbox-69dfd1339c1e4\" class=\"thb-iconbox left type2     animation-true\" href=\"\" target=\"_self\" data-animation_speed=\"1.5\">\n\t\t\t\t<figure>\n\t\t\t<svg xmlns=\"http:\/\/www.w3.org\/2000\/svg\" viewBox=\"0 0 64 64\" enable-background=\"new 0 0 64 64\"><g fill=\"none\" stroke=\"#000\" stroke-width=\"2\" stroke-miterlimit=\"10\"><circle cx=\"32\" cy=\"32\" r=\"30.999\"\/><path stroke-linejoin=\"bevel\" d=\"m17 23h24v24\"\/><\/g><\/svg>\t\t\t\t\t\t\t\t<\/figure>\n\t\t\t\t<div class=\"iconbox-content\">\n\t\t\t\t\t\t\t<h5>Seguro internacional<\/h5>\t\t\t\t\t\t\t\t<\/div>\n\t\t<style>\n\t\t\t\t\t\t\t\t\t#thb-iconbox-69dfd1339c1e4.thb-iconbox h5 {\n\t\t\t\tfont-size: 21px;\n\t\t\t}\n\t\t\t\t\t\t\t\t\t\t\t\t#thb-iconbox-69dfd1339c1e4.thb-iconbox figure svg path,\n\t\t\t#thb-iconbox-69dfd1339c1e4.thb-iconbox figure svg circle,\n\t\t\t#thb-iconbox-69dfd1339c1e4.thb-iconbox figure svg rect,\n\t\t\t#thb-iconbox-69dfd1339c1e4.thb-iconbox figure svg ellipse {\n\t\t\t\tstroke: #00aeef;\n\t\t\t}\n\t\t\t\t\t\t\t\t\t\t\t\t#thb-iconbox-69dfd1339c1e4.thb-iconbox .iconbox-content h5,\n\t\t\t#thb-iconbox-69dfd1339c1e4.thb-iconbox figure h5 {\n\t\t\t\tcolor: #09195d;\n\t\t\t}\n\t\t\t\t\t\t\t\t\t\/* Hover *\/\n\t\t\t\t\t\t\t\t\t\t\t<\/style>\n\t<\/div>\n\t[\/vc_column_inner][vc_column_inner width=\u00bb1\/2&#8243; animation=\u00bbanimation right-to-left\u00bb]\t<div id=\"thb-iconbox-69dfd1339c353\" class=\"thb-iconbox left type2     animation-true\" href=\"\" target=\"_self\" data-animation_speed=\"1.5\">\n\t\t\t\t<figure>\n\t\t\t<svg xmlns=\"http:\/\/www.w3.org\/2000\/svg\" viewBox=\"0 0 64 64\" enable-background=\"new 0 0 64 64\"><g fill=\"none\" stroke=\"#000\" stroke-width=\"2\" stroke-miterlimit=\"10\"><circle cx=\"32\" cy=\"32\" r=\"30.999\"\/><path stroke-linejoin=\"bevel\" d=\"m17 23h24v24\"\/><\/g><\/svg>\t\t\t\t\t\t\t\t<\/figure>\n\t\t\t\t<div class=\"iconbox-content\">\n\t\t\t\t\t\t\t<h5>Transporte Internacional A\u00e9reo, Mar\u00edtimo y Terrestre<\/h5>\t\t\t\t\t\t\t\t<\/div>\n\t\t<style>\n\t\t\t\t\t\t\t\t\t#thb-iconbox-69dfd1339c353.thb-iconbox h5 {\n\t\t\t\tfont-size: 21px;\n\t\t\t}\n\t\t\t\t\t\t\t\t\t\t\t\t#thb-iconbox-69dfd1339c353.thb-iconbox figure svg path,\n\t\t\t#thb-iconbox-69dfd1339c353.thb-iconbox figure svg circle,\n\t\t\t#thb-iconbox-69dfd1339c353.thb-iconbox figure svg rect,\n\t\t\t#thb-iconbox-69dfd1339c353.thb-iconbox figure svg ellipse {\n\t\t\t\tstroke: #00aeef;\n\t\t\t}\n\t\t\t\t\t\t\t\t\t\t\t\t#thb-iconbox-69dfd1339c353.thb-iconbox .iconbox-content h5,\n\t\t\t#thb-iconbox-69dfd1339c353.thb-iconbox figure h5 {\n\t\t\t\tcolor: #09195d;\n\t\t\t}\n\t\t\t\t\t\t\t\t\t\/* Hover *\/\n\t\t\t\t\t\t\t\t\t\t\t<\/style>\n\t<\/div>\n\t\t<div id=\"thb-iconbox-69dfd1339c4eb\" class=\"thb-iconbox left type2     animation-true\" href=\"\" target=\"_self\" data-animation_speed=\"1.5\">\n\t\t\t\t<figure>\n\t\t\t<svg xmlns=\"http:\/\/www.w3.org\/2000\/svg\" viewBox=\"0 0 64 64\" enable-background=\"new 0 0 64 64\"><g fill=\"none\" stroke=\"#000\" stroke-width=\"2\" stroke-miterlimit=\"10\"><circle cx=\"32\" cy=\"32\" r=\"30.999\"\/><path stroke-linejoin=\"bevel\" d=\"m17 23h24v24\"\/><\/g><\/svg>\t\t\t\t\t\t\t\t<\/figure>\n\t\t\t\t<div class=\"iconbox-content\">\n\t\t\t\t\t\t\t<h5>Transporte Interno por Carretera (recolecci\u00f3n y entrega)<\/h5>\t\t\t\t\t\t\t\t<\/div>\n\t\t<style>\n\t\t\t\t\t\t\t\t\t#thb-iconbox-69dfd1339c4eb.thb-iconbox h5 {\n\t\t\t\tfont-size: 21px;\n\t\t\t}\n\t\t\t\t\t\t\t\t\t\t\t\t#thb-iconbox-69dfd1339c4eb.thb-iconbox figure svg path,\n\t\t\t#thb-iconbox-69dfd1339c4eb.thb-iconbox figure svg circle,\n\t\t\t#thb-iconbox-69dfd1339c4eb.thb-iconbox figure svg rect,\n\t\t\t#thb-iconbox-69dfd1339c4eb.thb-iconbox figure svg ellipse {\n\t\t\t\tstroke: #00aeef;\n\t\t\t}\n\t\t\t\t\t\t\t\t\t\t\t\t#thb-iconbox-69dfd1339c4eb.thb-iconbox .iconbox-content h5,\n\t\t\t#thb-iconbox-69dfd1339c4eb.thb-iconbox figure h5 {\n\t\t\t\tcolor: #09195d;\n\t\t\t}\n\t\t\t\t\t\t\t\t\t\/* Hover *\/\n\t\t\t\t\t\t\t\t\t\t\t<\/style>\n\t<\/div>\n\t\t<div id=\"thb-iconbox-69dfd1339c672\" class=\"thb-iconbox left type2     animation-true\" href=\"\" target=\"_self\" data-animation_speed=\"1.5\">\n\t\t\t\t<figure>\n\t\t\t<svg xmlns=\"http:\/\/www.w3.org\/2000\/svg\" viewBox=\"0 0 64 64\" enable-background=\"new 0 0 64 64\"><g fill=\"none\" stroke=\"#000\" stroke-width=\"2\" stroke-miterlimit=\"10\"><circle cx=\"32\" cy=\"32\" r=\"30.999\"\/><path stroke-linejoin=\"bevel\" d=\"m17 23h24v24\"\/><\/g><\/svg>\t\t\t\t\t\t\t\t<\/figure>\n\t\t\t\t<div class=\"iconbox-content\">\n\t\t\t\t\t\t\t<h5>Env\u00edos puerta a puerta<\/h5>\t\t\t\t\t\t\t\t<\/div>\n\t\t<style>\n\t\t\t\t\t\t\t\t\t#thb-iconbox-69dfd1339c672.thb-iconbox h5 {\n\t\t\t\tfont-size: 21px;\n\t\t\t}\n\t\t\t\t\t\t\t\t\t\t\t\t#thb-iconbox-69dfd1339c672.thb-iconbox figure svg path,\n\t\t\t#thb-iconbox-69dfd1339c672.thb-iconbox figure svg circle,\n\t\t\t#thb-iconbox-69dfd1339c672.thb-iconbox figure svg rect,\n\t\t\t#thb-iconbox-69dfd1339c672.thb-iconbox figure svg ellipse {\n\t\t\t\tstroke: #00aeef;\n\t\t\t}\n\t\t\t\t\t\t\t\t\t\t\t\t#thb-iconbox-69dfd1339c672.thb-iconbox .iconbox-content h5,\n\t\t\t#thb-iconbox-69dfd1339c672.thb-iconbox figure h5 {\n\t\t\t\tcolor: #09195d;\n\t\t\t}\n\t\t\t\t\t\t\t\t\t\/* Hover *\/\n\t\t\t\t\t\t\t\t\t\t\t<\/style>\n\t<\/div>\n\t[\/vc_column_inner][\/vc_row_inner][\/vc_column][\/vc_row]\n<\/div>","protected":false},"excerpt":{"rendered":"<p>[vc_row css=\u00bb.vc_custom_1637868627344{padding-top: 9vh !important;}\u00bb thb_divider_color=\u00bb#09195d\u00bb thb_divider_height=\u00bb300px\u00bb][vc_column thb_color=\u00bbthb-light-column\u00bb width=\u00bb1\/2&#8243;][vc_separator color=\u00bbcustom\u00bb align=\u00bbalign_left\u00bb border_width=\u00bb6&#8243; el_width=\u00bb30&#8243; css_animation=\u00bbfadeInLeft\u00bb accent_color=\u00bb#00aeef\u00bb][\/vc_column][\/vc_row][vc_row thb_full_width=\u00bbtrue\u00bb thb_row_padding=\u00bbtrue\u00bb thb_column_padding=\u00bbtrue\u00bb content_placement=\u00bbmiddle\u00bb css=\u00bb.vc_custom_1637868668114{padding-top: 6vh !important;padding-bottom: 6vh !important;background-color: #ffffff !important;}\u00bb][vc_column][vc_row_inner][vc_column_inner width=\u00bb1\/3&#8243; css=\u00bb.vc_custom_1609249872762{padding-right: 15% !important;padding-bottom: 70px !important;}\u00bb][\/vc_column_inner][vc_column_inner width=\u00bb1\/2&#8243;][vc_column_text animation=\u00bbanimation right-to-left\u00bb]Con los actuales desaf\u00edos de la log\u00edstica internacional, es esencial que el importador y exportador escojan un proveedor de log\u00edstica de confianza&hellip;<\/p>\n","protected":false},"author":1,"featured_media":0,"parent":0,"menu_order":0,"comment_status":"closed","ping_status":"closed","template":"","meta":{"inline_featured_image":false,"footnotes":""},"class_list":["post-2805","page","type-page","status-publish","hentry"],"yoast_head":"<!-- This site is optimized with the Yoast SEO plugin v27.4 - https:\/\/yoast.com\/product\/yoast-seo-wordpress\/ -->\n<title>Flete Internacional - WAMC Log<\/title>\n<meta name=\"robots\" content=\"index, follow, max-snippet:-1, max-image-preview:large, max-video-preview:-1\" \/>\n<link rel=\"canonical\" href=\"https:\/\/wamclog.com.br\/es\/flete-internacional\/\" \/>\n<meta property=\"og:locale\" content=\"es_ES\" \/>\n<meta property=\"og:type\" content=\"article\" \/>\n<meta property=\"og:title\" content=\"Flete Internacional - WAMC Log\" \/>\n<meta property=\"og:description\" content=\"[vc_row css=\u00bb.vc_custom_1637868627344{padding-top: 9vh !important;}\u00bb thb_divider_color=\u00bb#09195d\u00bb thb_divider_height=\u00bb300px\u00bb][vc_column thb_color=\u00bbthb-light-column\u00bb width=\u00bb1\/2&#8243;][vc_separator color=\u00bbcustom\u00bb align=\u00bbalign_left\u00bb border_width=\u00bb6&#8243; el_width=\u00bb30&#8243; css_animation=\u00bbfadeInLeft\u00bb accent_color=\u00bb#00aeef\u00bb][\/vc_column][\/vc_row][vc_row thb_full_width=\u00bbtrue\u00bb thb_row_padding=\u00bbtrue\u00bb thb_column_padding=\u00bbtrue\u00bb content_placement=\u00bbmiddle\u00bb css=\u00bb.vc_custom_1637868668114{padding-top: 6vh !important;padding-bottom: 6vh !important;background-color: #ffffff !important;}\u00bb][vc_column][vc_row_inner][vc_column_inner width=\u00bb1\/3&#8243; css=\u00bb.vc_custom_1609249872762{padding-right: 15% !important;padding-bottom: 70px !important;}\u00bb][\/vc_column_inner][vc_column_inner width=\u00bb1\/2&#8243;][vc_column_text animation=\u00bbanimation right-to-left\u00bb]Con los actuales desaf\u00edos de la log\u00edstica internacional, es esencial que el importador y exportador escojan un proveedor de log\u00edstica de confianza&hellip;\" \/>\n<meta property=\"og:url\" content=\"https:\/\/wamclog.com.br\/es\/flete-internacional\/\" \/>\n<meta property=\"og:site_name\" content=\"WAMC Log\" \/>\n<meta property=\"article:publisher\" content=\"https:\/\/www.facebook.com\/wamclogistica\/\" \/>\n<meta property=\"article:modified_time\" content=\"2022-06-30T17:19:19+00:00\" \/>\n<meta name=\"twitter:card\" content=\"summary_large_image\" \/>\n<meta name=\"twitter:label1\" content=\"Tiempo de lectura\" \/>\n\t<meta name=\"twitter:data1\" content=\"2 minutos\" \/>\n<script type=\"application\/ld+json\" class=\"yoast-schema-graph\">{\"@context\":\"https:\\\/\\\/schema.org\",\"@graph\":[{\"@type\":\"WebPage\",\"@id\":\"https:\\\/\\\/wamclog.com.br\\\/es\\\/flete-internacional\\\/\",\"url\":\"https:\\\/\\\/wamclog.com.br\\\/es\\\/flete-internacional\\\/\",\"name\":\"Flete Internacional - WAMC Log\",\"isPartOf\":{\"@id\":\"https:\\\/\\\/wamclog.com.br\\\/es\\\/#website\"},\"datePublished\":\"2021-11-25T19:22:14+00:00\",\"dateModified\":\"2022-06-30T17:19:19+00:00\",\"breadcrumb\":{\"@id\":\"https:\\\/\\\/wamclog.com.br\\\/es\\\/flete-internacional\\\/#breadcrumb\"},\"inLanguage\":\"es\",\"potentialAction\":[{\"@type\":\"ReadAction\",\"target\":[\"https:\\\/\\\/wamclog.com.br\\\/es\\\/flete-internacional\\\/\"]}]},{\"@type\":\"BreadcrumbList\",\"@id\":\"https:\\\/\\\/wamclog.com.br\\\/es\\\/flete-internacional\\\/#breadcrumb\",\"itemListElement\":[{\"@type\":\"ListItem\",\"position\":1,\"name\":\"In\u00edcio\",\"item\":\"https:\\\/\\\/wamclog.com.br\\\/es\\\/\"},{\"@type\":\"ListItem\",\"position\":2,\"name\":\"Flete Internacional\"}]},{\"@type\":\"WebSite\",\"@id\":\"https:\\\/\\\/wamclog.com.br\\\/es\\\/#website\",\"url\":\"https:\\\/\\\/wamclog.com.br\\\/es\\\/\",\"name\":\"WAMC Log\",\"description\":\"Solu\u00e7\u00f5es customizadas em Com\u00e9rcio Exterior\",\"publisher\":{\"@id\":\"https:\\\/\\\/wamclog.com.br\\\/es\\\/#organization\"},\"potentialAction\":[{\"@type\":\"SearchAction\",\"target\":{\"@type\":\"EntryPoint\",\"urlTemplate\":\"https:\\\/\\\/wamclog.com.br\\\/es\\\/?s={search_term_string}\"},\"query-input\":{\"@type\":\"PropertyValueSpecification\",\"valueRequired\":true,\"valueName\":\"search_term_string\"}}],\"inLanguage\":\"es\"},{\"@type\":\"Organization\",\"@id\":\"https:\\\/\\\/wamclog.com.br\\\/es\\\/#organization\",\"name\":\"WAMC Log\",\"url\":\"https:\\\/\\\/wamclog.com.br\\\/es\\\/\",\"logo\":{\"@type\":\"ImageObject\",\"inLanguage\":\"es\",\"@id\":\"https:\\\/\\\/wamclog.com.br\\\/es\\\/#\\\/schema\\\/logo\\\/image\\\/\",\"url\":\"https:\\\/\\\/wamclog.com.br\\\/wp-content\\\/uploads\\\/2021\\\/10\\\/wamclog-marca.png\",\"contentUrl\":\"https:\\\/\\\/wamclog.com.br\\\/wp-content\\\/uploads\\\/2021\\\/10\\\/wamclog-marca.png\",\"width\":900,\"height\":360,\"caption\":\"WAMC Log\"},\"image\":{\"@id\":\"https:\\\/\\\/wamclog.com.br\\\/es\\\/#\\\/schema\\\/logo\\\/image\\\/\"},\"sameAs\":[\"https:\\\/\\\/www.facebook.com\\\/wamclogistica\\\/\",\"https:\\\/\\\/www.instagram.com\\\/wamclog\\\/\",\"https:\\\/\\\/www.linkedin.com\\\/company\\\/wamc-logistica\\\/\",\"https:\\\/\\\/www.youtube.com\\\/channel\\\/UCtx8k5oVVFe_J4eu9Zj8Cdw\"]}]}<\/script>\n<!-- \/ Yoast SEO plugin. -->","yoast_head_json":{"title":"Flete Internacional - WAMC Log","robots":{"index":"index","follow":"follow","max-snippet":"max-snippet:-1","max-image-preview":"max-image-preview:large","max-video-preview":"max-video-preview:-1"},"canonical":"https:\/\/wamclog.com.br\/es\/flete-internacional\/","og_locale":"es_ES","og_type":"article","og_title":"Flete Internacional - WAMC Log","og_description":"[vc_row css=\u00bb.vc_custom_1637868627344{padding-top: 9vh !important;}\u00bb thb_divider_color=\u00bb#09195d\u00bb thb_divider_height=\u00bb300px\u00bb][vc_column thb_color=\u00bbthb-light-column\u00bb width=\u00bb1\/2&#8243;][vc_separator color=\u00bbcustom\u00bb align=\u00bbalign_left\u00bb border_width=\u00bb6&#8243; el_width=\u00bb30&#8243; css_animation=\u00bbfadeInLeft\u00bb accent_color=\u00bb#00aeef\u00bb][\/vc_column][\/vc_row][vc_row thb_full_width=\u00bbtrue\u00bb thb_row_padding=\u00bbtrue\u00bb thb_column_padding=\u00bbtrue\u00bb content_placement=\u00bbmiddle\u00bb css=\u00bb.vc_custom_1637868668114{padding-top: 6vh !important;padding-bottom: 6vh !important;background-color: #ffffff !important;}\u00bb][vc_column][vc_row_inner][vc_column_inner width=\u00bb1\/3&#8243; css=\u00bb.vc_custom_1609249872762{padding-right: 15% !important;padding-bottom: 70px !important;}\u00bb][\/vc_column_inner][vc_column_inner width=\u00bb1\/2&#8243;][vc_column_text animation=\u00bbanimation right-to-left\u00bb]Con los actuales desaf\u00edos de la log\u00edstica internacional, es esencial que el importador y exportador escojan un proveedor de log\u00edstica de confianza&hellip;","og_url":"https:\/\/wamclog.com.br\/es\/flete-internacional\/","og_site_name":"WAMC Log","article_publisher":"https:\/\/www.facebook.com\/wamclogistica\/","article_modified_time":"2022-06-30T17:19:19+00:00","twitter_card":"summary_large_image","twitter_misc":{"Tiempo de lectura":"2 minutos"},"schema":{"@context":"https:\/\/schema.org","@graph":[{"@type":"WebPage","@id":"https:\/\/wamclog.com.br\/es\/flete-internacional\/","url":"https:\/\/wamclog.com.br\/es\/flete-internacional\/","name":"Flete Internacional - WAMC Log","isPartOf":{"@id":"https:\/\/wamclog.com.br\/es\/#website"},"datePublished":"2021-11-25T19:22:14+00:00","dateModified":"2022-06-30T17:19:19+00:00","breadcrumb":{"@id":"https:\/\/wamclog.com.br\/es\/flete-internacional\/#breadcrumb"},"inLanguage":"es","potentialAction":[{"@type":"ReadAction","target":["https:\/\/wamclog.com.br\/es\/flete-internacional\/"]}]},{"@type":"BreadcrumbList","@id":"https:\/\/wamclog.com.br\/es\/flete-internacional\/#breadcrumb","itemListElement":[{"@type":"ListItem","position":1,"name":"In\u00edcio","item":"https:\/\/wamclog.com.br\/es\/"},{"@type":"ListItem","position":2,"name":"Flete Internacional"}]},{"@type":"WebSite","@id":"https:\/\/wamclog.com.br\/es\/#website","url":"https:\/\/wamclog.com.br\/es\/","name":"WAMC Log","description":"Solu\u00e7\u00f5es customizadas em Com\u00e9rcio Exterior","publisher":{"@id":"https:\/\/wamclog.com.br\/es\/#organization"},"potentialAction":[{"@type":"SearchAction","target":{"@type":"EntryPoint","urlTemplate":"https:\/\/wamclog.com.br\/es\/?s={search_term_string}"},"query-input":{"@type":"PropertyValueSpecification","valueRequired":true,"valueName":"search_term_string"}}],"inLanguage":"es"},{"@type":"Organization","@id":"https:\/\/wamclog.com.br\/es\/#organization","name":"WAMC Log","url":"https:\/\/wamclog.com.br\/es\/","logo":{"@type":"ImageObject","inLanguage":"es","@id":"https:\/\/wamclog.com.br\/es\/#\/schema\/logo\/image\/","url":"https:\/\/wamclog.com.br\/wp-content\/uploads\/2021\/10\/wamclog-marca.png","contentUrl":"https:\/\/wamclog.com.br\/wp-content\/uploads\/2021\/10\/wamclog-marca.png","width":900,"height":360,"caption":"WAMC Log"},"image":{"@id":"https:\/\/wamclog.com.br\/es\/#\/schema\/logo\/image\/"},"sameAs":["https:\/\/www.facebook.com\/wamclogistica\/","https:\/\/www.instagram.com\/wamclog\/","https:\/\/www.linkedin.com\/company\/wamc-logistica\/","https:\/\/www.youtube.com\/channel\/UCtx8k5oVVFe_J4eu9Zj8Cdw"]}]}},"_links":{"self":[{"href":"https:\/\/wamclog.com.br\/es\/wp-json\/wp\/v2\/pages\/2805","targetHints":{"allow":["GET"]}}],"collection":[{"href":"https:\/\/wamclog.com.br\/es\/wp-json\/wp\/v2\/pages"}],"about":[{"href":"https:\/\/wamclog.com.br\/es\/wp-json\/wp\/v2\/types\/page"}],"author":[{"embeddable":true,"href":"https:\/\/wamclog.com.br\/es\/wp-json\/wp\/v2\/users\/1"}],"replies":[{"embeddable":true,"href":"https:\/\/wamclog.com.br\/es\/wp-json\/wp\/v2\/comments?post=2805"}],"version-history":[{"count":0,"href":"https:\/\/wamclog.com.br\/es\/wp-json\/wp\/v2\/pages\/2805\/revisions"}],"wp:attachment":[{"href":"https:\/\/wamclog.com.br\/es\/wp-json\/wp\/v2\/media?parent=2805"}],"curies":[{"name":"wp","href":"https:\/\/api.w.org\/{rel}","templated":true}]}}