{"id":2999,"date":"2021-11-25T17:30:15","date_gmt":"2021-11-25T20:30:15","guid":{"rendered":"https:\/\/wamclog.com.br\/incoterms\/"},"modified":"2022-07-04T13:11:24","modified_gmt":"2022-07-04T16:11:24","slug":"incoterms","status":"publish","type":"page","link":"https:\/\/wamclog.com.br\/es\/incoterms\/","title":{"rendered":"Incoterms"},"content":{"rendered":"<div class=\"wpb-content-wrapper\">[vc_row][vc_column]\t<div id=\"thb-image-69dfe6c94fb95\" class=\"caption-style1 animation bottom-to-top alignleft full  thb_image_link wp-caption \">\n\t\t\t<div class=\"thb-image-inner size_100\">\n\t\t\t<img loading=\"lazy\" decoding=\"async\" width=\"9072\" height=\"5616\" src=\"https:\/\/wamclog.com.br\/wp-content\/uploads\/2022\/02\/incoterms@3x-1.png\" class=\"thb_image retina_size   attachment-full\" alt=\"\" title=\"incoterms@3x (1)\" srcset=\"https:\/\/wamclog.com.br\/wp-content\/uploads\/2022\/02\/incoterms@3x-1.png 9072w, https:\/\/wamclog.com.br\/wp-content\/uploads\/2022\/02\/incoterms@3x-1-300x186.png 300w, https:\/\/wamclog.com.br\/wp-content\/uploads\/2022\/02\/incoterms@3x-1-1024x634.png 1024w, https:\/\/wamclog.com.br\/wp-content\/uploads\/2022\/02\/incoterms@3x-1-768x475.png 768w, https:\/\/wamclog.com.br\/wp-content\/uploads\/2022\/02\/incoterms@3x-1-1536x951.png 1536w, https:\/\/wamclog.com.br\/wp-content\/uploads\/2022\/02\/incoterms@3x-1-380x235.png 380w, https:\/\/wamclog.com.br\/wp-content\/uploads\/2022\/02\/incoterms@3x-1-190x118.png 190w, https:\/\/wamclog.com.br\/wp-content\/uploads\/2022\/02\/incoterms@3x-1-760x470.png 760w, https:\/\/wamclog.com.br\/wp-content\/uploads\/2022\/02\/incoterms@3x-1-1140x706.png 1140w, https:\/\/wamclog.com.br\/wp-content\/uploads\/2022\/02\/incoterms@3x-1-20x12.png 20w\" sizes=\"auto, (max-width: 9072px) 100vw, 9072px\" \/>\t\t\t\t\t<\/div>\n\t\t\t\t\t<\/div>\n\t[\/vc_column][\/vc_row]\n<\/div>","protected":false},"excerpt":{"rendered":"<p>[vc_row][vc_column][\/vc_column][\/vc_row]<\/p>\n","protected":false},"author":1,"featured_media":0,"parent":0,"menu_order":0,"comment_status":"closed","ping_status":"closed","template":"","meta":{"inline_featured_image":false,"footnotes":""},"class_list":["post-2999","page","type-page","status-publish","hentry"],"yoast_head":"<!-- This site is optimized with the Yoast SEO plugin v27.4 - https:\/\/yoast.com\/product\/yoast-seo-wordpress\/ -->\n<title>Incoterms - WAMC Log<\/title>\n<meta name=\"robots\" content=\"index, follow, max-snippet:-1, max-image-preview:large, max-video-preview:-1\" \/>\n<link rel=\"canonical\" href=\"https:\/\/wamclog.com.br\/es\/incoterms\/\" \/>\n<meta property=\"og:locale\" content=\"es_ES\" \/>\n<meta property=\"og:type\" content=\"article\" \/>\n<meta property=\"og:title\" content=\"Incoterms - WAMC Log\" \/>\n<meta property=\"og:description\" content=\"[vc_row][vc_column][\/vc_column][\/vc_row]\" \/>\n<meta property=\"og:url\" content=\"https:\/\/wamclog.com.br\/es\/incoterms\/\" \/>\n<meta property=\"og:site_name\" content=\"WAMC Log\" \/>\n<meta property=\"article:publisher\" content=\"https:\/\/www.facebook.com\/wamclogistica\/\" \/>\n<meta property=\"article:modified_time\" content=\"2022-07-04T16:11:24+00:00\" \/>\n<meta name=\"twitter:card\" content=\"summary_large_image\" \/>\n<script type=\"application\/ld+json\" class=\"yoast-schema-graph\">{\"@context\":\"https:\\\/\\\/schema.org\",\"@graph\":[{\"@type\":\"WebPage\",\"@id\":\"https:\\\/\\\/wamclog.com.br\\\/es\\\/incoterms\\\/\",\"url\":\"https:\\\/\\\/wamclog.com.br\\\/es\\\/incoterms\\\/\",\"name\":\"Incoterms - WAMC Log\",\"isPartOf\":{\"@id\":\"https:\\\/\\\/wamclog.com.br\\\/es\\\/#website\"},\"datePublished\":\"2021-11-25T20:30:15+00:00\",\"dateModified\":\"2022-07-04T16:11:24+00:00\",\"breadcrumb\":{\"@id\":\"https:\\\/\\\/wamclog.com.br\\\/es\\\/incoterms\\\/#breadcrumb\"},\"inLanguage\":\"es\",\"potentialAction\":[{\"@type\":\"ReadAction\",\"target\":[\"https:\\\/\\\/wamclog.com.br\\\/es\\\/incoterms\\\/\"]}]},{\"@type\":\"BreadcrumbList\",\"@id\":\"https:\\\/\\\/wamclog.com.br\\\/es\\\/incoterms\\\/#breadcrumb\",\"itemListElement\":[{\"@type\":\"ListItem\",\"position\":1,\"name\":\"In\u00edcio\",\"item\":\"https:\\\/\\\/wamclog.com.br\\\/es\\\/\"},{\"@type\":\"ListItem\",\"position\":2,\"name\":\"Incoterms\"}]},{\"@type\":\"WebSite\",\"@id\":\"https:\\\/\\\/wamclog.com.br\\\/es\\\/#website\",\"url\":\"https:\\\/\\\/wamclog.com.br\\\/es\\\/\",\"name\":\"WAMC Log\",\"description\":\"Solu\u00e7\u00f5es customizadas em Com\u00e9rcio Exterior\",\"publisher\":{\"@id\":\"https:\\\/\\\/wamclog.com.br\\\/es\\\/#organization\"},\"potentialAction\":[{\"@type\":\"SearchAction\",\"target\":{\"@type\":\"EntryPoint\",\"urlTemplate\":\"https:\\\/\\\/wamclog.com.br\\\/es\\\/?s={search_term_string}\"},\"query-input\":{\"@type\":\"PropertyValueSpecification\",\"valueRequired\":true,\"valueName\":\"search_term_string\"}}],\"inLanguage\":\"es\"},{\"@type\":\"Organization\",\"@id\":\"https:\\\/\\\/wamclog.com.br\\\/es\\\/#organization\",\"name\":\"WAMC Log\",\"url\":\"https:\\\/\\\/wamclog.com.br\\\/es\\\/\",\"logo\":{\"@type\":\"ImageObject\",\"inLanguage\":\"es\",\"@id\":\"https:\\\/\\\/wamclog.com.br\\\/es\\\/#\\\/schema\\\/logo\\\/image\\\/\",\"url\":\"https:\\\/\\\/wamclog.com.br\\\/wp-content\\\/uploads\\\/2021\\\/10\\\/wamclog-marca.png\",\"contentUrl\":\"https:\\\/\\\/wamclog.com.br\\\/wp-content\\\/uploads\\\/2021\\\/10\\\/wamclog-marca.png\",\"width\":900,\"height\":360,\"caption\":\"WAMC Log\"},\"image\":{\"@id\":\"https:\\\/\\\/wamclog.com.br\\\/es\\\/#\\\/schema\\\/logo\\\/image\\\/\"},\"sameAs\":[\"https:\\\/\\\/www.facebook.com\\\/wamclogistica\\\/\",\"https:\\\/\\\/www.instagram.com\\\/wamclog\\\/\",\"https:\\\/\\\/www.linkedin.com\\\/company\\\/wamc-logistica\\\/\",\"https:\\\/\\\/www.youtube.com\\\/channel\\\/UCtx8k5oVVFe_J4eu9Zj8Cdw\"]}]}<\/script>\n<!-- \/ Yoast SEO plugin. -->","yoast_head_json":{"title":"Incoterms - WAMC Log","robots":{"index":"index","follow":"follow","max-snippet":"max-snippet:-1","max-image-preview":"max-image-preview:large","max-video-preview":"max-video-preview:-1"},"canonical":"https:\/\/wamclog.com.br\/es\/incoterms\/","og_locale":"es_ES","og_type":"article","og_title":"Incoterms - WAMC Log","og_description":"[vc_row][vc_column][\/vc_column][\/vc_row]","og_url":"https:\/\/wamclog.com.br\/es\/incoterms\/","og_site_name":"WAMC Log","article_publisher":"https:\/\/www.facebook.com\/wamclogistica\/","article_modified_time":"2022-07-04T16:11:24+00:00","twitter_card":"summary_large_image","schema":{"@context":"https:\/\/schema.org","@graph":[{"@type":"WebPage","@id":"https:\/\/wamclog.com.br\/es\/incoterms\/","url":"https:\/\/wamclog.com.br\/es\/incoterms\/","name":"Incoterms - WAMC Log","isPartOf":{"@id":"https:\/\/wamclog.com.br\/es\/#website"},"datePublished":"2021-11-25T20:30:15+00:00","dateModified":"2022-07-04T16:11:24+00:00","breadcrumb":{"@id":"https:\/\/wamclog.com.br\/es\/incoterms\/#breadcrumb"},"inLanguage":"es","potentialAction":[{"@type":"ReadAction","target":["https:\/\/wamclog.com.br\/es\/incoterms\/"]}]},{"@type":"BreadcrumbList","@id":"https:\/\/wamclog.com.br\/es\/incoterms\/#breadcrumb","itemListElement":[{"@type":"ListItem","position":1,"name":"In\u00edcio","item":"https:\/\/wamclog.com.br\/es\/"},{"@type":"ListItem","position":2,"name":"Incoterms"}]},{"@type":"WebSite","@id":"https:\/\/wamclog.com.br\/es\/#website","url":"https:\/\/wamclog.com.br\/es\/","name":"WAMC Log","description":"Solu\u00e7\u00f5es customizadas em Com\u00e9rcio Exterior","publisher":{"@id":"https:\/\/wamclog.com.br\/es\/#organization"},"potentialAction":[{"@type":"SearchAction","target":{"@type":"EntryPoint","urlTemplate":"https:\/\/wamclog.com.br\/es\/?s={search_term_string}"},"query-input":{"@type":"PropertyValueSpecification","valueRequired":true,"valueName":"search_term_string"}}],"inLanguage":"es"},{"@type":"Organization","@id":"https:\/\/wamclog.com.br\/es\/#organization","name":"WAMC Log","url":"https:\/\/wamclog.com.br\/es\/","logo":{"@type":"ImageObject","inLanguage":"es","@id":"https:\/\/wamclog.com.br\/es\/#\/schema\/logo\/image\/","url":"https:\/\/wamclog.com.br\/wp-content\/uploads\/2021\/10\/wamclog-marca.png","contentUrl":"https:\/\/wamclog.com.br\/wp-content\/uploads\/2021\/10\/wamclog-marca.png","width":900,"height":360,"caption":"WAMC Log"},"image":{"@id":"https:\/\/wamclog.com.br\/es\/#\/schema\/logo\/image\/"},"sameAs":["https:\/\/www.facebook.com\/wamclogistica\/","https:\/\/www.instagram.com\/wamclog\/","https:\/\/www.linkedin.com\/company\/wamc-logistica\/","https:\/\/www.youtube.com\/channel\/UCtx8k5oVVFe_J4eu9Zj8Cdw"]}]}},"_links":{"self":[{"href":"https:\/\/wamclog.com.br\/es\/wp-json\/wp\/v2\/pages\/2999","targetHints":{"allow":["GET"]}}],"collection":[{"href":"https:\/\/wamclog.com.br\/es\/wp-json\/wp\/v2\/pages"}],"about":[{"href":"https:\/\/wamclog.com.br\/es\/wp-json\/wp\/v2\/types\/page"}],"author":[{"embeddable":true,"href":"https:\/\/wamclog.com.br\/es\/wp-json\/wp\/v2\/users\/1"}],"replies":[{"embeddable":true,"href":"https:\/\/wamclog.com.br\/es\/wp-json\/wp\/v2\/comments?post=2999"}],"version-history":[{"count":0,"href":"https:\/\/wamclog.com.br\/es\/wp-json\/wp\/v2\/pages\/2999\/revisions"}],"wp:attachment":[{"href":"https:\/\/wamclog.com.br\/es\/wp-json\/wp\/v2\/media?parent=2999"}],"curies":[{"name":"wp","href":"https:\/\/api.w.org\/{rel}","templated":true}]}}